{"id":530,"date":"2018-10-01T16:28:49","date_gmt":"2018-10-01T19:28:49","guid":{"rendered":"http:\/\/operanatela.com\/2018\/?page_id=530"},"modified":"2024-11-07T22:47:00","modified_gmt":"2024-11-08T01:47:00","slug":"imprensa","status":"publish","type":"page","link":"https:\/\/operanatela.com\/2024\/imprensa\/","title":{"rendered":"Imprensa"},"content":{"rendered":"<p><b>Em breve<\/b><\/p>\n","protected":false},"excerpt":{"rendered":"<p>Em breve<\/p>\n","protected":false},"author":1,"featured_media":0,"parent":0,"menu_order":2,"comment_status":"closed","ping_status":"closed","template":"page_imprensa.php","meta":{"_acf_changed":false,"footnotes":""},"class_list":["post-530","page","type-page","status-publish","hentry"],"acf":[],"yoast_head":"<!-- This site is optimized with the Yoast SEO plugin v27.3 - https:\/\/yoast.com\/product\/yoast-seo-wordpress\/ -->\n<title>Imprensa - \u00d3pera na tela 2024<\/title>\n<meta name=\"robots\" content=\"index, follow, max-snippet:-1, max-image-preview:large, max-video-preview:-1\" \/>\n<link rel=\"canonical\" href=\"https:\/\/operanatela.com\/2024\/imprensa\/\" \/>\n<meta property=\"og:locale\" content=\"pt_BR\" \/>\n<meta property=\"og:type\" content=\"article\" \/>\n<meta property=\"og:title\" content=\"Imprensa - \u00d3pera na tela 2024\" \/>\n<meta property=\"og:description\" content=\"Em breve\" \/>\n<meta property=\"og:url\" content=\"https:\/\/operanatela.com\/2024\/imprensa\/\" \/>\n<meta property=\"og:site_name\" content=\"\u00d3pera na tela 2024\" \/>\n<meta property=\"article:modified_time\" content=\"2024-11-08T01:47:00+00:00\" \/>\n<meta name=\"twitter:card\" content=\"summary_large_image\" \/>\n<meta name=\"twitter:label1\" content=\"Est. tempo de leitura\" \/>\n\t<meta name=\"twitter:data1\" content=\"1 minuto\" \/>\n<script type=\"application\/ld+json\" class=\"yoast-schema-graph\">{\"@context\":\"https:\\\/\\\/schema.org\",\"@graph\":[{\"@type\":\"WebPage\",\"@id\":\"https:\\\/\\\/operanatela.com\\\/2024\\\/imprensa\\\/\",\"url\":\"https:\\\/\\\/operanatela.com\\\/2024\\\/imprensa\\\/\",\"name\":\"Imprensa - \u00d3pera na tela 2024\",\"isPartOf\":{\"@id\":\"https:\\\/\\\/operanatela.com\\\/2024\\\/#website\"},\"datePublished\":\"2018-10-01T19:28:49+00:00\",\"dateModified\":\"2024-11-08T01:47:00+00:00\",\"breadcrumb\":{\"@id\":\"https:\\\/\\\/operanatela.com\\\/2024\\\/imprensa\\\/#breadcrumb\"},\"inLanguage\":\"pt-BR\",\"potentialAction\":[{\"@type\":\"ReadAction\",\"target\":[\"https:\\\/\\\/operanatela.com\\\/2024\\\/imprensa\\\/\"]}]},{\"@type\":\"BreadcrumbList\",\"@id\":\"https:\\\/\\\/operanatela.com\\\/2024\\\/imprensa\\\/#breadcrumb\",\"itemListElement\":[{\"@type\":\"ListItem\",\"position\":1,\"name\":\"In\u00edcio\",\"item\":\"https:\\\/\\\/operanatela.com\\\/2024\\\/\"},{\"@type\":\"ListItem\",\"position\":2,\"name\":\"Imprensa\"}]},{\"@type\":\"WebSite\",\"@id\":\"https:\\\/\\\/operanatela.com\\\/2024\\\/#website\",\"url\":\"https:\\\/\\\/operanatela.com\\\/2024\\\/\",\"name\":\"\u00d3pera na tela 2024\",\"description\":\"O Festival\u00a0\u00d3pera na Tela 2024 proporciona ao p\u00fablico a experi\u00eancia de assistir \u00e0s montagens mais grandiosas da \u00f3pera em tela gigante, com alta qualidade de som e imagem, cadeiras confort\u00e1veis e pre\u00e7os acess\u00edveis.\",\"potentialAction\":[{\"@type\":\"SearchAction\",\"target\":{\"@type\":\"EntryPoint\",\"urlTemplate\":\"https:\\\/\\\/operanatela.com\\\/2024\\\/?s={search_term_string}\"},\"query-input\":{\"@type\":\"PropertyValueSpecification\",\"valueRequired\":true,\"valueName\":\"search_term_string\"}}],\"inLanguage\":\"pt-BR\"}]}<\/script>\n<!-- \/ Yoast SEO plugin. -->","yoast_head_json":{"title":"Imprensa - \u00d3pera na tela 2024","robots":{"index":"index","follow":"follow","max-snippet":"max-snippet:-1","max-image-preview":"max-image-preview:large","max-video-preview":"max-video-preview:-1"},"canonical":"https:\/\/operanatela.com\/2024\/imprensa\/","og_locale":"pt_BR","og_type":"article","og_title":"Imprensa - \u00d3pera na tela 2024","og_description":"Em breve","og_url":"https:\/\/operanatela.com\/2024\/imprensa\/","og_site_name":"\u00d3pera na tela 2024","article_modified_time":"2024-11-08T01:47:00+00:00","twitter_card":"summary_large_image","twitter_misc":{"Est. tempo de leitura":"1 minuto"},"schema":{"@context":"https:\/\/schema.org","@graph":[{"@type":"WebPage","@id":"https:\/\/operanatela.com\/2024\/imprensa\/","url":"https:\/\/operanatela.com\/2024\/imprensa\/","name":"Imprensa - \u00d3pera na tela 2024","isPartOf":{"@id":"https:\/\/operanatela.com\/2024\/#website"},"datePublished":"2018-10-01T19:28:49+00:00","dateModified":"2024-11-08T01:47:00+00:00","breadcrumb":{"@id":"https:\/\/operanatela.com\/2024\/imprensa\/#breadcrumb"},"inLanguage":"pt-BR","potentialAction":[{"@type":"ReadAction","target":["https:\/\/operanatela.com\/2024\/imprensa\/"]}]},{"@type":"BreadcrumbList","@id":"https:\/\/operanatela.com\/2024\/imprensa\/#breadcrumb","itemListElement":[{"@type":"ListItem","position":1,"name":"In\u00edcio","item":"https:\/\/operanatela.com\/2024\/"},{"@type":"ListItem","position":2,"name":"Imprensa"}]},{"@type":"WebSite","@id":"https:\/\/operanatela.com\/2024\/#website","url":"https:\/\/operanatela.com\/2024\/","name":"\u00d3pera na tela 2024","description":"O Festival\u00a0\u00d3pera na Tela 2024 proporciona ao p\u00fablico a experi\u00eancia de assistir \u00e0s montagens mais grandiosas da \u00f3pera em tela gigante, com alta qualidade de som e imagem, cadeiras confort\u00e1veis e pre\u00e7os acess\u00edveis.","potentialAction":[{"@type":"SearchAction","target":{"@type":"EntryPoint","urlTemplate":"https:\/\/operanatela.com\/2024\/?s={search_term_string}"},"query-input":{"@type":"PropertyValueSpecification","valueRequired":true,"valueName":"search_term_string"}}],"inLanguage":"pt-BR"}]}},"_links":{"self":[{"href":"https:\/\/operanatela.com\/2024\/wp-json\/wp\/v2\/pages\/530","targetHints":{"allow":["GET"]}}],"collection":[{"href":"https:\/\/operanatela.com\/2024\/wp-json\/wp\/v2\/pages"}],"about":[{"href":"https:\/\/operanatela.com\/2024\/wp-json\/wp\/v2\/types\/page"}],"author":[{"embeddable":true,"href":"https:\/\/operanatela.com\/2024\/wp-json\/wp\/v2\/users\/1"}],"replies":[{"embeddable":true,"href":"https:\/\/operanatela.com\/2024\/wp-json\/wp\/v2\/comments?post=530"}],"version-history":[{"count":1,"href":"https:\/\/operanatela.com\/2024\/wp-json\/wp\/v2\/pages\/530\/revisions"}],"predecessor-version":[{"id":4417,"href":"https:\/\/operanatela.com\/2024\/wp-json\/wp\/v2\/pages\/530\/revisions\/4417"}],"wp:attachment":[{"href":"https:\/\/operanatela.com\/2024\/wp-json\/wp\/v2\/media?parent=530"}],"curies":[{"name":"wp","href":"https:\/\/api.w.org\/{rel}","templated":true}]}}