{"id":499,"date":"2018-10-01T12:37:55","date_gmt":"2018-10-01T15:37:55","guid":{"rendered":"http:\/\/operanatela.com\/2018\/?page_id=499"},"modified":"2018-10-01T12:37:55","modified_gmt":"2018-10-01T15:37:55","slug":"galeria-de-fotos","status":"publish","type":"page","link":"https:\/\/operanatela.com\/2024\/o-festival\/galeria-de-fotos\/","title":{"rendered":"Galeria de fotos"},"content":{"rendered":"","protected":false},"excerpt":{"rendered":"","protected":false},"author":1,"featured_media":0,"parent":437,"menu_order":0,"comment_status":"closed","ping_status":"closed","template":"page_galerias.php","meta":{"_acf_changed":false,"footnotes":""},"class_list":["post-499","page","type-page","status-publish","hentry"],"acf":[],"yoast_head":"<!-- This site is optimized with the Yoast SEO plugin v27.3 - https:\/\/yoast.com\/product\/yoast-seo-wordpress\/ -->\n<title>Galeria de fotos - \u00d3pera na tela 2024<\/title>\n<meta name=\"robots\" content=\"index, follow, max-snippet:-1, max-image-preview:large, max-video-preview:-1\" \/>\n<link rel=\"canonical\" href=\"https:\/\/operanatela.com\/2024\/o-festival\/galeria-de-fotos\/\" \/>\n<meta property=\"og:locale\" content=\"pt_BR\" \/>\n<meta property=\"og:type\" content=\"article\" \/>\n<meta property=\"og:title\" content=\"Galeria de fotos - \u00d3pera na tela 2024\" \/>\n<meta property=\"og:url\" content=\"https:\/\/operanatela.com\/2024\/o-festival\/galeria-de-fotos\/\" \/>\n<meta property=\"og:site_name\" content=\"\u00d3pera na tela 2024\" \/>\n<meta name=\"twitter:card\" content=\"summary_large_image\" \/>\n<script type=\"application\/ld+json\" class=\"yoast-schema-graph\">{\"@context\":\"https:\\\/\\\/schema.org\",\"@graph\":[{\"@type\":\"WebPage\",\"@id\":\"https:\\\/\\\/operanatela.com\\\/2024\\\/o-festival\\\/galeria-de-fotos\\\/\",\"url\":\"https:\\\/\\\/operanatela.com\\\/2024\\\/o-festival\\\/galeria-de-fotos\\\/\",\"name\":\"Galeria de fotos - \u00d3pera na tela 2024\",\"isPartOf\":{\"@id\":\"https:\\\/\\\/operanatela.com\\\/2024\\\/#website\"},\"datePublished\":\"2018-10-01T15:37:55+00:00\",\"breadcrumb\":{\"@id\":\"https:\\\/\\\/operanatela.com\\\/2024\\\/o-festival\\\/galeria-de-fotos\\\/#breadcrumb\"},\"inLanguage\":\"pt-BR\",\"potentialAction\":[{\"@type\":\"ReadAction\",\"target\":[\"https:\\\/\\\/operanatela.com\\\/2024\\\/o-festival\\\/galeria-de-fotos\\\/\"]}]},{\"@type\":\"BreadcrumbList\",\"@id\":\"https:\\\/\\\/operanatela.com\\\/2024\\\/o-festival\\\/galeria-de-fotos\\\/#breadcrumb\",\"itemListElement\":[{\"@type\":\"ListItem\",\"position\":1,\"name\":\"In\u00edcio\",\"item\":\"https:\\\/\\\/operanatela.com\\\/2024\\\/\"},{\"@type\":\"ListItem\",\"position\":2,\"name\":\"O Festival\",\"item\":\"https:\\\/\\\/operanatela.com\\\/2024\\\/o-festival\\\/\"},{\"@type\":\"ListItem\",\"position\":3,\"name\":\"Galeria de fotos\"}]},{\"@type\":\"WebSite\",\"@id\":\"https:\\\/\\\/operanatela.com\\\/2024\\\/#website\",\"url\":\"https:\\\/\\\/operanatela.com\\\/2024\\\/\",\"name\":\"\u00d3pera na tela 2024\",\"description\":\"O Festival\u00a0\u00d3pera na Tela 2024 proporciona ao p\u00fablico a experi\u00eancia de assistir \u00e0s montagens mais grandiosas da \u00f3pera em tela gigante, com alta qualidade de som e imagem, cadeiras confort\u00e1veis e pre\u00e7os acess\u00edveis.\",\"potentialAction\":[{\"@type\":\"SearchAction\",\"target\":{\"@type\":\"EntryPoint\",\"urlTemplate\":\"https:\\\/\\\/operanatela.com\\\/2024\\\/?s={search_term_string}\"},\"query-input\":{\"@type\":\"PropertyValueSpecification\",\"valueRequired\":true,\"valueName\":\"search_term_string\"}}],\"inLanguage\":\"pt-BR\"}]}<\/script>\n<!-- \/ Yoast SEO plugin. -->","yoast_head_json":{"title":"Galeria de fotos - \u00d3pera na tela 2024","robots":{"index":"index","follow":"follow","max-snippet":"max-snippet:-1","max-image-preview":"max-image-preview:large","max-video-preview":"max-video-preview:-1"},"canonical":"https:\/\/operanatela.com\/2024\/o-festival\/galeria-de-fotos\/","og_locale":"pt_BR","og_type":"article","og_title":"Galeria de fotos - \u00d3pera na tela 2024","og_url":"https:\/\/operanatela.com\/2024\/o-festival\/galeria-de-fotos\/","og_site_name":"\u00d3pera na tela 2024","twitter_card":"summary_large_image","schema":{"@context":"https:\/\/schema.org","@graph":[{"@type":"WebPage","@id":"https:\/\/operanatela.com\/2024\/o-festival\/galeria-de-fotos\/","url":"https:\/\/operanatela.com\/2024\/o-festival\/galeria-de-fotos\/","name":"Galeria de fotos - \u00d3pera na tela 2024","isPartOf":{"@id":"https:\/\/operanatela.com\/2024\/#website"},"datePublished":"2018-10-01T15:37:55+00:00","breadcrumb":{"@id":"https:\/\/operanatela.com\/2024\/o-festival\/galeria-de-fotos\/#breadcrumb"},"inLanguage":"pt-BR","potentialAction":[{"@type":"ReadAction","target":["https:\/\/operanatela.com\/2024\/o-festival\/galeria-de-fotos\/"]}]},{"@type":"BreadcrumbList","@id":"https:\/\/operanatela.com\/2024\/o-festival\/galeria-de-fotos\/#breadcrumb","itemListElement":[{"@type":"ListItem","position":1,"name":"In\u00edcio","item":"https:\/\/operanatela.com\/2024\/"},{"@type":"ListItem","position":2,"name":"O Festival","item":"https:\/\/operanatela.com\/2024\/o-festival\/"},{"@type":"ListItem","position":3,"name":"Galeria de fotos"}]},{"@type":"WebSite","@id":"https:\/\/operanatela.com\/2024\/#website","url":"https:\/\/operanatela.com\/2024\/","name":"\u00d3pera na tela 2024","description":"O Festival\u00a0\u00d3pera na Tela 2024 proporciona ao p\u00fablico a experi\u00eancia de assistir \u00e0s montagens mais grandiosas da \u00f3pera em tela gigante, com alta qualidade de som e imagem, cadeiras confort\u00e1veis e pre\u00e7os acess\u00edveis.","potentialAction":[{"@type":"SearchAction","target":{"@type":"EntryPoint","urlTemplate":"https:\/\/operanatela.com\/2024\/?s={search_term_string}"},"query-input":{"@type":"PropertyValueSpecification","valueRequired":true,"valueName":"search_term_string"}}],"inLanguage":"pt-BR"}]}},"_links":{"self":[{"href":"https:\/\/operanatela.com\/2024\/wp-json\/wp\/v2\/pages\/499","targetHints":{"allow":["GET"]}}],"collection":[{"href":"https:\/\/operanatela.com\/2024\/wp-json\/wp\/v2\/pages"}],"about":[{"href":"https:\/\/operanatela.com\/2024\/wp-json\/wp\/v2\/types\/page"}],"author":[{"embeddable":true,"href":"https:\/\/operanatela.com\/2024\/wp-json\/wp\/v2\/users\/1"}],"replies":[{"embeddable":true,"href":"https:\/\/operanatela.com\/2024\/wp-json\/wp\/v2\/comments?post=499"}],"version-history":[{"count":0,"href":"https:\/\/operanatela.com\/2024\/wp-json\/wp\/v2\/pages\/499\/revisions"}],"up":[{"embeddable":true,"href":"https:\/\/operanatela.com\/2024\/wp-json\/wp\/v2\/pages\/437"}],"wp:attachment":[{"href":"https:\/\/operanatela.com\/2024\/wp-json\/wp\/v2\/media?parent=499"}],"curies":[{"name":"wp","href":"https:\/\/api.w.org\/{rel}","templated":true}]}}