{"id":450,"date":"2018-09-28T02:04:50","date_gmt":"2018-09-28T05:04:50","guid":{"rendered":"http:\/\/operanatela.com\/2018\/?page_id=450"},"modified":"2024-11-08T21:01:37","modified_gmt":"2024-11-09T00:01:37","slug":"a-equipe","status":"publish","type":"page","link":"https:\/\/operanatela.com\/2024\/o-festival\/a-equipe\/","title":{"rendered":"A Equipe"},"content":{"rendered":"<p>Realiza\u00e7\u00e3o e produ\u00e7\u00e3o<br \/>\nBONFILM<\/p>\n<p>Dire\u00e7\u00e3o geral e curadoria<br \/>\nEmmanuelle e Christian Boudier<\/p>\n<p>Coordena\u00e7\u00e3o de produ\u00e7\u00e3o<br \/>\nGabriela Carvalho<\/p>\n<p>Gerenciamento de projeto e Coordena\u00e7\u00e3o administrativa<br \/>\nJuliana Mattar<\/p>\n<p>Coordena\u00e7\u00e3o de comunica\u00e7\u00e3o e parcerias<br \/>\nEmmanuelle Boudier<\/p>\n<p>Coordena\u00e7\u00e3o do material e assistente de comunica\u00e7\u00e3o<br \/>\nLouise Andant<\/p>\n<p>Coordena\u00e7\u00e3o administrativa<br \/>\nLuzimar Valentim<\/p>\n<p>Coordena\u00e7\u00e3o das a\u00e7\u00f5es educativas<br \/>\nLuana Farias<\/p>\n<p>Coordena\u00e7\u00e3o dos convidados e da bilheteria<br \/>\nAna Flavia Alves<\/p>\n<p>Produ\u00e7\u00e3o<br \/>\nAlex Alliat<br \/>\nDeko Melo<br \/>\nDuda Queiroz<br \/>\nEliz Ferreira \/ Atti Comunica\u00e7\u00e3o<br \/>\nEric Nunes<br \/>\nJo\u00e3o Pedro Santos<br \/>\nVal\u00e9ria Blanco \/ Atti Comunica\u00e7\u00e3o<\/p>\n<p>Assistente de gerenciamento<br \/>\nLuana Fraga<\/p>\n<p>Masterclass<br \/>\nEleonora Pacetti<br \/>\nMurilo Emerenciano<br \/>\nRamon Theobald<\/p>\n<p>Conselheiro educativo e palestrante<br \/>\nRodolfo Valverde<\/p>\n<p>Coordena\u00e7\u00e3o de redes sociais<br \/>\nGustavo Rispoli<br \/>\nCom apoio de Julia Paix\u00e3o<\/p>\n<p>Coordena\u00e7\u00e3o t\u00e9cnica e legendagem<br \/>\nETC Filmes \u2013 Fabriccio d\u2019Annunciato, Juliana Xavier, Mauricio Ales<\/p>\n<p>Programa\u00e7\u00e3o visual e design \u00a0gr\u00e1fico<br \/>\nNathalia Younes<\/p>\n<p>Website<br \/>\nNew Gosling \u2013 Fabiana Lizak e Bruno Gosling<\/p>\n<p>Videografismo<br \/>\nDaniel Lopes<\/p>\n<p>Assessoria de imprensa<br \/>\nPedro Neves<br \/>\nLeila Grimming<\/p>\n<p>Tradu\u00e7\u00e3o<br \/>\nClaudio Figueiredo<\/p>\n<p>Produ\u00e7\u00e3o gr\u00e1fica<br \/>\nGrupo Alest \u2013 Estev\u00e3o Claros<\/p>\n","protected":false},"excerpt":{"rendered":"<p>Realiza\u00e7\u00e3o e produ\u00e7\u00e3o BONFILM Dire\u00e7\u00e3o geral e curadoria Emmanuelle e Christian Boudier Coordena\u00e7\u00e3o de produ\u00e7\u00e3o Gabriela Carvalho Gerenciamento de projeto e Coordena\u00e7\u00e3o administrativa Juliana Mattar Coordena\u00e7\u00e3o de comunica\u00e7\u00e3o e parcerias Emmanuelle Boudier Coordena\u00e7\u00e3o do material e assistente de comunica\u00e7\u00e3o Louise Andant Coordena\u00e7\u00e3o administrativa Luzimar Valentim Coordena\u00e7\u00e3o das a\u00e7\u00f5es educativas Luana Farias Coordena\u00e7\u00e3o dos convidados e &hellip;<\/p>\n","protected":false},"author":1,"featured_media":0,"parent":437,"menu_order":0,"comment_status":"closed","ping_status":"closed","template":"","meta":{"_acf_changed":false,"footnotes":""},"class_list":["post-450","page","type-page","status-publish","hentry"],"acf":[],"yoast_head":"<!-- This site is optimized with the Yoast SEO plugin v27.3 - https:\/\/yoast.com\/product\/yoast-seo-wordpress\/ -->\n<title>A Equipe - \u00d3pera na tela 2024<\/title>\n<meta name=\"robots\" content=\"index, follow, max-snippet:-1, max-image-preview:large, max-video-preview:-1\" \/>\n<link rel=\"canonical\" href=\"https:\/\/operanatela.com\/2024\/o-festival\/a-equipe\/\" \/>\n<meta property=\"og:locale\" content=\"pt_BR\" \/>\n<meta property=\"og:type\" content=\"article\" \/>\n<meta property=\"og:title\" content=\"A Equipe - \u00d3pera na tela 2024\" \/>\n<meta property=\"og:description\" content=\"Realiza\u00e7\u00e3o e produ\u00e7\u00e3o BONFILM Dire\u00e7\u00e3o geral e curadoria Emmanuelle e Christian Boudier Coordena\u00e7\u00e3o de produ\u00e7\u00e3o Gabriela Carvalho Gerenciamento de projeto e Coordena\u00e7\u00e3o administrativa Juliana Mattar Coordena\u00e7\u00e3o de comunica\u00e7\u00e3o e parcerias Emmanuelle Boudier Coordena\u00e7\u00e3o do material e assistente de comunica\u00e7\u00e3o Louise Andant Coordena\u00e7\u00e3o administrativa Luzimar Valentim Coordena\u00e7\u00e3o das a\u00e7\u00f5es educativas Luana Farias Coordena\u00e7\u00e3o dos convidados e &hellip;\" \/>\n<meta property=\"og:url\" content=\"https:\/\/operanatela.com\/2024\/o-festival\/a-equipe\/\" \/>\n<meta property=\"og:site_name\" content=\"\u00d3pera na tela 2024\" \/>\n<meta property=\"article:modified_time\" content=\"2024-11-09T00:01:37+00:00\" \/>\n<meta name=\"twitter:card\" content=\"summary_large_image\" \/>\n<meta name=\"twitter:label1\" content=\"Est. tempo de leitura\" \/>\n\t<meta name=\"twitter:data1\" content=\"1 minuto\" \/>\n<script type=\"application\/ld+json\" class=\"yoast-schema-graph\">{\"@context\":\"https:\\\/\\\/schema.org\",\"@graph\":[{\"@type\":\"WebPage\",\"@id\":\"https:\\\/\\\/operanatela.com\\\/2024\\\/o-festival\\\/a-equipe\\\/\",\"url\":\"https:\\\/\\\/operanatela.com\\\/2024\\\/o-festival\\\/a-equipe\\\/\",\"name\":\"A Equipe - \u00d3pera na tela 2024\",\"isPartOf\":{\"@id\":\"https:\\\/\\\/operanatela.com\\\/2024\\\/#website\"},\"datePublished\":\"2018-09-28T05:04:50+00:00\",\"dateModified\":\"2024-11-09T00:01:37+00:00\",\"breadcrumb\":{\"@id\":\"https:\\\/\\\/operanatela.com\\\/2024\\\/o-festival\\\/a-equipe\\\/#breadcrumb\"},\"inLanguage\":\"pt-BR\",\"potentialAction\":[{\"@type\":\"ReadAction\",\"target\":[\"https:\\\/\\\/operanatela.com\\\/2024\\\/o-festival\\\/a-equipe\\\/\"]}]},{\"@type\":\"BreadcrumbList\",\"@id\":\"https:\\\/\\\/operanatela.com\\\/2024\\\/o-festival\\\/a-equipe\\\/#breadcrumb\",\"itemListElement\":[{\"@type\":\"ListItem\",\"position\":1,\"name\":\"In\u00edcio\",\"item\":\"https:\\\/\\\/operanatela.com\\\/2024\\\/\"},{\"@type\":\"ListItem\",\"position\":2,\"name\":\"O Festival\",\"item\":\"https:\\\/\\\/operanatela.com\\\/2024\\\/o-festival\\\/\"},{\"@type\":\"ListItem\",\"position\":3,\"name\":\"A Equipe\"}]},{\"@type\":\"WebSite\",\"@id\":\"https:\\\/\\\/operanatela.com\\\/2024\\\/#website\",\"url\":\"https:\\\/\\\/operanatela.com\\\/2024\\\/\",\"name\":\"\u00d3pera na tela 2024\",\"description\":\"O Festival\u00a0\u00d3pera na Tela 2024 proporciona ao p\u00fablico a experi\u00eancia de assistir \u00e0s montagens mais grandiosas da \u00f3pera em tela gigante, com alta qualidade de som e imagem, cadeiras confort\u00e1veis e pre\u00e7os acess\u00edveis.\",\"potentialAction\":[{\"@type\":\"SearchAction\",\"target\":{\"@type\":\"EntryPoint\",\"urlTemplate\":\"https:\\\/\\\/operanatela.com\\\/2024\\\/?s={search_term_string}\"},\"query-input\":{\"@type\":\"PropertyValueSpecification\",\"valueRequired\":true,\"valueName\":\"search_term_string\"}}],\"inLanguage\":\"pt-BR\"}]}<\/script>\n<!-- \/ Yoast SEO plugin. -->","yoast_head_json":{"title":"A Equipe - \u00d3pera na tela 2024","robots":{"index":"index","follow":"follow","max-snippet":"max-snippet:-1","max-image-preview":"max-image-preview:large","max-video-preview":"max-video-preview:-1"},"canonical":"https:\/\/operanatela.com\/2024\/o-festival\/a-equipe\/","og_locale":"pt_BR","og_type":"article","og_title":"A Equipe - \u00d3pera na tela 2024","og_description":"Realiza\u00e7\u00e3o e produ\u00e7\u00e3o BONFILM Dire\u00e7\u00e3o geral e curadoria Emmanuelle e Christian Boudier Coordena\u00e7\u00e3o de produ\u00e7\u00e3o Gabriela Carvalho Gerenciamento de projeto e Coordena\u00e7\u00e3o administrativa Juliana Mattar Coordena\u00e7\u00e3o de comunica\u00e7\u00e3o e parcerias Emmanuelle Boudier Coordena\u00e7\u00e3o do material e assistente de comunica\u00e7\u00e3o Louise Andant Coordena\u00e7\u00e3o administrativa Luzimar Valentim Coordena\u00e7\u00e3o das a\u00e7\u00f5es educativas Luana Farias Coordena\u00e7\u00e3o dos convidados e &hellip;","og_url":"https:\/\/operanatela.com\/2024\/o-festival\/a-equipe\/","og_site_name":"\u00d3pera na tela 2024","article_modified_time":"2024-11-09T00:01:37+00:00","twitter_card":"summary_large_image","twitter_misc":{"Est. tempo de leitura":"1 minuto"},"schema":{"@context":"https:\/\/schema.org","@graph":[{"@type":"WebPage","@id":"https:\/\/operanatela.com\/2024\/o-festival\/a-equipe\/","url":"https:\/\/operanatela.com\/2024\/o-festival\/a-equipe\/","name":"A Equipe - \u00d3pera na tela 2024","isPartOf":{"@id":"https:\/\/operanatela.com\/2024\/#website"},"datePublished":"2018-09-28T05:04:50+00:00","dateModified":"2024-11-09T00:01:37+00:00","breadcrumb":{"@id":"https:\/\/operanatela.com\/2024\/o-festival\/a-equipe\/#breadcrumb"},"inLanguage":"pt-BR","potentialAction":[{"@type":"ReadAction","target":["https:\/\/operanatela.com\/2024\/o-festival\/a-equipe\/"]}]},{"@type":"BreadcrumbList","@id":"https:\/\/operanatela.com\/2024\/o-festival\/a-equipe\/#breadcrumb","itemListElement":[{"@type":"ListItem","position":1,"name":"In\u00edcio","item":"https:\/\/operanatela.com\/2024\/"},{"@type":"ListItem","position":2,"name":"O Festival","item":"https:\/\/operanatela.com\/2024\/o-festival\/"},{"@type":"ListItem","position":3,"name":"A Equipe"}]},{"@type":"WebSite","@id":"https:\/\/operanatela.com\/2024\/#website","url":"https:\/\/operanatela.com\/2024\/","name":"\u00d3pera na tela 2024","description":"O Festival\u00a0\u00d3pera na Tela 2024 proporciona ao p\u00fablico a experi\u00eancia de assistir \u00e0s montagens mais grandiosas da \u00f3pera em tela gigante, com alta qualidade de som e imagem, cadeiras confort\u00e1veis e pre\u00e7os acess\u00edveis.","potentialAction":[{"@type":"SearchAction","target":{"@type":"EntryPoint","urlTemplate":"https:\/\/operanatela.com\/2024\/?s={search_term_string}"},"query-input":{"@type":"PropertyValueSpecification","valueRequired":true,"valueName":"search_term_string"}}],"inLanguage":"pt-BR"}]}},"_links":{"self":[{"href":"https:\/\/operanatela.com\/2024\/wp-json\/wp\/v2\/pages\/450","targetHints":{"allow":["GET"]}}],"collection":[{"href":"https:\/\/operanatela.com\/2024\/wp-json\/wp\/v2\/pages"}],"about":[{"href":"https:\/\/operanatela.com\/2024\/wp-json\/wp\/v2\/types\/page"}],"author":[{"embeddable":true,"href":"https:\/\/operanatela.com\/2024\/wp-json\/wp\/v2\/users\/1"}],"replies":[{"embeddable":true,"href":"https:\/\/operanatela.com\/2024\/wp-json\/wp\/v2\/comments?post=450"}],"version-history":[{"count":3,"href":"https:\/\/operanatela.com\/2024\/wp-json\/wp\/v2\/pages\/450\/revisions"}],"predecessor-version":[{"id":4437,"href":"https:\/\/operanatela.com\/2024\/wp-json\/wp\/v2\/pages\/450\/revisions\/4437"}],"up":[{"embeddable":true,"href":"https:\/\/operanatela.com\/2024\/wp-json\/wp\/v2\/pages\/437"}],"wp:attachment":[{"href":"https:\/\/operanatela.com\/2024\/wp-json\/wp\/v2\/media?parent=450"}],"curies":[{"name":"wp","href":"https:\/\/api.w.org\/{rel}","templated":true}]}}