{"id":4486,"date":"2024-11-12T11:10:56","date_gmt":"2024-11-12T14:10:56","guid":{"rendered":"https:\/\/operanatela.com\/2024\/?page_id=4486"},"modified":"2024-11-29T10:09:29","modified_gmt":"2024-11-29T13:09:29","slug":"ccbb-rj","status":"publish","type":"page","link":"https:\/\/operanatela.com\/2024\/ccbb-rj\/","title":{"rendered":"CCBB &#8211; RJ"},"content":{"rendered":"<p><span style=\"font-size: 14pt;\"><strong>De 4 a 13 de dezembro.<\/strong><\/span><\/p>\n<p>Pre\u00e7o do ingresso: R$ 10 inteira &#8211; R$ 5 meia<\/p>\n<p>&nbsp;<\/p>\n<p>PROGRAMA\u00c7\u00c3O:<\/p>\n<hr \/>\n<p>Quarta-feira, 04 de Dezembro<br \/>\n16:00\u00a0<a href=\"https:\/\/operanatela.com\/2024\/noticias\/palestras-com-rodolfo-valverde\/\" target=\"_blank\" rel=\"noopener\"> <strong>PALESTRA RODOLFO VALVERDE<\/strong><\/a><br \/>\n18:00 <a href=\"https:\/\/operanatela.com\/2024\/filmes\/la-rondine\/\" target=\"_blank\" rel=\"noopener\"><strong>LA RONDINE<\/strong><\/a><\/p>\n<p>Quinta-feira, 05 de Dezembro<br \/>\n16:00\u00a0<a href=\"https:\/\/operanatela.com\/2024\/noticias\/palestras-com-rodolfo-valverde\/\" target=\"_blank\" rel=\"noopener\"> <strong>PALESTRA RODOLFO VALVERDE<\/strong><\/a><br \/>\n18:00 <a href=\"https:\/\/operanatela.com\/2024\/filmes\/la-boheme\/\" target=\"_blank\" rel=\"noopener\"><strong>LA BOHEME<\/strong><\/a><\/p>\n<p>Sexta-feira, 06 de Dezembro<br \/>\n<strong>14:00 IL TRITTICO<\/strong><br \/>\n17:30 <a href=\"https:\/\/operanatela.com\/2024\/filmes\/turandot\/\" target=\"_blank\" rel=\"noopener\"><strong>TURANDOT<\/strong><\/a><\/p>\n<p>S\u00e1bado, 07 de Dezembro<br \/>\n15:00 <strong>MADAME BUTTERFLY<br \/>\n17:30 <a href=\"https:\/\/operanatela.com\/2024\/filmes\/tosca\/\" target=\"_blank\" rel=\"noopener\">TOSCA<\/a><\/strong><\/p>\n<p>Domingo, 08 de Dezembro<br \/>\n15:00 <strong>ROMEO ET JULIETTE<\/strong><br \/>\n18:00\u00a0 <a href=\"https:\/\/operanatela.com\/2024\/filmes\/don-quixote\/\" target=\"_blank\" rel=\"noopener\"><strong>DOM QUIXOTE<\/strong><\/a><\/p>\n<p>Segunda-feira, 09 de Dezembro<br \/>\n14:00 <strong>CARMEN<br \/>\n18:00 <a href=\"https:\/\/operanatela.com\/2024\/filmes\/lakme\/\" target=\"_blank\" rel=\"noopener\">LAKM\u00c9<\/a><\/strong><\/p>\n<p>Quarta-feira, 11 de Dezembro<br \/>\n14:00 <strong>LA VIE PARISIENNE<\/strong><br \/>\n18:00 <a href=\"https:\/\/operanatela.com\/2024\/filmes\/la-perichole\/\" target=\"_blank\" rel=\"noopener\"><strong>LA PERICHOLE<\/strong><\/a><\/p>\n<p>Quinta-feira, 12 de Dezembro<br \/>\n15:00 <a href=\"https:\/\/operanatela.com\/2024\/filmes\/os-pescadores-de-perolas\/\" target=\"_blank\" rel=\"noopener\"><strong>OS PESCADORES DE P\u00c9ROLAS<\/strong><\/a><br \/>\n17:30 <strong>RIGOLETTO<\/strong><\/p>\n<p>Sexta-feira, 13 de Dezembro<br \/>\n14:30 <a href=\"https:\/\/operanatela.com\/2024\/filmes\/macbeth\/\" target=\"_blank\" rel=\"noopener\"><strong>MACBETH<\/strong><\/a><br \/>\n17:30 <a href=\"https:\/\/operanatela.com\/2024\/filmes\/la-gioconda\/\" target=\"_blank\" rel=\"noopener\"><strong>LA GIOCONDA<\/strong><\/a><\/p>\n<p>&nbsp;<\/p>\n","protected":false},"excerpt":{"rendered":"<p>De 4 a 13 de dezembro. Pre\u00e7o do ingresso: R$ 10 inteira &#8211; R$ 5 meia &nbsp; PROGRAMA\u00c7\u00c3O: Quarta-feira, 04 de Dezembro 16:00\u00a0 PALESTRA RODOLFO VALVERDE 18:00 LA RONDINE Quinta-feira, 05 de Dezembro 16:00\u00a0 PALESTRA RODOLFO VALVERDE 18:00 LA BOHEME Sexta-feira, 06 de Dezembro 14:00 IL TRITTICO 17:30 TURANDOT S\u00e1bado, 07 de Dezembro 15:00 MADAME &hellip;<\/p>\n","protected":false},"author":1,"featured_media":0,"parent":0,"menu_order":0,"comment_status":"closed","ping_status":"closed","template":"","meta":{"_acf_changed":false,"footnotes":""},"class_list":["post-4486","page","type-page","status-publish","hentry"],"acf":[],"yoast_head":"<!-- This site is optimized with the Yoast SEO plugin v27.3 - https:\/\/yoast.com\/product\/yoast-seo-wordpress\/ -->\n<title>CCBB - RJ - \u00d3pera na tela 2024<\/title>\n<meta name=\"robots\" content=\"index, follow, max-snippet:-1, max-image-preview:large, max-video-preview:-1\" \/>\n<link rel=\"canonical\" href=\"https:\/\/operanatela.com\/2024\/ccbb-rj\/\" \/>\n<meta property=\"og:locale\" content=\"pt_BR\" \/>\n<meta property=\"og:type\" content=\"article\" \/>\n<meta property=\"og:title\" content=\"CCBB - RJ - \u00d3pera na tela 2024\" \/>\n<meta property=\"og:description\" content=\"De 4 a 13 de dezembro. Pre\u00e7o do ingresso: R$ 10 inteira &#8211; R$ 5 meia &nbsp; PROGRAMA\u00c7\u00c3O: Quarta-feira, 04 de Dezembro 16:00\u00a0 PALESTRA RODOLFO VALVERDE 18:00 LA RONDINE Quinta-feira, 05 de Dezembro 16:00\u00a0 PALESTRA RODOLFO VALVERDE 18:00 LA BOHEME Sexta-feira, 06 de Dezembro 14:00 IL TRITTICO 17:30 TURANDOT S\u00e1bado, 07 de Dezembro 15:00 MADAME &hellip;\" \/>\n<meta property=\"og:url\" content=\"https:\/\/operanatela.com\/2024\/ccbb-rj\/\" \/>\n<meta property=\"og:site_name\" content=\"\u00d3pera na tela 2024\" \/>\n<meta property=\"article:modified_time\" content=\"2024-11-29T13:09:29+00:00\" \/>\n<meta name=\"twitter:card\" content=\"summary_large_image\" \/>\n<meta name=\"twitter:label1\" content=\"Est. tempo de leitura\" \/>\n\t<meta name=\"twitter:data1\" content=\"1 minuto\" \/>\n<script type=\"application\/ld+json\" class=\"yoast-schema-graph\">{\"@context\":\"https:\\\/\\\/schema.org\",\"@graph\":[{\"@type\":\"WebPage\",\"@id\":\"https:\\\/\\\/operanatela.com\\\/2024\\\/ccbb-rj\\\/\",\"url\":\"https:\\\/\\\/operanatela.com\\\/2024\\\/ccbb-rj\\\/\",\"name\":\"CCBB - RJ - \u00d3pera na tela 2024\",\"isPartOf\":{\"@id\":\"https:\\\/\\\/operanatela.com\\\/2024\\\/#website\"},\"datePublished\":\"2024-11-12T14:10:56+00:00\",\"dateModified\":\"2024-11-29T13:09:29+00:00\",\"breadcrumb\":{\"@id\":\"https:\\\/\\\/operanatela.com\\\/2024\\\/ccbb-rj\\\/#breadcrumb\"},\"inLanguage\":\"pt-BR\",\"potentialAction\":[{\"@type\":\"ReadAction\",\"target\":[\"https:\\\/\\\/operanatela.com\\\/2024\\\/ccbb-rj\\\/\"]}]},{\"@type\":\"BreadcrumbList\",\"@id\":\"https:\\\/\\\/operanatela.com\\\/2024\\\/ccbb-rj\\\/#breadcrumb\",\"itemListElement\":[{\"@type\":\"ListItem\",\"position\":1,\"name\":\"In\u00edcio\",\"item\":\"https:\\\/\\\/operanatela.com\\\/2024\\\/\"},{\"@type\":\"ListItem\",\"position\":2,\"name\":\"CCBB &#8211; RJ\"}]},{\"@type\":\"WebSite\",\"@id\":\"https:\\\/\\\/operanatela.com\\\/2024\\\/#website\",\"url\":\"https:\\\/\\\/operanatela.com\\\/2024\\\/\",\"name\":\"\u00d3pera na tela 2024\",\"description\":\"O Festival\u00a0\u00d3pera na Tela 2024 proporciona ao p\u00fablico a experi\u00eancia de assistir \u00e0s montagens mais grandiosas da \u00f3pera em tela gigante, com alta qualidade de som e imagem, cadeiras confort\u00e1veis e pre\u00e7os acess\u00edveis.\",\"potentialAction\":[{\"@type\":\"SearchAction\",\"target\":{\"@type\":\"EntryPoint\",\"urlTemplate\":\"https:\\\/\\\/operanatela.com\\\/2024\\\/?s={search_term_string}\"},\"query-input\":{\"@type\":\"PropertyValueSpecification\",\"valueRequired\":true,\"valueName\":\"search_term_string\"}}],\"inLanguage\":\"pt-BR\"}]}<\/script>\n<!-- \/ Yoast SEO plugin. -->","yoast_head_json":{"title":"CCBB - RJ - \u00d3pera na tela 2024","robots":{"index":"index","follow":"follow","max-snippet":"max-snippet:-1","max-image-preview":"max-image-preview:large","max-video-preview":"max-video-preview:-1"},"canonical":"https:\/\/operanatela.com\/2024\/ccbb-rj\/","og_locale":"pt_BR","og_type":"article","og_title":"CCBB - RJ - \u00d3pera na tela 2024","og_description":"De 4 a 13 de dezembro. Pre\u00e7o do ingresso: R$ 10 inteira &#8211; R$ 5 meia &nbsp; PROGRAMA\u00c7\u00c3O: Quarta-feira, 04 de Dezembro 16:00\u00a0 PALESTRA RODOLFO VALVERDE 18:00 LA RONDINE Quinta-feira, 05 de Dezembro 16:00\u00a0 PALESTRA RODOLFO VALVERDE 18:00 LA BOHEME Sexta-feira, 06 de Dezembro 14:00 IL TRITTICO 17:30 TURANDOT S\u00e1bado, 07 de Dezembro 15:00 MADAME &hellip;","og_url":"https:\/\/operanatela.com\/2024\/ccbb-rj\/","og_site_name":"\u00d3pera na tela 2024","article_modified_time":"2024-11-29T13:09:29+00:00","twitter_card":"summary_large_image","twitter_misc":{"Est. tempo de leitura":"1 minuto"},"schema":{"@context":"https:\/\/schema.org","@graph":[{"@type":"WebPage","@id":"https:\/\/operanatela.com\/2024\/ccbb-rj\/","url":"https:\/\/operanatela.com\/2024\/ccbb-rj\/","name":"CCBB - RJ - \u00d3pera na tela 2024","isPartOf":{"@id":"https:\/\/operanatela.com\/2024\/#website"},"datePublished":"2024-11-12T14:10:56+00:00","dateModified":"2024-11-29T13:09:29+00:00","breadcrumb":{"@id":"https:\/\/operanatela.com\/2024\/ccbb-rj\/#breadcrumb"},"inLanguage":"pt-BR","potentialAction":[{"@type":"ReadAction","target":["https:\/\/operanatela.com\/2024\/ccbb-rj\/"]}]},{"@type":"BreadcrumbList","@id":"https:\/\/operanatela.com\/2024\/ccbb-rj\/#breadcrumb","itemListElement":[{"@type":"ListItem","position":1,"name":"In\u00edcio","item":"https:\/\/operanatela.com\/2024\/"},{"@type":"ListItem","position":2,"name":"CCBB &#8211; RJ"}]},{"@type":"WebSite","@id":"https:\/\/operanatela.com\/2024\/#website","url":"https:\/\/operanatela.com\/2024\/","name":"\u00d3pera na tela 2024","description":"O Festival\u00a0\u00d3pera na Tela 2024 proporciona ao p\u00fablico a experi\u00eancia de assistir \u00e0s montagens mais grandiosas da \u00f3pera em tela gigante, com alta qualidade de som e imagem, cadeiras confort\u00e1veis e pre\u00e7os acess\u00edveis.","potentialAction":[{"@type":"SearchAction","target":{"@type":"EntryPoint","urlTemplate":"https:\/\/operanatela.com\/2024\/?s={search_term_string}"},"query-input":{"@type":"PropertyValueSpecification","valueRequired":true,"valueName":"search_term_string"}}],"inLanguage":"pt-BR"}]}},"_links":{"self":[{"href":"https:\/\/operanatela.com\/2024\/wp-json\/wp\/v2\/pages\/4486","targetHints":{"allow":["GET"]}}],"collection":[{"href":"https:\/\/operanatela.com\/2024\/wp-json\/wp\/v2\/pages"}],"about":[{"href":"https:\/\/operanatela.com\/2024\/wp-json\/wp\/v2\/types\/page"}],"author":[{"embeddable":true,"href":"https:\/\/operanatela.com\/2024\/wp-json\/wp\/v2\/users\/1"}],"replies":[{"embeddable":true,"href":"https:\/\/operanatela.com\/2024\/wp-json\/wp\/v2\/comments?post=4486"}],"version-history":[{"count":10,"href":"https:\/\/operanatela.com\/2024\/wp-json\/wp\/v2\/pages\/4486\/revisions"}],"predecessor-version":[{"id":4720,"href":"https:\/\/operanatela.com\/2024\/wp-json\/wp\/v2\/pages\/4486\/revisions\/4720"}],"wp:attachment":[{"href":"https:\/\/operanatela.com\/2024\/wp-json\/wp\/v2\/media?parent=4486"}],"curies":[{"name":"wp","href":"https:\/\/api.w.org\/{rel}","templated":true}]}}