{"id":4479,"date":"2024-11-12T11:04:39","date_gmt":"2024-11-12T14:04:39","guid":{"rendered":"https:\/\/operanatela.com\/2024\/?page_id=4479"},"modified":"2024-12-11T12:29:38","modified_gmt":"2024-12-11T15:29:38","slug":"cine-marquise-sp","status":"publish","type":"page","link":"https:\/\/operanatela.com\/2024\/cine-marquise-sp\/","title":{"rendered":"Cine Marquise &#8211; SP"},"content":{"rendered":"<p><span style=\"font-size: 18pt;\"><strong>Sess\u00f5es gratuitas<\/strong><\/span><\/p>\n<p>&nbsp;<\/p>\n<p>PROGRAMA\u00c7\u00c3O:<\/p>\n<hr \/>\n<h3>Semana de homenagem a PUCCINI:<\/h3>\n<p>Ter\u00e7a-feira, 03 de Dezembro<br \/>\n18:30 <a href=\"https:\/\/operanatela.com\/2024\/filmes\/la-rondine\/\" target=\"_blank\" rel=\"noopener\"><strong>LA RONDINE<\/strong><\/a><\/p>\n<p>Quarta-feira, 04 de Dezembro<br \/>\n18:30 <a href=\"https:\/\/operanatela.com\/2024\/filmes\/la-boheme\/\" target=\"_blank\" rel=\"noopener\"><strong>LA BOHEME<\/strong><\/a><\/p>\n<p>Quinta-feira, 05 de Dezembro<br \/>\n17:30 <strong>IL TRITTICO<\/strong><\/p>\n<p>Sexta-feira, 06 de Dezembro<br \/>\n18:10 <a href=\"https:\/\/operanatela.com\/2024\/filmes\/turandot\/\" target=\"_blank\" rel=\"noopener\"><strong>TURANDOT<\/strong><\/a><\/p>\n<p>S\u00e1bado, 07 de Dezembro<br \/>\n11:00 <a href=\"https:\/\/operanatela.com\/2024\/filmes\/tosca\/\" target=\"_blank\" rel=\"noopener\"><strong>TOSCA<\/strong><\/a><\/p>\n<p>Domingo, 08 de Dezembro<br \/>\n11:30 <strong>MADAME BUTTERFLY<\/strong><\/p>\n<hr \/>\n<h3>Semana da \u00f3pera a francesa:<\/h3>\n<p>Ter\u00e7a-feira, 10 de Dezembro<br \/>\n18:10 <a href=\"https:\/\/operanatela.com\/2024\/filmes\/lakme\/\" target=\"_blank\" rel=\"noopener\"><strong>LAKM\u00c9<\/strong><\/a><\/p>\n<p>Quarta-feira, 11 de Dezembro<br \/>\n18:15 <a href=\"https:\/\/operanatela.com\/2024\/filmes\/os-pescadores-de-perolas\/\" target=\"_blank\" rel=\"noopener\"><strong>OS PESCADORES DE P\u00c9ROLAS<\/strong><\/a><\/p>\n<p>Quinta-feira, 12 de Dezembro<br \/>\n17:45 <strong>CARMEN<\/strong><\/p>\n<p>Sexta-feira, 13 de Dezembro<br \/>\n18:30 <a href=\"https:\/\/operanatela.com\/2024\/filmes\/la-perichole\/\" target=\"_blank\" rel=\"noopener\"><strong>LA P\u00c9RICHOLE<\/strong><\/a><\/p>\n<p>S\u00e1bado, 14 de Dezembro<br \/>\n11:00 <a href=\"https:\/\/operanatela.com\/2024\/filmes\/don-quixote\/\" target=\"_blank\" rel=\"noopener\"><strong>DOM QUIXOTE<\/strong><\/a><\/p>\n<p>Domingo, 15 de Dezembro<br \/>\n11:15 <strong>ROMEO ET JULIETTE<\/strong><\/p>\n<hr \/>\n<h3>Viva Italia!<\/h3>\n<p>Quarta-feira, 18 de Dezembro<br \/>\n17:40 <a href=\"https:\/\/operanatela.com\/2024\/filmes\/la-gioconda\/\" target=\"_blank\" rel=\"noopener\"><strong>LA GIOCONDA<\/strong><\/a><\/p>\n<p>Quinta-feira, 19 de Dezembro<br \/>\n18:15 <a href=\"https:\/\/operanatela.com\/2024\/filmes\/macbeth\/\" target=\"_blank\" rel=\"noopener\"><strong>MACBETH<\/strong><\/a><\/p>\n<p>Sexta-feira, 20 de Dezembro<br \/>\n18:15 <strong>RIGOLETTO<\/strong><\/p>\n","protected":false},"excerpt":{"rendered":"<p>Sess\u00f5es gratuitas &nbsp; PROGRAMA\u00c7\u00c3O: Semana de homenagem a PUCCINI: Ter\u00e7a-feira, 03 de Dezembro 18:30 LA RONDINE Quarta-feira, 04 de Dezembro 18:30 LA BOHEME Quinta-feira, 05 de Dezembro 17:30 IL TRITTICO Sexta-feira, 06 de Dezembro 18:10 TURANDOT S\u00e1bado, 07 de Dezembro 11:00 TOSCA Domingo, 08 de Dezembro 11:30 MADAME BUTTERFLY Semana da \u00f3pera a francesa: Ter\u00e7a-feira, &hellip;<\/p>\n","protected":false},"author":1,"featured_media":0,"parent":0,"menu_order":0,"comment_status":"closed","ping_status":"closed","template":"","meta":{"_acf_changed":false,"footnotes":""},"class_list":["post-4479","page","type-page","status-publish","hentry"],"acf":[],"yoast_head":"<!-- This site is optimized with the Yoast SEO plugin v27.3 - https:\/\/yoast.com\/product\/yoast-seo-wordpress\/ -->\n<title>Cine Marquise - SP - \u00d3pera na tela 2024<\/title>\n<meta name=\"robots\" content=\"index, follow, max-snippet:-1, max-image-preview:large, max-video-preview:-1\" \/>\n<link rel=\"canonical\" href=\"https:\/\/operanatela.com\/2024\/cine-marquise-sp\/\" \/>\n<meta property=\"og:locale\" content=\"pt_BR\" \/>\n<meta property=\"og:type\" content=\"article\" \/>\n<meta property=\"og:title\" content=\"Cine Marquise - SP - \u00d3pera na tela 2024\" \/>\n<meta property=\"og:description\" content=\"Sess\u00f5es gratuitas &nbsp; PROGRAMA\u00c7\u00c3O: Semana de homenagem a PUCCINI: Ter\u00e7a-feira, 03 de Dezembro 18:30 LA RONDINE Quarta-feira, 04 de Dezembro 18:30 LA BOHEME Quinta-feira, 05 de Dezembro 17:30 IL TRITTICO Sexta-feira, 06 de Dezembro 18:10 TURANDOT S\u00e1bado, 07 de Dezembro 11:00 TOSCA Domingo, 08 de Dezembro 11:30 MADAME BUTTERFLY Semana da \u00f3pera a francesa: Ter\u00e7a-feira, &hellip;\" \/>\n<meta property=\"og:url\" content=\"https:\/\/operanatela.com\/2024\/cine-marquise-sp\/\" \/>\n<meta property=\"og:site_name\" content=\"\u00d3pera na tela 2024\" \/>\n<meta property=\"article:modified_time\" content=\"2024-12-11T15:29:38+00:00\" \/>\n<meta name=\"twitter:card\" content=\"summary_large_image\" \/>\n<meta name=\"twitter:label1\" content=\"Est. tempo de leitura\" \/>\n\t<meta name=\"twitter:data1\" content=\"1 minuto\" \/>\n<script type=\"application\/ld+json\" class=\"yoast-schema-graph\">{\"@context\":\"https:\\\/\\\/schema.org\",\"@graph\":[{\"@type\":\"WebPage\",\"@id\":\"https:\\\/\\\/operanatela.com\\\/2024\\\/cine-marquise-sp\\\/\",\"url\":\"https:\\\/\\\/operanatela.com\\\/2024\\\/cine-marquise-sp\\\/\",\"name\":\"Cine Marquise - SP - \u00d3pera na tela 2024\",\"isPartOf\":{\"@id\":\"https:\\\/\\\/operanatela.com\\\/2024\\\/#website\"},\"datePublished\":\"2024-11-12T14:04:39+00:00\",\"dateModified\":\"2024-12-11T15:29:38+00:00\",\"breadcrumb\":{\"@id\":\"https:\\\/\\\/operanatela.com\\\/2024\\\/cine-marquise-sp\\\/#breadcrumb\"},\"inLanguage\":\"pt-BR\",\"potentialAction\":[{\"@type\":\"ReadAction\",\"target\":[\"https:\\\/\\\/operanatela.com\\\/2024\\\/cine-marquise-sp\\\/\"]}]},{\"@type\":\"BreadcrumbList\",\"@id\":\"https:\\\/\\\/operanatela.com\\\/2024\\\/cine-marquise-sp\\\/#breadcrumb\",\"itemListElement\":[{\"@type\":\"ListItem\",\"position\":1,\"name\":\"In\u00edcio\",\"item\":\"https:\\\/\\\/operanatela.com\\\/2024\\\/\"},{\"@type\":\"ListItem\",\"position\":2,\"name\":\"Cine Marquise &#8211; SP\"}]},{\"@type\":\"WebSite\",\"@id\":\"https:\\\/\\\/operanatela.com\\\/2024\\\/#website\",\"url\":\"https:\\\/\\\/operanatela.com\\\/2024\\\/\",\"name\":\"\u00d3pera na tela 2024\",\"description\":\"O Festival\u00a0\u00d3pera na Tela 2024 proporciona ao p\u00fablico a experi\u00eancia de assistir \u00e0s montagens mais grandiosas da \u00f3pera em tela gigante, com alta qualidade de som e imagem, cadeiras confort\u00e1veis e pre\u00e7os acess\u00edveis.\",\"potentialAction\":[{\"@type\":\"SearchAction\",\"target\":{\"@type\":\"EntryPoint\",\"urlTemplate\":\"https:\\\/\\\/operanatela.com\\\/2024\\\/?s={search_term_string}\"},\"query-input\":{\"@type\":\"PropertyValueSpecification\",\"valueRequired\":true,\"valueName\":\"search_term_string\"}}],\"inLanguage\":\"pt-BR\"}]}<\/script>\n<!-- \/ Yoast SEO plugin. -->","yoast_head_json":{"title":"Cine Marquise - SP - \u00d3pera na tela 2024","robots":{"index":"index","follow":"follow","max-snippet":"max-snippet:-1","max-image-preview":"max-image-preview:large","max-video-preview":"max-video-preview:-1"},"canonical":"https:\/\/operanatela.com\/2024\/cine-marquise-sp\/","og_locale":"pt_BR","og_type":"article","og_title":"Cine Marquise - SP - \u00d3pera na tela 2024","og_description":"Sess\u00f5es gratuitas &nbsp; PROGRAMA\u00c7\u00c3O: Semana de homenagem a PUCCINI: Ter\u00e7a-feira, 03 de Dezembro 18:30 LA RONDINE Quarta-feira, 04 de Dezembro 18:30 LA BOHEME Quinta-feira, 05 de Dezembro 17:30 IL TRITTICO Sexta-feira, 06 de Dezembro 18:10 TURANDOT S\u00e1bado, 07 de Dezembro 11:00 TOSCA Domingo, 08 de Dezembro 11:30 MADAME BUTTERFLY Semana da \u00f3pera a francesa: Ter\u00e7a-feira, &hellip;","og_url":"https:\/\/operanatela.com\/2024\/cine-marquise-sp\/","og_site_name":"\u00d3pera na tela 2024","article_modified_time":"2024-12-11T15:29:38+00:00","twitter_card":"summary_large_image","twitter_misc":{"Est. tempo de leitura":"1 minuto"},"schema":{"@context":"https:\/\/schema.org","@graph":[{"@type":"WebPage","@id":"https:\/\/operanatela.com\/2024\/cine-marquise-sp\/","url":"https:\/\/operanatela.com\/2024\/cine-marquise-sp\/","name":"Cine Marquise - SP - \u00d3pera na tela 2024","isPartOf":{"@id":"https:\/\/operanatela.com\/2024\/#website"},"datePublished":"2024-11-12T14:04:39+00:00","dateModified":"2024-12-11T15:29:38+00:00","breadcrumb":{"@id":"https:\/\/operanatela.com\/2024\/cine-marquise-sp\/#breadcrumb"},"inLanguage":"pt-BR","potentialAction":[{"@type":"ReadAction","target":["https:\/\/operanatela.com\/2024\/cine-marquise-sp\/"]}]},{"@type":"BreadcrumbList","@id":"https:\/\/operanatela.com\/2024\/cine-marquise-sp\/#breadcrumb","itemListElement":[{"@type":"ListItem","position":1,"name":"In\u00edcio","item":"https:\/\/operanatela.com\/2024\/"},{"@type":"ListItem","position":2,"name":"Cine Marquise &#8211; SP"}]},{"@type":"WebSite","@id":"https:\/\/operanatela.com\/2024\/#website","url":"https:\/\/operanatela.com\/2024\/","name":"\u00d3pera na tela 2024","description":"O Festival\u00a0\u00d3pera na Tela 2024 proporciona ao p\u00fablico a experi\u00eancia de assistir \u00e0s montagens mais grandiosas da \u00f3pera em tela gigante, com alta qualidade de som e imagem, cadeiras confort\u00e1veis e pre\u00e7os acess\u00edveis.","potentialAction":[{"@type":"SearchAction","target":{"@type":"EntryPoint","urlTemplate":"https:\/\/operanatela.com\/2024\/?s={search_term_string}"},"query-input":{"@type":"PropertyValueSpecification","valueRequired":true,"valueName":"search_term_string"}}],"inLanguage":"pt-BR"}]}},"_links":{"self":[{"href":"https:\/\/operanatela.com\/2024\/wp-json\/wp\/v2\/pages\/4479","targetHints":{"allow":["GET"]}}],"collection":[{"href":"https:\/\/operanatela.com\/2024\/wp-json\/wp\/v2\/pages"}],"about":[{"href":"https:\/\/operanatela.com\/2024\/wp-json\/wp\/v2\/types\/page"}],"author":[{"embeddable":true,"href":"https:\/\/operanatela.com\/2024\/wp-json\/wp\/v2\/users\/1"}],"replies":[{"embeddable":true,"href":"https:\/\/operanatela.com\/2024\/wp-json\/wp\/v2\/comments?post=4479"}],"version-history":[{"count":19,"href":"https:\/\/operanatela.com\/2024\/wp-json\/wp\/v2\/pages\/4479\/revisions"}],"predecessor-version":[{"id":4744,"href":"https:\/\/operanatela.com\/2024\/wp-json\/wp\/v2\/pages\/4479\/revisions\/4744"}],"wp:attachment":[{"href":"https:\/\/operanatela.com\/2024\/wp-json\/wp\/v2\/media?parent=4479"}],"curies":[{"name":"wp","href":"https:\/\/api.w.org\/{rel}","templated":true}]}}