{"id":4400,"date":"2024-11-07T22:18:41","date_gmt":"2024-11-08T01:18:41","guid":{"rendered":"https:\/\/operanatela.com\/2024\/?page_id=4400"},"modified":"2024-11-15T12:23:22","modified_gmt":"2024-11-15T15:23:22","slug":"eav-parque-lage-projecoes-ao-ar-livre-rj","status":"publish","type":"page","link":"https:\/\/operanatela.com\/2024\/eav-parque-lage-projecoes-ao-ar-livre-rj\/","title":{"rendered":"EAV Parque Lage &#8211; Proje\u00e7\u00f5es ao Ar Livre &#8211; RJ"},"content":{"rendered":"<p><a class=\"bt\" href=\"https:\/\/site.bileto.sympla.com.br\/operanatela2024\/\" target=\"_blank\" rel=\"noopener\"><strong>COMPRAR INGRESSOS<\/strong><\/a><\/p>\n<p>&nbsp;<\/p>\n<p>PROGRAMA\u00c7\u00c3O:<\/p>\n<hr \/>\n<p>S\u00e1bado, 23 de Novembro<br \/>\n19:00\u00a0 <a href=\"https:\/\/operanatela.com\/2024\/noticias\/recital-kseniia-proshina\/\" target=\"_blank\" rel=\"noopener\"><strong>RECITAL DE KSENIIA PROSHINA<\/strong><\/a><br \/>\n20:00 <a href=\"https:\/\/operanatela.com\/2024\/filmes\/la-perichole\/\" target=\"_blank\" rel=\"noopener\"><strong>LA PERICHOLE<\/strong><\/a><\/p>\n<p>Domingo, 24 de Novembro<br \/>\n19:00\u00a0 <a href=\"https:\/\/operanatela.com\/2024\/filmes\/macbeth\/\" target=\"_blank\" rel=\"noopener\"><strong>MACBETH<\/strong><\/a><\/p>\n<p>Segunda-feira, 25 de Novembro<br \/>\n19:00\u00a0 <a href=\"https:\/\/operanatela.com\/2024\/filmes\/os-pescadores-de-perolas\/\" target=\"_blank\" rel=\"noopener\"><strong>OS PESCADORES DE P\u00c9ROLAS<\/strong><\/a><\/p>\n<p>Ter\u00e7a feira, 26 de Novembro<br \/>\n19:00 <a href=\"https:\/\/operanatela.com\/2024\/filmes\/elektra\/\" target=\"_blank\" rel=\"noopener\"><strong>ELEKTRA<\/strong><\/a><\/p>\n<p>Quarta-feira, 27 de Novembro<br \/>\n19:00\u00a0 <a href=\"https:\/\/operanatela.com\/2024\/filmes\/don-quixote\/\" target=\"_blank\" rel=\"noopener\"><strong>DOM QUIXOTE<\/strong><\/a><\/p>\n<p>Quinta-feira, 28 de Novembro<br \/>\n19:00 <a href=\"https:\/\/operanatela.com\/2024\/filmes\/lakme\/\" target=\"_blank\" rel=\"noopener\"><strong>LAKM\u00c9<\/strong><\/a><\/p>\n<p>Sexta-feira, 29 de Novembro<br \/>\n16:30\u00a0<a href=\"https:\/\/operanatela.com\/2024\/noticias\/palestras-com-rodolfo-valverde\/\" target=\"_blank\" rel=\"noopener\"> <strong>PALESTRA RODOLFO VALVERDE<\/strong><\/a><br \/>\n19:00 <a href=\"https:\/\/operanatela.com\/2024\/filmes\/turandot\/\" target=\"_blank\" rel=\"noopener\"><strong>TURANDOT<\/strong><\/a><\/p>\n<p>S\u00e1bado, 30 de Novembro<br \/>\n16:30\u00a0 <a href=\"https:\/\/operanatela.com\/2024\/noticias\/palestras-com-rodolfo-valverde\/\" target=\"_blank\" rel=\"noopener\"><strong>PALESTRA RODOLFO VALVERDE<\/strong><\/a><br \/>\n19:00 <a href=\"https:\/\/operanatela.com\/2024\/filmes\/la-boheme\/\" target=\"_blank\" rel=\"noopener\"><strong>LA BOHEME<\/strong><\/a><\/p>\n<p>Domingo, 1 de Dezembro<br \/>\n19:00 <a href=\"https:\/\/operanatela.com\/2024\/filmes\/tosca\/\" target=\"_blank\" rel=\"noopener\"><strong>TOSCA<\/strong><\/a><\/p>\n<p>Segunda-feira, 2 de Dezembro<br \/>\n19:00 <a href=\"https:\/\/operanatela.com\/2024\/filmes\/la-rondine\/\" target=\"_blank\" rel=\"noopener\"><strong>LA RONDINE<\/strong><\/a><\/p>\n<p>Ter\u00e7a-feira, 3 de Dezembro<br \/>\n19:00 <a href=\"https:\/\/operanatela.com\/2024\/filmes\/la-gioconda\/\" target=\"_blank\" rel=\"noopener\"><strong>LA GIOCONDA<\/strong><\/a><\/p>\n<p><strong><em>\u200b<\/em><\/strong><\/p>\n<p><strong><em>IMPORTANTE: N\u00e3o h\u00e1\u00a0possibilidade de estacionar no Parque Lage<\/em><\/strong><\/p>\n<p><a class=\"bt\" href=\"https:\/\/site.bileto.sympla.com.br\/operanatela2024\/\" target=\"_blank\" rel=\"noopener\"><strong>COMPRAR INGRESSOS<\/strong><\/a><\/p>\n","protected":false},"excerpt":{"rendered":"<p>COMPRAR INGRESSOS &nbsp; PROGRAMA\u00c7\u00c3O: S\u00e1bado, 23 de Novembro 19:00\u00a0 RECITAL DE KSENIIA PROSHINA 20:00 LA PERICHOLE Domingo, 24 de Novembro 19:00\u00a0 MACBETH Segunda-feira, 25 de Novembro 19:00\u00a0 OS PESCADORES DE P\u00c9ROLAS Ter\u00e7a feira, 26 de Novembro 19:00 ELEKTRA Quarta-feira, 27 de Novembro 19:00\u00a0 DOM QUIXOTE Quinta-feira, 28 de Novembro 19:00 LAKM\u00c9 Sexta-feira, 29 de Novembro &hellip;<\/p>\n","protected":false},"author":1,"featured_media":0,"parent":0,"menu_order":0,"comment_status":"closed","ping_status":"closed","template":"","meta":{"_acf_changed":false,"footnotes":""},"class_list":["post-4400","page","type-page","status-publish","hentry"],"acf":[],"yoast_head":"<!-- This site is optimized with the Yoast SEO plugin v27.3 - https:\/\/yoast.com\/product\/yoast-seo-wordpress\/ -->\n<title>EAV Parque Lage - Proje\u00e7\u00f5es ao Ar Livre - RJ - \u00d3pera na tela 2024<\/title>\n<meta name=\"robots\" content=\"index, follow, max-snippet:-1, max-image-preview:large, max-video-preview:-1\" \/>\n<link rel=\"canonical\" href=\"https:\/\/operanatela.com\/2024\/eav-parque-lage-projecoes-ao-ar-livre-rj\/\" \/>\n<meta property=\"og:locale\" content=\"pt_BR\" \/>\n<meta property=\"og:type\" content=\"article\" \/>\n<meta property=\"og:title\" content=\"EAV Parque Lage - Proje\u00e7\u00f5es ao Ar Livre - RJ - \u00d3pera na tela 2024\" \/>\n<meta property=\"og:description\" content=\"COMPRAR INGRESSOS &nbsp; PROGRAMA\u00c7\u00c3O: S\u00e1bado, 23 de Novembro 19:00\u00a0 RECITAL DE KSENIIA PROSHINA 20:00 LA PERICHOLE Domingo, 24 de Novembro 19:00\u00a0 MACBETH Segunda-feira, 25 de Novembro 19:00\u00a0 OS PESCADORES DE P\u00c9ROLAS Ter\u00e7a feira, 26 de Novembro 19:00 ELEKTRA Quarta-feira, 27 de Novembro 19:00\u00a0 DOM QUIXOTE Quinta-feira, 28 de Novembro 19:00 LAKM\u00c9 Sexta-feira, 29 de Novembro &hellip;\" \/>\n<meta property=\"og:url\" content=\"https:\/\/operanatela.com\/2024\/eav-parque-lage-projecoes-ao-ar-livre-rj\/\" \/>\n<meta property=\"og:site_name\" content=\"\u00d3pera na tela 2024\" \/>\n<meta property=\"article:modified_time\" content=\"2024-11-15T15:23:22+00:00\" \/>\n<meta name=\"twitter:card\" content=\"summary_large_image\" \/>\n<meta name=\"twitter:label1\" content=\"Est. tempo de leitura\" \/>\n\t<meta name=\"twitter:data1\" content=\"1 minuto\" \/>\n<script type=\"application\/ld+json\" class=\"yoast-schema-graph\">{\"@context\":\"https:\\\/\\\/schema.org\",\"@graph\":[{\"@type\":\"WebPage\",\"@id\":\"https:\\\/\\\/operanatela.com\\\/2024\\\/eav-parque-lage-projecoes-ao-ar-livre-rj\\\/\",\"url\":\"https:\\\/\\\/operanatela.com\\\/2024\\\/eav-parque-lage-projecoes-ao-ar-livre-rj\\\/\",\"name\":\"EAV Parque Lage - Proje\u00e7\u00f5es ao Ar Livre - RJ - \u00d3pera na tela 2024\",\"isPartOf\":{\"@id\":\"https:\\\/\\\/operanatela.com\\\/2024\\\/#website\"},\"datePublished\":\"2024-11-08T01:18:41+00:00\",\"dateModified\":\"2024-11-15T15:23:22+00:00\",\"breadcrumb\":{\"@id\":\"https:\\\/\\\/operanatela.com\\\/2024\\\/eav-parque-lage-projecoes-ao-ar-livre-rj\\\/#breadcrumb\"},\"inLanguage\":\"pt-BR\",\"potentialAction\":[{\"@type\":\"ReadAction\",\"target\":[\"https:\\\/\\\/operanatela.com\\\/2024\\\/eav-parque-lage-projecoes-ao-ar-livre-rj\\\/\"]}]},{\"@type\":\"BreadcrumbList\",\"@id\":\"https:\\\/\\\/operanatela.com\\\/2024\\\/eav-parque-lage-projecoes-ao-ar-livre-rj\\\/#breadcrumb\",\"itemListElement\":[{\"@type\":\"ListItem\",\"position\":1,\"name\":\"In\u00edcio\",\"item\":\"https:\\\/\\\/operanatela.com\\\/2024\\\/\"},{\"@type\":\"ListItem\",\"position\":2,\"name\":\"EAV Parque Lage &#8211; Proje\u00e7\u00f5es ao Ar Livre &#8211; RJ\"}]},{\"@type\":\"WebSite\",\"@id\":\"https:\\\/\\\/operanatela.com\\\/2024\\\/#website\",\"url\":\"https:\\\/\\\/operanatela.com\\\/2024\\\/\",\"name\":\"\u00d3pera na tela 2024\",\"description\":\"O Festival\u00a0\u00d3pera na Tela 2024 proporciona ao p\u00fablico a experi\u00eancia de assistir \u00e0s montagens mais grandiosas da \u00f3pera em tela gigante, com alta qualidade de som e imagem, cadeiras confort\u00e1veis e pre\u00e7os acess\u00edveis.\",\"potentialAction\":[{\"@type\":\"SearchAction\",\"target\":{\"@type\":\"EntryPoint\",\"urlTemplate\":\"https:\\\/\\\/operanatela.com\\\/2024\\\/?s={search_term_string}\"},\"query-input\":{\"@type\":\"PropertyValueSpecification\",\"valueRequired\":true,\"valueName\":\"search_term_string\"}}],\"inLanguage\":\"pt-BR\"}]}<\/script>\n<!-- \/ Yoast SEO plugin. -->","yoast_head_json":{"title":"EAV Parque Lage - Proje\u00e7\u00f5es ao Ar Livre - RJ - \u00d3pera na tela 2024","robots":{"index":"index","follow":"follow","max-snippet":"max-snippet:-1","max-image-preview":"max-image-preview:large","max-video-preview":"max-video-preview:-1"},"canonical":"https:\/\/operanatela.com\/2024\/eav-parque-lage-projecoes-ao-ar-livre-rj\/","og_locale":"pt_BR","og_type":"article","og_title":"EAV Parque Lage - Proje\u00e7\u00f5es ao Ar Livre - RJ - \u00d3pera na tela 2024","og_description":"COMPRAR INGRESSOS &nbsp; PROGRAMA\u00c7\u00c3O: S\u00e1bado, 23 de Novembro 19:00\u00a0 RECITAL DE KSENIIA PROSHINA 20:00 LA PERICHOLE Domingo, 24 de Novembro 19:00\u00a0 MACBETH Segunda-feira, 25 de Novembro 19:00\u00a0 OS PESCADORES DE P\u00c9ROLAS Ter\u00e7a feira, 26 de Novembro 19:00 ELEKTRA Quarta-feira, 27 de Novembro 19:00\u00a0 DOM QUIXOTE Quinta-feira, 28 de Novembro 19:00 LAKM\u00c9 Sexta-feira, 29 de Novembro &hellip;","og_url":"https:\/\/operanatela.com\/2024\/eav-parque-lage-projecoes-ao-ar-livre-rj\/","og_site_name":"\u00d3pera na tela 2024","article_modified_time":"2024-11-15T15:23:22+00:00","twitter_card":"summary_large_image","twitter_misc":{"Est. tempo de leitura":"1 minuto"},"schema":{"@context":"https:\/\/schema.org","@graph":[{"@type":"WebPage","@id":"https:\/\/operanatela.com\/2024\/eav-parque-lage-projecoes-ao-ar-livre-rj\/","url":"https:\/\/operanatela.com\/2024\/eav-parque-lage-projecoes-ao-ar-livre-rj\/","name":"EAV Parque Lage - Proje\u00e7\u00f5es ao Ar Livre - RJ - \u00d3pera na tela 2024","isPartOf":{"@id":"https:\/\/operanatela.com\/2024\/#website"},"datePublished":"2024-11-08T01:18:41+00:00","dateModified":"2024-11-15T15:23:22+00:00","breadcrumb":{"@id":"https:\/\/operanatela.com\/2024\/eav-parque-lage-projecoes-ao-ar-livre-rj\/#breadcrumb"},"inLanguage":"pt-BR","potentialAction":[{"@type":"ReadAction","target":["https:\/\/operanatela.com\/2024\/eav-parque-lage-projecoes-ao-ar-livre-rj\/"]}]},{"@type":"BreadcrumbList","@id":"https:\/\/operanatela.com\/2024\/eav-parque-lage-projecoes-ao-ar-livre-rj\/#breadcrumb","itemListElement":[{"@type":"ListItem","position":1,"name":"In\u00edcio","item":"https:\/\/operanatela.com\/2024\/"},{"@type":"ListItem","position":2,"name":"EAV Parque Lage &#8211; Proje\u00e7\u00f5es ao Ar Livre &#8211; RJ"}]},{"@type":"WebSite","@id":"https:\/\/operanatela.com\/2024\/#website","url":"https:\/\/operanatela.com\/2024\/","name":"\u00d3pera na tela 2024","description":"O Festival\u00a0\u00d3pera na Tela 2024 proporciona ao p\u00fablico a experi\u00eancia de assistir \u00e0s montagens mais grandiosas da \u00f3pera em tela gigante, com alta qualidade de som e imagem, cadeiras confort\u00e1veis e pre\u00e7os acess\u00edveis.","potentialAction":[{"@type":"SearchAction","target":{"@type":"EntryPoint","urlTemplate":"https:\/\/operanatela.com\/2024\/?s={search_term_string}"},"query-input":{"@type":"PropertyValueSpecification","valueRequired":true,"valueName":"search_term_string"}}],"inLanguage":"pt-BR"}]}},"_links":{"self":[{"href":"https:\/\/operanatela.com\/2024\/wp-json\/wp\/v2\/pages\/4400","targetHints":{"allow":["GET"]}}],"collection":[{"href":"https:\/\/operanatela.com\/2024\/wp-json\/wp\/v2\/pages"}],"about":[{"href":"https:\/\/operanatela.com\/2024\/wp-json\/wp\/v2\/types\/page"}],"author":[{"embeddable":true,"href":"https:\/\/operanatela.com\/2024\/wp-json\/wp\/v2\/users\/1"}],"replies":[{"embeddable":true,"href":"https:\/\/operanatela.com\/2024\/wp-json\/wp\/v2\/comments?post=4400"}],"version-history":[{"count":26,"href":"https:\/\/operanatela.com\/2024\/wp-json\/wp\/v2\/pages\/4400\/revisions"}],"predecessor-version":[{"id":4585,"href":"https:\/\/operanatela.com\/2024\/wp-json\/wp\/v2\/pages\/4400\/revisions\/4585"}],"wp:attachment":[{"href":"https:\/\/operanatela.com\/2024\/wp-json\/wp\/v2\/media?parent=4400"}],"curies":[{"name":"wp","href":"https:\/\/api.w.org\/{rel}","templated":true}]}}