{"id":4390,"date":"2024-11-07T21:22:02","date_gmt":"2024-11-08T00:22:02","guid":{"rendered":"https:\/\/operanatela.com\/2024\/?page_id=4390"},"modified":"2024-11-16T14:03:00","modified_gmt":"2024-11-16T17:03:00","slug":"sala-do-conservatorio-praca-das-artes-sp","status":"publish","type":"page","link":"https:\/\/operanatela.com\/2024\/sala-do-conservatorio-praca-das-artes-sp\/","title":{"rendered":"Sala do Conservat\u00f3rio &#8211; Pra\u00e7a das artes &#8211; SP"},"content":{"rendered":"<p><span style=\"font-size: 18pt;\"><strong>Sess\u00f5es gratuitas<\/strong><\/span><\/p>\n<p>&nbsp;<\/p>\n<p>PROGRAMA\u00c7\u00c3O:<\/p>\n<hr \/>\n<p>Ter\u00e7a-feira, 26 de Novembro<br \/>\n16:00 <a href=\"https:\/\/operanatela.com\/2024\/filmes\/don-quixote\/\" target=\"_blank\" rel=\"noopener\"><strong>DOM QUIXOTE<\/strong><\/a><br \/>\n19:00 <a href=\"https:\/\/operanatela.com\/2024\/filmes\/macbeth\/\" target=\"_blank\" rel=\"noopener\"><strong>MACBETH<\/strong><\/a><\/p>\n<p>Quarta-feira, 27 de Novembro<br \/>\n16:00 <a href=\"https:\/\/operanatela.com\/2024\/filmes\/os-pescadores-de-perolas\/\" target=\"_blank\" rel=\"noopener\"><strong>OS PESCADORES DE P\u00c9ROLAS<\/strong><\/a><br \/>\n19:00 <a href=\"https:\/\/operanatela.com\/2024\/filmes\/la-perichole\/\" target=\"_blank\" rel=\"noopener\"><strong>LA P<\/strong><\/a><strong><a href=\"https:\/\/operanatela.com\/2024\/filmes\/os-pescadores-de-perolas\/\" target=\"_blank\" rel=\"noopener\">\u00c9<\/a>RICHOLE<\/strong><\/p>\n<p>Quinta-feira, 28 de Novembro<br \/>\n16:00 <a href=\"https:\/\/operanatela.com\/2024\/filmes\/lakme\/\" target=\"_blank\" rel=\"noopener\"><strong>LAKM\u00c9<\/strong><\/a><br \/>\n19:00 <a href=\"https:\/\/operanatela.com\/2024\/filmes\/la-rondine\/\" target=\"_blank\" rel=\"noopener\"><strong>LA RONDINE<\/strong><\/a><\/p>\n<p>Sexta-feira, 29 de Novembro<br \/>\n16:00 <a href=\"https:\/\/operanatela.com\/2024\/filmes\/elektra\/\" target=\"_blank\" rel=\"noopener\"><strong>ELEKTRA<\/strong><\/a><br \/>\n19:00 <a href=\"https:\/\/operanatela.com\/2024\/filmes\/turandot\/\" target=\"_blank\" rel=\"noopener\"><strong>TURANDOT<\/strong><\/a><\/p>\n<p>S\u00e1bado, 30 de Novembro<br \/>\n16:00 <a href=\"https:\/\/operanatela.com\/2024\/filmes\/la-gioconda\/\" target=\"_blank\" rel=\"noopener\"><strong>LA GIOCONDA<\/strong><\/a><br \/>\n19:20 <a href=\"https:\/\/operanatela.com\/2024\/filmes\/la-boheme\/\" target=\"_blank\" rel=\"noopener\"><strong>LA BOHEME<\/strong><\/a><\/p>\n<p>Domingo, 1 de Dezembro<br \/>\n16:00 <a href=\"https:\/\/operanatela.com\/2024\/filmes\/tosca\/\" target=\"_blank\" rel=\"noopener\"><strong>TOSCA<\/strong><\/a><\/p>\n","protected":false},"excerpt":{"rendered":"<p>Sess\u00f5es gratuitas &nbsp; PROGRAMA\u00c7\u00c3O: Ter\u00e7a-feira, 26 de Novembro 16:00 DOM QUIXOTE 19:00 MACBETH Quarta-feira, 27 de Novembro 16:00 OS PESCADORES DE P\u00c9ROLAS 19:00 LA P\u00c9RICHOLE Quinta-feira, 28 de Novembro 16:00 LAKM\u00c9 19:00 LA RONDINE Sexta-feira, 29 de Novembro 16:00 ELEKTRA 19:00 TURANDOT S\u00e1bado, 30 de Novembro 16:00 LA GIOCONDA 19:20 LA BOHEME Domingo, 1 de &hellip;<\/p>\n","protected":false},"author":1,"featured_media":0,"parent":0,"menu_order":0,"comment_status":"closed","ping_status":"closed","template":"","meta":{"_acf_changed":false,"footnotes":""},"class_list":["post-4390","page","type-page","status-publish","hentry"],"acf":[],"yoast_head":"<!-- This site is optimized with the Yoast SEO plugin v27.3 - https:\/\/yoast.com\/product\/yoast-seo-wordpress\/ -->\n<title>Sala do Conservat\u00f3rio - Pra\u00e7a das artes - SP - \u00d3pera na tela 2024<\/title>\n<meta name=\"robots\" content=\"index, follow, max-snippet:-1, max-image-preview:large, max-video-preview:-1\" \/>\n<link rel=\"canonical\" href=\"https:\/\/operanatela.com\/2024\/sala-do-conservatorio-praca-das-artes-sp\/\" \/>\n<meta property=\"og:locale\" content=\"pt_BR\" \/>\n<meta property=\"og:type\" content=\"article\" \/>\n<meta property=\"og:title\" content=\"Sala do Conservat\u00f3rio - Pra\u00e7a das artes - SP - \u00d3pera na tela 2024\" \/>\n<meta property=\"og:description\" content=\"Sess\u00f5es gratuitas &nbsp; PROGRAMA\u00c7\u00c3O: Ter\u00e7a-feira, 26 de Novembro 16:00 DOM QUIXOTE 19:00 MACBETH Quarta-feira, 27 de Novembro 16:00 OS PESCADORES DE P\u00c9ROLAS 19:00 LA P\u00c9RICHOLE Quinta-feira, 28 de Novembro 16:00 LAKM\u00c9 19:00 LA RONDINE Sexta-feira, 29 de Novembro 16:00 ELEKTRA 19:00 TURANDOT S\u00e1bado, 30 de Novembro 16:00 LA GIOCONDA 19:20 LA BOHEME Domingo, 1 de &hellip;\" \/>\n<meta property=\"og:url\" content=\"https:\/\/operanatela.com\/2024\/sala-do-conservatorio-praca-das-artes-sp\/\" \/>\n<meta property=\"og:site_name\" content=\"\u00d3pera na tela 2024\" \/>\n<meta property=\"article:modified_time\" content=\"2024-11-16T17:03:00+00:00\" \/>\n<meta name=\"twitter:card\" content=\"summary_large_image\" \/>\n<meta name=\"twitter:label1\" content=\"Est. tempo de leitura\" \/>\n\t<meta name=\"twitter:data1\" content=\"1 minuto\" \/>\n<script type=\"application\/ld+json\" class=\"yoast-schema-graph\">{\"@context\":\"https:\\\/\\\/schema.org\",\"@graph\":[{\"@type\":\"WebPage\",\"@id\":\"https:\\\/\\\/operanatela.com\\\/2024\\\/sala-do-conservatorio-praca-das-artes-sp\\\/\",\"url\":\"https:\\\/\\\/operanatela.com\\\/2024\\\/sala-do-conservatorio-praca-das-artes-sp\\\/\",\"name\":\"Sala do Conservat\u00f3rio - Pra\u00e7a das artes - SP - \u00d3pera na tela 2024\",\"isPartOf\":{\"@id\":\"https:\\\/\\\/operanatela.com\\\/2024\\\/#website\"},\"datePublished\":\"2024-11-08T00:22:02+00:00\",\"dateModified\":\"2024-11-16T17:03:00+00:00\",\"breadcrumb\":{\"@id\":\"https:\\\/\\\/operanatela.com\\\/2024\\\/sala-do-conservatorio-praca-das-artes-sp\\\/#breadcrumb\"},\"inLanguage\":\"pt-BR\",\"potentialAction\":[{\"@type\":\"ReadAction\",\"target\":[\"https:\\\/\\\/operanatela.com\\\/2024\\\/sala-do-conservatorio-praca-das-artes-sp\\\/\"]}]},{\"@type\":\"BreadcrumbList\",\"@id\":\"https:\\\/\\\/operanatela.com\\\/2024\\\/sala-do-conservatorio-praca-das-artes-sp\\\/#breadcrumb\",\"itemListElement\":[{\"@type\":\"ListItem\",\"position\":1,\"name\":\"In\u00edcio\",\"item\":\"https:\\\/\\\/operanatela.com\\\/2024\\\/\"},{\"@type\":\"ListItem\",\"position\":2,\"name\":\"Sala do Conservat\u00f3rio &#8211; Pra\u00e7a das artes &#8211; SP\"}]},{\"@type\":\"WebSite\",\"@id\":\"https:\\\/\\\/operanatela.com\\\/2024\\\/#website\",\"url\":\"https:\\\/\\\/operanatela.com\\\/2024\\\/\",\"name\":\"\u00d3pera na tela 2024\",\"description\":\"O Festival\u00a0\u00d3pera na Tela 2024 proporciona ao p\u00fablico a experi\u00eancia de assistir \u00e0s montagens mais grandiosas da \u00f3pera em tela gigante, com alta qualidade de som e imagem, cadeiras confort\u00e1veis e pre\u00e7os acess\u00edveis.\",\"potentialAction\":[{\"@type\":\"SearchAction\",\"target\":{\"@type\":\"EntryPoint\",\"urlTemplate\":\"https:\\\/\\\/operanatela.com\\\/2024\\\/?s={search_term_string}\"},\"query-input\":{\"@type\":\"PropertyValueSpecification\",\"valueRequired\":true,\"valueName\":\"search_term_string\"}}],\"inLanguage\":\"pt-BR\"}]}<\/script>\n<!-- \/ Yoast SEO plugin. -->","yoast_head_json":{"title":"Sala do Conservat\u00f3rio - Pra\u00e7a das artes - SP - \u00d3pera na tela 2024","robots":{"index":"index","follow":"follow","max-snippet":"max-snippet:-1","max-image-preview":"max-image-preview:large","max-video-preview":"max-video-preview:-1"},"canonical":"https:\/\/operanatela.com\/2024\/sala-do-conservatorio-praca-das-artes-sp\/","og_locale":"pt_BR","og_type":"article","og_title":"Sala do Conservat\u00f3rio - Pra\u00e7a das artes - SP - \u00d3pera na tela 2024","og_description":"Sess\u00f5es gratuitas &nbsp; PROGRAMA\u00c7\u00c3O: Ter\u00e7a-feira, 26 de Novembro 16:00 DOM QUIXOTE 19:00 MACBETH Quarta-feira, 27 de Novembro 16:00 OS PESCADORES DE P\u00c9ROLAS 19:00 LA P\u00c9RICHOLE Quinta-feira, 28 de Novembro 16:00 LAKM\u00c9 19:00 LA RONDINE Sexta-feira, 29 de Novembro 16:00 ELEKTRA 19:00 TURANDOT S\u00e1bado, 30 de Novembro 16:00 LA GIOCONDA 19:20 LA BOHEME Domingo, 1 de &hellip;","og_url":"https:\/\/operanatela.com\/2024\/sala-do-conservatorio-praca-das-artes-sp\/","og_site_name":"\u00d3pera na tela 2024","article_modified_time":"2024-11-16T17:03:00+00:00","twitter_card":"summary_large_image","twitter_misc":{"Est. tempo de leitura":"1 minuto"},"schema":{"@context":"https:\/\/schema.org","@graph":[{"@type":"WebPage","@id":"https:\/\/operanatela.com\/2024\/sala-do-conservatorio-praca-das-artes-sp\/","url":"https:\/\/operanatela.com\/2024\/sala-do-conservatorio-praca-das-artes-sp\/","name":"Sala do Conservat\u00f3rio - Pra\u00e7a das artes - SP - \u00d3pera na tela 2024","isPartOf":{"@id":"https:\/\/operanatela.com\/2024\/#website"},"datePublished":"2024-11-08T00:22:02+00:00","dateModified":"2024-11-16T17:03:00+00:00","breadcrumb":{"@id":"https:\/\/operanatela.com\/2024\/sala-do-conservatorio-praca-das-artes-sp\/#breadcrumb"},"inLanguage":"pt-BR","potentialAction":[{"@type":"ReadAction","target":["https:\/\/operanatela.com\/2024\/sala-do-conservatorio-praca-das-artes-sp\/"]}]},{"@type":"BreadcrumbList","@id":"https:\/\/operanatela.com\/2024\/sala-do-conservatorio-praca-das-artes-sp\/#breadcrumb","itemListElement":[{"@type":"ListItem","position":1,"name":"In\u00edcio","item":"https:\/\/operanatela.com\/2024\/"},{"@type":"ListItem","position":2,"name":"Sala do Conservat\u00f3rio &#8211; Pra\u00e7a das artes &#8211; SP"}]},{"@type":"WebSite","@id":"https:\/\/operanatela.com\/2024\/#website","url":"https:\/\/operanatela.com\/2024\/","name":"\u00d3pera na tela 2024","description":"O Festival\u00a0\u00d3pera na Tela 2024 proporciona ao p\u00fablico a experi\u00eancia de assistir \u00e0s montagens mais grandiosas da \u00f3pera em tela gigante, com alta qualidade de som e imagem, cadeiras confort\u00e1veis e pre\u00e7os acess\u00edveis.","potentialAction":[{"@type":"SearchAction","target":{"@type":"EntryPoint","urlTemplate":"https:\/\/operanatela.com\/2024\/?s={search_term_string}"},"query-input":{"@type":"PropertyValueSpecification","valueRequired":true,"valueName":"search_term_string"}}],"inLanguage":"pt-BR"}]}},"_links":{"self":[{"href":"https:\/\/operanatela.com\/2024\/wp-json\/wp\/v2\/pages\/4390","targetHints":{"allow":["GET"]}}],"collection":[{"href":"https:\/\/operanatela.com\/2024\/wp-json\/wp\/v2\/pages"}],"about":[{"href":"https:\/\/operanatela.com\/2024\/wp-json\/wp\/v2\/types\/page"}],"author":[{"embeddable":true,"href":"https:\/\/operanatela.com\/2024\/wp-json\/wp\/v2\/users\/1"}],"replies":[{"embeddable":true,"href":"https:\/\/operanatela.com\/2024\/wp-json\/wp\/v2\/comments?post=4390"}],"version-history":[{"count":17,"href":"https:\/\/operanatela.com\/2024\/wp-json\/wp\/v2\/pages\/4390\/revisions"}],"predecessor-version":[{"id":4595,"href":"https:\/\/operanatela.com\/2024\/wp-json\/wp\/v2\/pages\/4390\/revisions\/4595"}],"wp:attachment":[{"href":"https:\/\/operanatela.com\/2024\/wp-json\/wp\/v2\/media?parent=4390"}],"curies":[{"name":"wp","href":"https:\/\/api.w.org\/{rel}","templated":true}]}}