{"id":439,"date":"2018-09-28T01:54:32","date_gmt":"2018-09-28T04:54:32","guid":{"rendered":"http:\/\/operanatela.com\/2018\/?page_id=439"},"modified":"2024-11-07T18:47:46","modified_gmt":"2024-11-07T21:47:46","slug":"sobre-o-festival","status":"publish","type":"page","link":"https:\/\/operanatela.com\/2024\/o-festival\/sobre-o-festival\/","title":{"rendered":"Sobre o Festival"},"content":{"rendered":"<p><strong>S\u00e3o infinitas as riquezas do repert\u00f3rio l\u00edrico!\u00a0<\/strong><\/p>\n<p><span data-contrast=\"auto\">O Festival \u00d3pera na Tela ser\u00e1 apresentado este ano no Rio de Janeiro e em S\u00e3o Paulo.<\/span><span data-ccp-props=\"{&quot;335551550&quot;:6,&quot;335551620&quot;:6}\">\u00a0<\/span><\/p>\n<p><span data-contrast=\"auto\">Em sua oitava edi\u00e7\u00e3o, produ\u00e7\u00f5es que estiveram entre as mais marcantes do ano no circuito europeu ser\u00e3o apresentadas sob as estrelas no Parque Lage, no Rio, durante doze noites consecutivas, de 22 de novembro a 3 de dezembro. Em S\u00e3o Paulo, as proje\u00e7\u00f5es ter\u00e3o lugar na prestigiosa Sala do Conservat\u00f3rio, no Teatro Municipal, de 26 de novembro a 1\u00ba de dezembro, continuando, em seguida, no magn\u00edfico Cine Marquise.<\/span><span data-ccp-props=\"{&quot;335551550&quot;:6,&quot;335551620&quot;:6}\">\u00a0<\/span><\/p>\n<p><span data-contrast=\"auto\">Este ano ser\u00e1 marcado pelo quarto centen\u00e1rio da morte de Giacomo Puccini, comemorado com a apresenta\u00e7\u00e3o de quatro obras: <\/span><i><span data-contrast=\"auto\">La Boh\u00e8me<\/span><\/i><span data-contrast=\"auto\">, <\/span><i><span data-contrast=\"auto\">La Rondine<\/span><\/i><span data-contrast=\"auto\">, <\/span><i><span data-contrast=\"auto\">Tosca<\/span><\/i><span data-contrast=\"auto\"> e \u2013 \u00e9 claro \u2013 <\/span><i><span data-contrast=\"auto\">Turandot<\/span><\/i><span data-contrast=\"auto\">, cuja montagem no La Scala de Mil\u00e3o ser\u00e1 projetada no Rio a 29 de novembro, exatamente no dia em que se completam 100 anos desde a morte do compositor. A ocasi\u00e3o tamb\u00e9m ser\u00e1 celebrada com a publica\u00e7\u00e3o pelo festival de uma biografia de Puccini. Escrita pelo mel\u00f4mano franc\u00eas Sylvain Fort, o livro inova ao propor um outro olhar sobre o autor de <\/span><i><span data-contrast=\"auto\">Tosca<\/span><\/i><span data-contrast=\"auto\">.\u00a0<\/span><span data-ccp-props=\"{&quot;335551550&quot;:6,&quot;335551620&quot;:6}\">\u00a0<\/span><\/p>\n<p><span data-contrast=\"auto\">Aos compositores franceses caber\u00e1 um lugar de destaque este ano, com <\/span><i><span data-contrast=\"auto\">Os pescadores de p\u00e9rolas<\/span><\/i><span data-contrast=\"auto\">, de Georges Bizet, em uma produ\u00e7\u00e3o multicolorida no Th\u00e9\u00e2tre du Capitole, de Toulouse; uma montagem bastante on\u00edrica de <\/span><i><span data-contrast=\"auto\">Lakm\u00e9<\/span><\/i><span data-contrast=\"auto\">, de L\u00e9o Delibes (Op\u00e9ra Comique); <\/span><i><span data-contrast=\"auto\">La P\u00e9richole<\/span><\/i><span data-contrast=\"auto\">, de Offenbach, em uma de suas vers\u00f5es mais alegres e esfuziantes (Th\u00e9\u00e2tre des Champs Elys\u00e9es) e um exc\u00eantrico e surrealista <\/span><i><span data-contrast=\"auto\">Dom Quixote<\/span><\/i><span data-contrast=\"auto\">, de Jules Massenet (Op\u00e9ra de Paris Bastille).<\/span><span data-ccp-props=\"{&quot;335551550&quot;:6,&quot;335551620&quot;:6}\">\u00a0<\/span><\/p>\n<p><span data-contrast=\"auto\">O p\u00fablico tamb\u00e9m poder\u00e1 descobrir a for\u00e7a da \u00f3pera <\/span><i><span data-contrast=\"auto\">Elektra<\/span><\/i><span data-contrast=\"auto\">, de Richard Strauss, em uma produ\u00e7\u00e3o elogiada pela cr\u00edtica e aclamada pelo p\u00fablico no Festival de Baden-Baden, al\u00e9m de uma obra magn\u00edfica, por\u00e9m pouco conhecida, <\/span><i><span data-contrast=\"auto\">La Gioconda<\/span><\/i><span data-contrast=\"auto\">, de Amilcare Ponchieli, produ\u00e7\u00e3o do Teatro San Carlo, de N\u00e1poles, com um elenco excepcional: Ana Netrebko, Jonas Kaufmann e Ludovic T\u00e9zier. E enfim rever o impactante <\/span><i><span data-contrast=\"auto\">Macbeth<\/span><\/i><span data-contrast=\"auto\">, diretamente do Festival de Salzburg, numa montagem valorizada pela voz e pelo carisma da sublime Asmik Gregorian.\u00a0<\/span><span data-ccp-props=\"{&quot;335551550&quot;:6,&quot;335551620&quot;:6}\">\u00a0<\/span><\/p>\n<p><span data-contrast=\"auto\">No total, a sele\u00e7\u00e3o inclui seis obras que jamais foram apresentadas no Festival \u00d3pera na Tela. Essas proje\u00e7\u00f5es oferecem uma oportunidade preciosa para que uma boa parte do p\u00fablico brasileiro descubra estas joias. N\u00e3o deixa de ser reconfortante constatar as infinitas riquezas que nos reserva o repert\u00f3rio l\u00edrico!<\/span><span data-ccp-props=\"{&quot;335551550&quot;:6,&quot;335551620&quot;:6}\">\u00a0<\/span><\/p>\n<p><span data-contrast=\"auto\">Como ocorre a cada edi\u00e7\u00e3o, o festival recebe um artista para um concerto ao vivo. Este ano \u00e9 a soprano Xseniia Proshina, formada pela Academia da \u00d3pera de Paris, que vir\u00e1 cantar no Brasil pela primeira vez. Conv\u00e9m escut\u00e1-la com toda a aten\u00e7\u00e3o, pois h\u00e1 uma grande possibilidade de que esta voz excepcional seja reconhecida em breve uma das maiores sopranos do mundo!<\/span><span data-ccp-props=\"{&quot;335551550&quot;:6,&quot;335551620&quot;:6}\">\u00a0<\/span><\/p>\n<p><span data-contrast=\"auto\">Tamb\u00e9m neste ano o festival volta a se lembrar dos jovens! As plateias das novas gera\u00e7\u00f5es poder\u00e3o descobrir a \u00f3pera gra\u00e7as \u00e0 alegre pedagogia do genial music\u00f3logo Rodolfo Valverde. E os jovens cantores, por sua vez, poder\u00e3o participar de <\/span><i><span data-contrast=\"auto\">masterclasses<\/span><\/i><span data-contrast=\"auto\"> de alto n\u00edvel: no Rio elas ser\u00e3o oferecidas por um dos <\/span><i><span data-contrast=\"auto\">coachs<\/span><\/i><span data-contrast=\"auto\"> l\u00edricos mais conhecidos da It\u00e1lia, Eleonora Pacetti, durante muito tempo diretora do Young Artists Program, da \u00d3pera de Roma. E em S\u00e3o Paulo pelo talentoso pianista, regente de corais e \u2013 em breve \u2013 maestro, Ramon Theobald. Nascido em Petr\u00f3polis, formado pela Acad\u00e9mie de l\u2019Op\u00e9ra de Paris, ele pr\u00f3prio participou \u2013 nos prim\u00f3rdios do festival \u2013 da masterclass do \u00d3pera na Tela. Assim, as sementes que plantamos d\u00e3o seus frutos: o aprendiz se torna professor \u2013 o ciclo se completa!<\/span><span data-ccp-props=\"{&quot;335551550&quot;:6,&quot;335551620&quot;:6}\">\u00a0<\/span><\/p>\n<p><span data-contrast=\"auto\">Agradecemos calorosamente ao Cr\u00e9dit Agricole e \u00e0 Essilor-Luxottica, principais patrocinadores do festival, assim como \u00e0s empresas Edenred-Ticket, Servier, Air France, Engie, Accor, Total Energies, Med-Rio, BMA e a todos os nossos preciosos parceiros de m\u00eddia. Nossos agradecimentos tamb\u00e9m ao Instituto Italiano de Cultura do Rio de Janeiro, \u00e0 EAV Parque Lage, ao Teatro Municipal de S\u00e3o Paulo, ao Teatro B32, assim como ao Conservat\u00f3rio Beethoven. E sobretudo ao Minist\u00e9rio da Cultura e \u00e0 Lei Rouanet, \u00e0s Secretarias de Cultura do Estado do Rio de Janeiro e de S\u00e3o Paulo, e \u00e0 Secretaria de Cultura da Prefeitura do Rio de Janeiro \u2013 sem os quais teria sido imposs\u00edvel firmar as parcerias com o setor privado.<\/span><span data-ccp-props=\"{&quot;335551550&quot;:6,&quot;335551620&quot;:6}\">\u00a0<\/span><\/p>\n<p><strong>Bom festival e viva a \u00f3pera!\u00a0<\/strong><\/p>\n","protected":false},"excerpt":{"rendered":"<p>S\u00e3o infinitas as riquezas do repert\u00f3rio l\u00edrico!\u00a0 O Festival \u00d3pera na Tela ser\u00e1 apresentado este ano no Rio de Janeiro e em S\u00e3o Paulo.\u00a0 Em sua oitava edi\u00e7\u00e3o, produ\u00e7\u00f5es que estiveram entre as mais marcantes do ano no circuito europeu ser\u00e3o apresentadas sob as estrelas no Parque Lage, no Rio, durante doze noites consecutivas, de &hellip;<\/p>\n","protected":false},"author":1,"featured_media":0,"parent":437,"menu_order":0,"comment_status":"closed","ping_status":"closed","template":"","meta":{"_acf_changed":false,"footnotes":""},"class_list":["post-439","page","type-page","status-publish","hentry"],"acf":[],"yoast_head":"<!-- This site is optimized with the Yoast SEO plugin v27.3 - https:\/\/yoast.com\/product\/yoast-seo-wordpress\/ -->\n<title>Sobre o Festival - \u00d3pera na tela 2024<\/title>\n<meta name=\"robots\" content=\"index, follow, max-snippet:-1, max-image-preview:large, max-video-preview:-1\" \/>\n<link rel=\"canonical\" href=\"https:\/\/operanatela.com\/2024\/o-festival\/sobre-o-festival\/\" \/>\n<meta property=\"og:locale\" content=\"pt_BR\" \/>\n<meta property=\"og:type\" content=\"article\" \/>\n<meta property=\"og:title\" content=\"Sobre o Festival - \u00d3pera na tela 2024\" \/>\n<meta property=\"og:description\" content=\"S\u00e3o infinitas as riquezas do repert\u00f3rio l\u00edrico!\u00a0 O Festival \u00d3pera na Tela ser\u00e1 apresentado este ano no Rio de Janeiro e em S\u00e3o Paulo.\u00a0 Em sua oitava edi\u00e7\u00e3o, produ\u00e7\u00f5es que estiveram entre as mais marcantes do ano no circuito europeu ser\u00e3o apresentadas sob as estrelas no Parque Lage, no Rio, durante doze noites consecutivas, de &hellip;\" \/>\n<meta property=\"og:url\" content=\"https:\/\/operanatela.com\/2024\/o-festival\/sobre-o-festival\/\" \/>\n<meta property=\"og:site_name\" content=\"\u00d3pera na tela 2024\" \/>\n<meta property=\"article:modified_time\" content=\"2024-11-07T21:47:46+00:00\" \/>\n<meta name=\"twitter:card\" content=\"summary_large_image\" \/>\n<meta name=\"twitter:label1\" content=\"Est. tempo de leitura\" \/>\n\t<meta name=\"twitter:data1\" content=\"4 minutos\" \/>\n<script type=\"application\/ld+json\" class=\"yoast-schema-graph\">{\"@context\":\"https:\\\/\\\/schema.org\",\"@graph\":[{\"@type\":\"WebPage\",\"@id\":\"https:\\\/\\\/operanatela.com\\\/2024\\\/o-festival\\\/sobre-o-festival\\\/\",\"url\":\"https:\\\/\\\/operanatela.com\\\/2024\\\/o-festival\\\/sobre-o-festival\\\/\",\"name\":\"Sobre o Festival - \u00d3pera na tela 2024\",\"isPartOf\":{\"@id\":\"https:\\\/\\\/operanatela.com\\\/2024\\\/#website\"},\"datePublished\":\"2018-09-28T04:54:32+00:00\",\"dateModified\":\"2024-11-07T21:47:46+00:00\",\"breadcrumb\":{\"@id\":\"https:\\\/\\\/operanatela.com\\\/2024\\\/o-festival\\\/sobre-o-festival\\\/#breadcrumb\"},\"inLanguage\":\"pt-BR\",\"potentialAction\":[{\"@type\":\"ReadAction\",\"target\":[\"https:\\\/\\\/operanatela.com\\\/2024\\\/o-festival\\\/sobre-o-festival\\\/\"]}]},{\"@type\":\"BreadcrumbList\",\"@id\":\"https:\\\/\\\/operanatela.com\\\/2024\\\/o-festival\\\/sobre-o-festival\\\/#breadcrumb\",\"itemListElement\":[{\"@type\":\"ListItem\",\"position\":1,\"name\":\"In\u00edcio\",\"item\":\"https:\\\/\\\/operanatela.com\\\/2024\\\/\"},{\"@type\":\"ListItem\",\"position\":2,\"name\":\"O Festival\",\"item\":\"https:\\\/\\\/operanatela.com\\\/2024\\\/o-festival\\\/\"},{\"@type\":\"ListItem\",\"position\":3,\"name\":\"Sobre o Festival\"}]},{\"@type\":\"WebSite\",\"@id\":\"https:\\\/\\\/operanatela.com\\\/2024\\\/#website\",\"url\":\"https:\\\/\\\/operanatela.com\\\/2024\\\/\",\"name\":\"\u00d3pera na tela 2024\",\"description\":\"O Festival\u00a0\u00d3pera na Tela 2024 proporciona ao p\u00fablico a experi\u00eancia de assistir \u00e0s montagens mais grandiosas da \u00f3pera em tela gigante, com alta qualidade de som e imagem, cadeiras confort\u00e1veis e pre\u00e7os acess\u00edveis.\",\"potentialAction\":[{\"@type\":\"SearchAction\",\"target\":{\"@type\":\"EntryPoint\",\"urlTemplate\":\"https:\\\/\\\/operanatela.com\\\/2024\\\/?s={search_term_string}\"},\"query-input\":{\"@type\":\"PropertyValueSpecification\",\"valueRequired\":true,\"valueName\":\"search_term_string\"}}],\"inLanguage\":\"pt-BR\"}]}<\/script>\n<!-- \/ Yoast SEO plugin. -->","yoast_head_json":{"title":"Sobre o Festival - \u00d3pera na tela 2024","robots":{"index":"index","follow":"follow","max-snippet":"max-snippet:-1","max-image-preview":"max-image-preview:large","max-video-preview":"max-video-preview:-1"},"canonical":"https:\/\/operanatela.com\/2024\/o-festival\/sobre-o-festival\/","og_locale":"pt_BR","og_type":"article","og_title":"Sobre o Festival - \u00d3pera na tela 2024","og_description":"S\u00e3o infinitas as riquezas do repert\u00f3rio l\u00edrico!\u00a0 O Festival \u00d3pera na Tela ser\u00e1 apresentado este ano no Rio de Janeiro e em S\u00e3o Paulo.\u00a0 Em sua oitava edi\u00e7\u00e3o, produ\u00e7\u00f5es que estiveram entre as mais marcantes do ano no circuito europeu ser\u00e3o apresentadas sob as estrelas no Parque Lage, no Rio, durante doze noites consecutivas, de &hellip;","og_url":"https:\/\/operanatela.com\/2024\/o-festival\/sobre-o-festival\/","og_site_name":"\u00d3pera na tela 2024","article_modified_time":"2024-11-07T21:47:46+00:00","twitter_card":"summary_large_image","twitter_misc":{"Est. tempo de leitura":"4 minutos"},"schema":{"@context":"https:\/\/schema.org","@graph":[{"@type":"WebPage","@id":"https:\/\/operanatela.com\/2024\/o-festival\/sobre-o-festival\/","url":"https:\/\/operanatela.com\/2024\/o-festival\/sobre-o-festival\/","name":"Sobre o Festival - \u00d3pera na tela 2024","isPartOf":{"@id":"https:\/\/operanatela.com\/2024\/#website"},"datePublished":"2018-09-28T04:54:32+00:00","dateModified":"2024-11-07T21:47:46+00:00","breadcrumb":{"@id":"https:\/\/operanatela.com\/2024\/o-festival\/sobre-o-festival\/#breadcrumb"},"inLanguage":"pt-BR","potentialAction":[{"@type":"ReadAction","target":["https:\/\/operanatela.com\/2024\/o-festival\/sobre-o-festival\/"]}]},{"@type":"BreadcrumbList","@id":"https:\/\/operanatela.com\/2024\/o-festival\/sobre-o-festival\/#breadcrumb","itemListElement":[{"@type":"ListItem","position":1,"name":"In\u00edcio","item":"https:\/\/operanatela.com\/2024\/"},{"@type":"ListItem","position":2,"name":"O Festival","item":"https:\/\/operanatela.com\/2024\/o-festival\/"},{"@type":"ListItem","position":3,"name":"Sobre o Festival"}]},{"@type":"WebSite","@id":"https:\/\/operanatela.com\/2024\/#website","url":"https:\/\/operanatela.com\/2024\/","name":"\u00d3pera na tela 2024","description":"O Festival\u00a0\u00d3pera na Tela 2024 proporciona ao p\u00fablico a experi\u00eancia de assistir \u00e0s montagens mais grandiosas da \u00f3pera em tela gigante, com alta qualidade de som e imagem, cadeiras confort\u00e1veis e pre\u00e7os acess\u00edveis.","potentialAction":[{"@type":"SearchAction","target":{"@type":"EntryPoint","urlTemplate":"https:\/\/operanatela.com\/2024\/?s={search_term_string}"},"query-input":{"@type":"PropertyValueSpecification","valueRequired":true,"valueName":"search_term_string"}}],"inLanguage":"pt-BR"}]}},"_links":{"self":[{"href":"https:\/\/operanatela.com\/2024\/wp-json\/wp\/v2\/pages\/439","targetHints":{"allow":["GET"]}}],"collection":[{"href":"https:\/\/operanatela.com\/2024\/wp-json\/wp\/v2\/pages"}],"about":[{"href":"https:\/\/operanatela.com\/2024\/wp-json\/wp\/v2\/types\/page"}],"author":[{"embeddable":true,"href":"https:\/\/operanatela.com\/2024\/wp-json\/wp\/v2\/users\/1"}],"replies":[{"embeddable":true,"href":"https:\/\/operanatela.com\/2024\/wp-json\/wp\/v2\/comments?post=439"}],"version-history":[{"count":1,"href":"https:\/\/operanatela.com\/2024\/wp-json\/wp\/v2\/pages\/439\/revisions"}],"predecessor-version":[{"id":4313,"href":"https:\/\/operanatela.com\/2024\/wp-json\/wp\/v2\/pages\/439\/revisions\/4313"}],"up":[{"embeddable":true,"href":"https:\/\/operanatela.com\/2024\/wp-json\/wp\/v2\/pages\/437"}],"wp:attachment":[{"href":"https:\/\/operanatela.com\/2024\/wp-json\/wp\/v2\/media?parent=439"}],"curies":[{"name":"wp","href":"https:\/\/api.w.org\/{rel}","templated":true}]}}