{"id":1829,"date":"2019-10-02T10:49:15","date_gmt":"2019-10-02T13:49:15","guid":{"rendered":"http:\/\/operanatela.com\/2019\/?page_id=1829"},"modified":"2024-11-12T19:22:42","modified_gmt":"2024-11-12T22:22:42","slug":"ciclo-de-palestras","status":"publish","type":"page","link":"https:\/\/operanatela.com\/2024\/ciclo-de-palestras\/","title":{"rendered":"Ciclo de palestras"},"content":{"rendered":"<p><strong><span style=\"font-size: 14pt;\">Ministradas por RODOLFO VALVERDE<\/span><\/strong><\/p>\n<h2><span style=\"font-size: 18pt;\">A \u00d3pera de Puccini<\/span><\/h2>\n<p>Do romantismo ao verismo, drama, paix\u00e3o e \u00eaxtase caracterizam a obra de Giacomo Puccini (1858-1924) \u00e9 o \u00faltimo grande compositor oper\u00edstico italiano de uma longa tradi\u00e7\u00e3o que remonta ao in\u00edcio do s\u00e9culo XVII e ao nascimento do pr\u00f3prio g\u00eanero. Em suas \u00f3peras, constru\u00eddas a partir de um senso teatral \u00edmpar, Puccini sintetizou as caracter\u00edsticas fundamentais da tradi\u00e7\u00e3o l\u00edrica italiana a novos elementos musicais desenvolvidos por compositores vanguardistas como o alem\u00e3o Richard Wagner, forjando uma identidade dram\u00e1tico-musical \u00fanica, de grande impacto emocional e poder descritivo. Neste ano, em que rememoramos o centen\u00e1rio de seu desaparecimento, o projeto \u00d3pera na Tela traz tr\u00eas de suas \u00f3peras mais representativas, La Boh\u00e8me, Tosca e a inacabada Turandot, al\u00e9m de uma raridade nos palcos, a com\u00e9dia l\u00edrica La Rondine, que ser\u00e3o analisadas em nosso ciclo de palestras.<\/p>\n<p><span style=\"font-size: 14pt;\"><strong>PARQUE LAGE \u2013 Tenda do festival <\/strong>(Acesso livre)<\/span><\/p>\n<p><span style=\"font-size: 14pt;\"><span style=\"font-size: 18pt;\"><strong>29\/11<\/strong><\/span><br \/>\n<\/span><span style=\"font-size: 14pt;\">16h30 \u00e0s 18h: \u00a0Tosca e Turandot<\/span><\/p>\n<p><span style=\"font-size: 14pt;\"><strong><span style=\"font-size: 18pt;\">30\/11<\/span><br \/>\n<\/strong><\/span><span style=\"font-size: 14pt;\">16h30 \u00e0s 18h: \u00a0La Rondine e La Boh\u00e8me<\/span><\/p>\n<p>&nbsp;<\/p>\n<hr \/>\n<h2><span style=\"font-size: 18pt;\">\u00d3pera: Arte total<\/span><\/h2>\n<p>A mais completa das artes interpretativas, a \u00f3pera \u00e9 uma combina\u00e7\u00e3o plena de m\u00fasica, teatro e literatura. De seu nascimento at\u00e9 os dias atuais, sua evolu\u00e7\u00e3o estil\u00edstica influencia e reflete as transforma\u00e7\u00f5es culturais e art\u00edsticas da sociedade ocidental. Em dois encontros, as caracter\u00edsticas musicais, vocais e dram\u00e1ticas da \u00f3pera ser\u00e3o analisadas atrav\u00e9s da aprecia\u00e7\u00e3o das obras apresentadas na presente edi\u00e7\u00e3o do projeto. Da releitura dram\u00e1tico-musical de Macbeth por Verdi \u00e0 sensibilidade teatral do \u00faltimo grande operista rom\u00e2ntico italiano, Puccini, reveladas em La Boh\u00e8me, Tosca, La Rondine e Turandot. Do exotismo rom\u00e2ntico franc\u00eas de Bizet, em Les P\u00eacheurs de Perles, e de Delibes, em Lakm\u00e9, \u00e0 esfuziante La P\u00e9richole, de Offenbach. Da com\u00e9die h\u00e9ro\u00efque de Massenet baseada em Dom Quixote ao moderno expressionismo germ\u00e2nico de Richard Strauss em Elektra, a \u00f3pera \u00e9 viva, a \u00f3pera \u00e9 vida! Viva a \u00d3pera!<\/p>\n<p>&nbsp;<\/p>\n<p><span style=\"font-size: 14pt;\"><strong>CENTRO CULTURAL BANCO DO BRASIL DO RIO DE JANEIRO <\/strong>(Acesso livre)<\/span><\/p>\n<p>&nbsp;<\/p>\n<p><span style=\"font-size: 14pt;\"><span style=\"font-size: 18pt;\"><strong>04\/12<\/strong><\/span><br \/>\n<\/span><span style=\"font-size: 14pt;\">16h \u00e0s 17:30h: O apogeu da \u00d3pera Rom\u00e2ntica Italiana: Verdi e Puccini<\/span><\/p>\n<p>Em sua trajet\u00f3ria singular, a \u00f3pera italiana \u00e9 a refer\u00eancia absoluta do g\u00eanero em suas transforma\u00e7\u00f5es dram\u00e1ticas e musicais. Giuseppe Verdi e Giacomo Puccini representam o \u00e1pice de uma rica tradi\u00e7\u00e3o oper\u00edstica que remonta ao in\u00edcio do s\u00e9culo XVII, influenciando os caminhos percorridos pela m\u00fasica ocidental. Com suas \u00f3peras, Verdi se torna o grande s\u00edmbolo cultural da It\u00e1lia no ottocento, pavimentando o caminho para o verismo e a s\u00edntese estil\u00edstica do \u00faltimo grande operista rom\u00e2ntico italiano, Puccini, que rememoramos especialmente neste que \u00e9 o ano de centen\u00e1rio de seu desaparecimento.<\/p>\n<p>&nbsp;<\/p>\n<p><span style=\"font-size: 14pt;\"><span style=\"font-size: 18pt;\"><strong>05\/12<\/strong><\/span><br \/>\n<\/span><span style=\"font-size: 14pt;\">16h \u00e0s 17:30h: \u00d3pera \u00e0 francesa e o Modernismo Germ\u00e2nico: Bizet, Delibes, Offenbach, Massenet e Richard Strauss<\/span><\/p>\n<p>Na Paris do s\u00e9culo XIX, capital cultural da Europa, a diversidade de teatros se reflete na pluralidade de g\u00eaneros oper\u00edsticos. Apesar de caracter\u00edsticas estil\u00edsticas e conven\u00e7\u00f5es dram\u00e1ticas distintas, temas e ambientes caros ao romantismo s\u00e3o compartilhados pelo \u00f3pera lyrique, pelo \u00f3pera-comique e pelo grand op\u00e9ra, em obras de Georges Bizet, Leo Delibes e Jules Massenet, enquanto a s\u00e1tira social e pol\u00edtica encontra o seu espa\u00e7o no op\u00e9ra bouffe de Jacques Offenbach. Em paralelo, os desdobramentos da est\u00e9tica rom\u00e2ntica germ\u00e2nica culminam na obra multifacetada de Richard Strauss.<\/p>\n<p>&nbsp;<\/p>\n<hr \/>\n<p>&nbsp;<\/p>\n<p><img loading=\"lazy\" decoding=\"async\" class=\"alignleft wp-image-3996\" src=\"https:\/\/operanatela.com\/2024\/wp-content\/uploads\/2023\/08\/Foto-Rodolfo-Valverde-200x300.jpg\" alt=\"Rodolfo Valverde\" width=\"250\" height=\"375\" srcset=\"https:\/\/operanatela.com\/2024\/wp-content\/uploads\/2023\/08\/Foto-Rodolfo-Valverde-200x300.jpg 200w, https:\/\/operanatela.com\/2024\/wp-content\/uploads\/2023\/08\/Foto-Rodolfo-Valverde-683x1024.jpg 683w, https:\/\/operanatela.com\/2024\/wp-content\/uploads\/2023\/08\/Foto-Rodolfo-Valverde-768x1152.jpg 768w, https:\/\/operanatela.com\/2024\/wp-content\/uploads\/2023\/08\/Foto-Rodolfo-Valverde.jpg 1000w\" sizes=\"auto, (max-width: 250px) 100vw, 250px\" \/><strong>Rodolfo Valverde<\/strong><\/p>\n<p>Doutor Honoris Causa pela Universidade Federal de Juiz de Fora (UFJF). Professor efetivo do Instituto de Artes e Design da UFJF desde 2007, onde ministra disciplinas como Hist\u00f3ria e Aprecia\u00e7\u00e3o Musicais (I a IV), \u00d3pera: Arte Total (I a V), Evolu\u00e7\u00e3o da Linguagem Musical, M\u00fasica Moderna e Hist\u00f3ria da M\u00fasica Erudita Brasileira. Comentarista das transmiss\u00f5es ao vivo das \u00f3peras da Metropolitan Opera, New York, e dos bal\u00e9s do Teatro Bolshoi nas temporadas 2010\/2011 e 2011\/2012. Colunista e cr\u00edtico musical do Jornal do Brasil durante os anos de 2008 a 2010. Conferencista, ministra cursos e palestras em festivais de m\u00fasica (como nas edi\u00e7\u00f5es anuais do Festival Internacional Pr\u00f3-M\u00fasica) e centros culturais do pa\u00eds. Diretor geral da montagem da \u00f3pera \u201cDido &amp; Aeneas\u201d (Purcell) pelo Projeto Orfeu da UFJF em 2019. Coordenador dos Encontros de Musicologia Hist\u00f3rica realizados pelo Centro Cultural Pr\u00f3-M\u00fasica desde 2012, organizou e publicou os livros \u201cIntertextualidades: fronteiras entre o sacro e o profano na m\u00fasica do Brasil colonial e imperial\u201d, \u201cTeoria e pr\u00e1xis: uma antiga dicotomia revisitada\u201d, dentre outros. Coordenador do Bacharelado em M\u00fasica da UFJF entre os anos de 2011 e 2017. Graduado em Medicina (1988), foi professor do departamento de Cl\u00ednica M\u00e9dica da UFJF entre 1997 e 2007.<\/p>\n","protected":false},"excerpt":{"rendered":"<p>Ministradas por RODOLFO VALVERDE A \u00d3pera de Puccini Do romantismo ao verismo, drama, paix\u00e3o e \u00eaxtase caracterizam a obra de Giacomo Puccini (1858-1924) \u00e9 o \u00faltimo grande compositor oper\u00edstico italiano de uma longa tradi\u00e7\u00e3o que remonta ao in\u00edcio do s\u00e9culo XVII e ao nascimento do pr\u00f3prio g\u00eanero. Em suas \u00f3peras, constru\u00eddas a partir de um &hellip;<\/p>\n","protected":false},"author":1,"featured_media":0,"parent":0,"menu_order":0,"comment_status":"closed","ping_status":"closed","template":"","meta":{"_acf_changed":false,"footnotes":""},"class_list":["post-1829","page","type-page","status-publish","hentry"],"acf":[],"yoast_head":"<!-- This site is optimized with the Yoast SEO plugin v27.3 - https:\/\/yoast.com\/product\/yoast-seo-wordpress\/ -->\n<title>Ciclo de palestras - \u00d3pera na tela 2024<\/title>\n<meta name=\"robots\" content=\"index, follow, max-snippet:-1, max-image-preview:large, max-video-preview:-1\" \/>\n<link rel=\"canonical\" href=\"https:\/\/operanatela.com\/2024\/ciclo-de-palestras\/\" \/>\n<meta property=\"og:locale\" content=\"pt_BR\" \/>\n<meta property=\"og:type\" content=\"article\" \/>\n<meta property=\"og:title\" content=\"Ciclo de palestras - \u00d3pera na tela 2024\" \/>\n<meta property=\"og:description\" content=\"Ministradas por RODOLFO VALVERDE A \u00d3pera de Puccini Do romantismo ao verismo, drama, paix\u00e3o e \u00eaxtase caracterizam a obra de Giacomo Puccini (1858-1924) \u00e9 o \u00faltimo grande compositor oper\u00edstico italiano de uma longa tradi\u00e7\u00e3o que remonta ao in\u00edcio do s\u00e9culo XVII e ao nascimento do pr\u00f3prio g\u00eanero. Em suas \u00f3peras, constru\u00eddas a partir de um &hellip;\" \/>\n<meta property=\"og:url\" content=\"https:\/\/operanatela.com\/2024\/ciclo-de-palestras\/\" \/>\n<meta property=\"og:site_name\" content=\"\u00d3pera na tela 2024\" \/>\n<meta property=\"article:modified_time\" content=\"2024-11-12T22:22:42+00:00\" \/>\n<meta property=\"og:image\" content=\"https:\/\/operanatela.com\/2024\/wp-content\/uploads\/2023\/08\/Foto-Rodolfo-Valverde.jpg\" \/>\n\t<meta property=\"og:image:width\" content=\"1000\" \/>\n\t<meta property=\"og:image:height\" content=\"1500\" \/>\n\t<meta property=\"og:image:type\" content=\"image\/jpeg\" \/>\n<meta name=\"twitter:card\" content=\"summary_large_image\" \/>\n<meta name=\"twitter:label1\" content=\"Est. tempo de leitura\" \/>\n\t<meta name=\"twitter:data1\" content=\"5 minutos\" \/>\n<script type=\"application\/ld+json\" class=\"yoast-schema-graph\">{\"@context\":\"https:\\\/\\\/schema.org\",\"@graph\":[{\"@type\":\"WebPage\",\"@id\":\"https:\\\/\\\/operanatela.com\\\/2024\\\/ciclo-de-palestras\\\/\",\"url\":\"https:\\\/\\\/operanatela.com\\\/2024\\\/ciclo-de-palestras\\\/\",\"name\":\"Ciclo de palestras - \u00d3pera na tela 2024\",\"isPartOf\":{\"@id\":\"https:\\\/\\\/operanatela.com\\\/2024\\\/#website\"},\"primaryImageOfPage\":{\"@id\":\"https:\\\/\\\/operanatela.com\\\/2024\\\/ciclo-de-palestras\\\/#primaryimage\"},\"image\":{\"@id\":\"https:\\\/\\\/operanatela.com\\\/2024\\\/ciclo-de-palestras\\\/#primaryimage\"},\"thumbnailUrl\":\"https:\\\/\\\/operanatela.com\\\/2024\\\/wp-content\\\/uploads\\\/2023\\\/08\\\/Foto-Rodolfo-Valverde-200x300.jpg\",\"datePublished\":\"2019-10-02T13:49:15+00:00\",\"dateModified\":\"2024-11-12T22:22:42+00:00\",\"breadcrumb\":{\"@id\":\"https:\\\/\\\/operanatela.com\\\/2024\\\/ciclo-de-palestras\\\/#breadcrumb\"},\"inLanguage\":\"pt-BR\",\"potentialAction\":[{\"@type\":\"ReadAction\",\"target\":[\"https:\\\/\\\/operanatela.com\\\/2024\\\/ciclo-de-palestras\\\/\"]}]},{\"@type\":\"ImageObject\",\"inLanguage\":\"pt-BR\",\"@id\":\"https:\\\/\\\/operanatela.com\\\/2024\\\/ciclo-de-palestras\\\/#primaryimage\",\"url\":\"https:\\\/\\\/operanatela.com\\\/2024\\\/wp-content\\\/uploads\\\/2023\\\/08\\\/Foto-Rodolfo-Valverde.jpg\",\"contentUrl\":\"https:\\\/\\\/operanatela.com\\\/2024\\\/wp-content\\\/uploads\\\/2023\\\/08\\\/Foto-Rodolfo-Valverde.jpg\",\"width\":1000,\"height\":1500},{\"@type\":\"BreadcrumbList\",\"@id\":\"https:\\\/\\\/operanatela.com\\\/2024\\\/ciclo-de-palestras\\\/#breadcrumb\",\"itemListElement\":[{\"@type\":\"ListItem\",\"position\":1,\"name\":\"In\u00edcio\",\"item\":\"https:\\\/\\\/operanatela.com\\\/2024\\\/\"},{\"@type\":\"ListItem\",\"position\":2,\"name\":\"Ciclo de palestras\"}]},{\"@type\":\"WebSite\",\"@id\":\"https:\\\/\\\/operanatela.com\\\/2024\\\/#website\",\"url\":\"https:\\\/\\\/operanatela.com\\\/2024\\\/\",\"name\":\"\u00d3pera na tela 2024\",\"description\":\"O Festival\u00a0\u00d3pera na Tela 2024 proporciona ao p\u00fablico a experi\u00eancia de assistir \u00e0s montagens mais grandiosas da \u00f3pera em tela gigante, com alta qualidade de som e imagem, cadeiras confort\u00e1veis e pre\u00e7os acess\u00edveis.\",\"potentialAction\":[{\"@type\":\"SearchAction\",\"target\":{\"@type\":\"EntryPoint\",\"urlTemplate\":\"https:\\\/\\\/operanatela.com\\\/2024\\\/?s={search_term_string}\"},\"query-input\":{\"@type\":\"PropertyValueSpecification\",\"valueRequired\":true,\"valueName\":\"search_term_string\"}}],\"inLanguage\":\"pt-BR\"}]}<\/script>\n<!-- \/ Yoast SEO plugin. -->","yoast_head_json":{"title":"Ciclo de palestras - \u00d3pera na tela 2024","robots":{"index":"index","follow":"follow","max-snippet":"max-snippet:-1","max-image-preview":"max-image-preview:large","max-video-preview":"max-video-preview:-1"},"canonical":"https:\/\/operanatela.com\/2024\/ciclo-de-palestras\/","og_locale":"pt_BR","og_type":"article","og_title":"Ciclo de palestras - \u00d3pera na tela 2024","og_description":"Ministradas por RODOLFO VALVERDE A \u00d3pera de Puccini Do romantismo ao verismo, drama, paix\u00e3o e \u00eaxtase caracterizam a obra de Giacomo Puccini (1858-1924) \u00e9 o \u00faltimo grande compositor oper\u00edstico italiano de uma longa tradi\u00e7\u00e3o que remonta ao in\u00edcio do s\u00e9culo XVII e ao nascimento do pr\u00f3prio g\u00eanero. Em suas \u00f3peras, constru\u00eddas a partir de um &hellip;","og_url":"https:\/\/operanatela.com\/2024\/ciclo-de-palestras\/","og_site_name":"\u00d3pera na tela 2024","article_modified_time":"2024-11-12T22:22:42+00:00","og_image":[{"width":1000,"height":1500,"url":"https:\/\/operanatela.com\/2024\/wp-content\/uploads\/2023\/08\/Foto-Rodolfo-Valverde.jpg","type":"image\/jpeg"}],"twitter_card":"summary_large_image","twitter_misc":{"Est. tempo de leitura":"5 minutos"},"schema":{"@context":"https:\/\/schema.org","@graph":[{"@type":"WebPage","@id":"https:\/\/operanatela.com\/2024\/ciclo-de-palestras\/","url":"https:\/\/operanatela.com\/2024\/ciclo-de-palestras\/","name":"Ciclo de palestras - \u00d3pera na tela 2024","isPartOf":{"@id":"https:\/\/operanatela.com\/2024\/#website"},"primaryImageOfPage":{"@id":"https:\/\/operanatela.com\/2024\/ciclo-de-palestras\/#primaryimage"},"image":{"@id":"https:\/\/operanatela.com\/2024\/ciclo-de-palestras\/#primaryimage"},"thumbnailUrl":"https:\/\/operanatela.com\/2024\/wp-content\/uploads\/2023\/08\/Foto-Rodolfo-Valverde-200x300.jpg","datePublished":"2019-10-02T13:49:15+00:00","dateModified":"2024-11-12T22:22:42+00:00","breadcrumb":{"@id":"https:\/\/operanatela.com\/2024\/ciclo-de-palestras\/#breadcrumb"},"inLanguage":"pt-BR","potentialAction":[{"@type":"ReadAction","target":["https:\/\/operanatela.com\/2024\/ciclo-de-palestras\/"]}]},{"@type":"ImageObject","inLanguage":"pt-BR","@id":"https:\/\/operanatela.com\/2024\/ciclo-de-palestras\/#primaryimage","url":"https:\/\/operanatela.com\/2024\/wp-content\/uploads\/2023\/08\/Foto-Rodolfo-Valverde.jpg","contentUrl":"https:\/\/operanatela.com\/2024\/wp-content\/uploads\/2023\/08\/Foto-Rodolfo-Valverde.jpg","width":1000,"height":1500},{"@type":"BreadcrumbList","@id":"https:\/\/operanatela.com\/2024\/ciclo-de-palestras\/#breadcrumb","itemListElement":[{"@type":"ListItem","position":1,"name":"In\u00edcio","item":"https:\/\/operanatela.com\/2024\/"},{"@type":"ListItem","position":2,"name":"Ciclo de palestras"}]},{"@type":"WebSite","@id":"https:\/\/operanatela.com\/2024\/#website","url":"https:\/\/operanatela.com\/2024\/","name":"\u00d3pera na tela 2024","description":"O Festival\u00a0\u00d3pera na Tela 2024 proporciona ao p\u00fablico a experi\u00eancia de assistir \u00e0s montagens mais grandiosas da \u00f3pera em tela gigante, com alta qualidade de som e imagem, cadeiras confort\u00e1veis e pre\u00e7os acess\u00edveis.","potentialAction":[{"@type":"SearchAction","target":{"@type":"EntryPoint","urlTemplate":"https:\/\/operanatela.com\/2024\/?s={search_term_string}"},"query-input":{"@type":"PropertyValueSpecification","valueRequired":true,"valueName":"search_term_string"}}],"inLanguage":"pt-BR"}]}},"_links":{"self":[{"href":"https:\/\/operanatela.com\/2024\/wp-json\/wp\/v2\/pages\/1829","targetHints":{"allow":["GET"]}}],"collection":[{"href":"https:\/\/operanatela.com\/2024\/wp-json\/wp\/v2\/pages"}],"about":[{"href":"https:\/\/operanatela.com\/2024\/wp-json\/wp\/v2\/types\/page"}],"author":[{"embeddable":true,"href":"https:\/\/operanatela.com\/2024\/wp-json\/wp\/v2\/users\/1"}],"replies":[{"embeddable":true,"href":"https:\/\/operanatela.com\/2024\/wp-json\/wp\/v2\/comments?post=1829"}],"version-history":[{"count":35,"href":"https:\/\/operanatela.com\/2024\/wp-json\/wp\/v2\/pages\/1829\/revisions"}],"predecessor-version":[{"id":4535,"href":"https:\/\/operanatela.com\/2024\/wp-json\/wp\/v2\/pages\/1829\/revisions\/4535"}],"wp:attachment":[{"href":"https:\/\/operanatela.com\/2024\/wp-json\/wp\/v2\/media?parent=1829"}],"curies":[{"name":"wp","href":"https:\/\/api.w.org\/{rel}","templated":true}]}}