{"id":1609,"date":"2018-09-20T15:47:59","date_gmt":"2018-09-20T18:47:59","guid":{"rendered":"http:\/\/operanatela.com\/2018\/?page_id=2"},"modified":"2024-11-25T15:03:27","modified_gmt":"2024-11-25T18:03:27","slug":"home","status":"publish","type":"page","link":"https:\/\/operanatela.com\/2024\/","title":{"rendered":"Festival \u00d3pera na Tela 2024"},"content":{"rendered":"<div id=\"metaslider-id-2365\" style=\"width: 100%;\" class=\"ml-slider-3-102-0 ml-slider-pro-2-6-8 metaslider metaslider-flex metaslider-2365 ml-slider border: 1px solid #a21c26; has-dots-nav ms-theme-default\" role=\"region\" aria-label=\"Home\" data-height=\"480\" data-width=\"750\">\n    <div id=\"metaslider_container_2365\">\n        <div id=\"metaslider_2365\">\n            <ul class='slides'>\n                <li style=\"display: block; width: 100%;\" class=\"slide-4731 ms-image \" aria-roledescription=\"slide\" data-date=\"2024-12-03 10:11:15\" data-slide-type=\"image\"><a href=\"https:\/\/operanatela.com\/2024\/wp-content\/uploads\/2025\/03\/ONT2024_balanco_v1.pdf\" target=\"_blank\" aria-label=\"View Slide Details\" class=\"metaslider_image_link\"><img loading=\"lazy\" decoding=\"async\" src=\"https:\/\/operanatela.com\/2024\/wp-content\/uploads\/2025\/03\/Opera2024_balanco-3.jpg\" height=\"480\" width=\"750\" alt=\"\" class=\"slider-2365 slide-4731 msDefaultImage\" title=\"Opera2024_balanco\" \/><\/a><div class=\"caption-wrap\"><div class=\"caption\"><div>Confira o Balan\u00e7o do Festival \u00d3pera na Tela 2024\/2025<\/div><\/div><\/div><\/li>\n            <\/ul>\n        <\/div>\n        \n    <\/div>\n<\/div>\n","protected":false},"excerpt":{"rendered":"","protected":false},"author":1,"featured_media":0,"parent":0,"menu_order":0,"comment_status":"closed","ping_status":"open","template":"page_home.php","meta":{"_acf_changed":false,"footnotes":""},"class_list":["post-1609","page","type-page","status-publish","hentry"],"acf":[],"yoast_head":"<!-- This site is optimized with the Yoast SEO plugin v26.2 - https:\/\/yoast.com\/wordpress\/plugins\/seo\/ -->\n<title>Festival \u00d3pera na Tela 2024 - \u00d3pera na tela 2024<\/title>\n<meta name=\"description\" content=\"O Festival\u00a0\u00d3pera na Tela 2019 proporciona ao p\u00fablico de a experi\u00eancia de assistir \u00e0s montagens mais grandiosas da \u00f3pera em tela gigante.\" \/>\n<meta name=\"robots\" content=\"index, follow, max-snippet:-1, max-image-preview:large, max-video-preview:-1\" \/>\n<link rel=\"canonical\" href=\"https:\/\/operanatela.com\/2024\/\" \/>\n<meta property=\"og:locale\" content=\"pt_BR\" \/>\n<meta property=\"og:type\" content=\"article\" \/>\n<meta property=\"og:title\" content=\"Festival \u00d3pera na Tela 2024 - \u00d3pera na tela 2024\" \/>\n<meta property=\"og:description\" content=\"O Festival\u00a0\u00d3pera na Tela 2019 proporciona ao p\u00fablico de a experi\u00eancia de assistir \u00e0s montagens mais grandiosas da \u00f3pera em tela gigante.\" \/>\n<meta property=\"og:url\" content=\"https:\/\/operanatela.com\/2024\/\" \/>\n<meta property=\"og:site_name\" content=\"\u00d3pera na tela 2024\" \/>\n<meta property=\"article:modified_time\" content=\"2024-11-25T18:03:27+00:00\" \/>\n<meta name=\"twitter:card\" content=\"summary_large_image\" \/>\n<meta name=\"twitter:label1\" content=\"Est. tempo de leitura\" \/>\n\t<meta name=\"twitter:data1\" content=\"1 minuto\" \/>\n<script type=\"application\/ld+json\" class=\"yoast-schema-graph\">{\"@context\":\"https:\/\/schema.org\",\"@graph\":[{\"@type\":\"WebPage\",\"@id\":\"https:\/\/operanatela.com\/2024\/\",\"url\":\"https:\/\/operanatela.com\/2024\/\",\"name\":\"Festival \u00d3pera na Tela 2024 - \u00d3pera na tela 2024\",\"isPartOf\":{\"@id\":\"https:\/\/operanatela.com\/2024\/#website\"},\"datePublished\":\"2018-09-20T18:47:59+00:00\",\"dateModified\":\"2024-11-25T18:03:27+00:00\",\"description\":\"O Festival\u00a0\u00d3pera na Tela 2019 proporciona ao p\u00fablico de a experi\u00eancia de assistir \u00e0s montagens mais grandiosas da \u00f3pera em tela gigante.\",\"breadcrumb\":{\"@id\":\"https:\/\/operanatela.com\/2024\/#breadcrumb\"},\"inLanguage\":\"pt-BR\",\"potentialAction\":[{\"@type\":\"ReadAction\",\"target\":[\"https:\/\/operanatela.com\/2024\/\"]}]},{\"@type\":\"BreadcrumbList\",\"@id\":\"https:\/\/operanatela.com\/2024\/#breadcrumb\",\"itemListElement\":[{\"@type\":\"ListItem\",\"position\":1,\"name\":\"In\u00edcio\",\"item\":\"https:\/\/operanatela.com\/2024\/\"},{\"@type\":\"ListItem\",\"position\":2,\"name\":\"Festival \u00d3pera na Tela 2024\"}]},{\"@type\":\"WebSite\",\"@id\":\"https:\/\/operanatela.com\/2024\/#website\",\"url\":\"https:\/\/operanatela.com\/2024\/\",\"name\":\"\u00d3pera na tela 2024\",\"description\":\"O Festival\u00a0\u00d3pera na Tela 2024 proporciona ao p\u00fablico a experi\u00eancia de assistir \u00e0s montagens mais grandiosas da \u00f3pera em tela gigante, com alta qualidade de som e imagem, cadeiras confort\u00e1veis e pre\u00e7os acess\u00edveis.\",\"potentialAction\":[{\"@type\":\"SearchAction\",\"target\":{\"@type\":\"EntryPoint\",\"urlTemplate\":\"https:\/\/operanatela.com\/2024\/?s={search_term_string}\"},\"query-input\":{\"@type\":\"PropertyValueSpecification\",\"valueRequired\":true,\"valueName\":\"search_term_string\"}}],\"inLanguage\":\"pt-BR\"}]}<\/script>\n<!-- \/ Yoast SEO plugin. -->","yoast_head_json":{"title":"Festival \u00d3pera na Tela 2024 - \u00d3pera na tela 2024","description":"O Festival\u00a0\u00d3pera na Tela 2019 proporciona ao p\u00fablico de a experi\u00eancia de assistir \u00e0s montagens mais grandiosas da \u00f3pera em tela gigante.","robots":{"index":"index","follow":"follow","max-snippet":"max-snippet:-1","max-image-preview":"max-image-preview:large","max-video-preview":"max-video-preview:-1"},"canonical":"https:\/\/operanatela.com\/2024\/","og_locale":"pt_BR","og_type":"article","og_title":"Festival \u00d3pera na Tela 2024 - \u00d3pera na tela 2024","og_description":"O Festival\u00a0\u00d3pera na Tela 2019 proporciona ao p\u00fablico de a experi\u00eancia de assistir \u00e0s montagens mais grandiosas da \u00f3pera em tela gigante.","og_url":"https:\/\/operanatela.com\/2024\/","og_site_name":"\u00d3pera na tela 2024","article_modified_time":"2024-11-25T18:03:27+00:00","twitter_card":"summary_large_image","twitter_misc":{"Est. tempo de leitura":"1 minuto"},"schema":{"@context":"https:\/\/schema.org","@graph":[{"@type":"WebPage","@id":"https:\/\/operanatela.com\/2024\/","url":"https:\/\/operanatela.com\/2024\/","name":"Festival \u00d3pera na Tela 2024 - \u00d3pera na tela 2024","isPartOf":{"@id":"https:\/\/operanatela.com\/2024\/#website"},"datePublished":"2018-09-20T18:47:59+00:00","dateModified":"2024-11-25T18:03:27+00:00","description":"O Festival\u00a0\u00d3pera na Tela 2019 proporciona ao p\u00fablico de a experi\u00eancia de assistir \u00e0s montagens mais grandiosas da \u00f3pera em tela gigante.","breadcrumb":{"@id":"https:\/\/operanatela.com\/2024\/#breadcrumb"},"inLanguage":"pt-BR","potentialAction":[{"@type":"ReadAction","target":["https:\/\/operanatela.com\/2024\/"]}]},{"@type":"BreadcrumbList","@id":"https:\/\/operanatela.com\/2024\/#breadcrumb","itemListElement":[{"@type":"ListItem","position":1,"name":"In\u00edcio","item":"https:\/\/operanatela.com\/2024\/"},{"@type":"ListItem","position":2,"name":"Festival \u00d3pera na Tela 2024"}]},{"@type":"WebSite","@id":"https:\/\/operanatela.com\/2024\/#website","url":"https:\/\/operanatela.com\/2024\/","name":"\u00d3pera na tela 2024","description":"O Festival\u00a0\u00d3pera na Tela 2024 proporciona ao p\u00fablico a experi\u00eancia de assistir \u00e0s montagens mais grandiosas da \u00f3pera em tela gigante, com alta qualidade de som e imagem, cadeiras confort\u00e1veis e pre\u00e7os acess\u00edveis.","potentialAction":[{"@type":"SearchAction","target":{"@type":"EntryPoint","urlTemplate":"https:\/\/operanatela.com\/2024\/?s={search_term_string}"},"query-input":{"@type":"PropertyValueSpecification","valueRequired":true,"valueName":"search_term_string"}}],"inLanguage":"pt-BR"}]}},"_links":{"self":[{"href":"https:\/\/operanatela.com\/2024\/wp-json\/wp\/v2\/pages\/1609","targetHints":{"allow":["GET"]}}],"collection":[{"href":"https:\/\/operanatela.com\/2024\/wp-json\/wp\/v2\/pages"}],"about":[{"href":"https:\/\/operanatela.com\/2024\/wp-json\/wp\/v2\/types\/page"}],"author":[{"embeddable":true,"href":"https:\/\/operanatela.com\/2024\/wp-json\/wp\/v2\/users\/1"}],"replies":[{"embeddable":true,"href":"https:\/\/operanatela.com\/2024\/wp-json\/wp\/v2\/comments?post=1609"}],"version-history":[{"count":2,"href":"https:\/\/operanatela.com\/2024\/wp-json\/wp\/v2\/pages\/1609\/revisions"}],"predecessor-version":[{"id":4703,"href":"https:\/\/operanatela.com\/2024\/wp-json\/wp\/v2\/pages\/1609\/revisions\/4703"}],"wp:attachment":[{"href":"https:\/\/operanatela.com\/2024\/wp-json\/wp\/v2\/media?parent=1609"}],"curies":[{"name":"wp","href":"https:\/\/api.w.org\/{rel}","templated":true}]}}