{"id":518,"date":"2018-10-01T16:18:11","date_gmt":"2018-10-01T19:18:11","guid":{"rendered":"http:\/\/operanatela.com\/2018\/?page_id=518"},"modified":"2023-09-21T15:39:30","modified_gmt":"2023-09-21T18:39:30","slug":"cinemas","status":"publish","type":"page","link":"https:\/\/operanatela.com\/2023\/programacao\/cinemas\/","title":{"rendered":"Cinemas"},"content":{"rendered":"<p>Escolha a cidade e confira a programa\u00e7\u00e3o do Festival \u00d3pera na Tela 2023<\/p>\n<p>(OS INGRESSOS DEVEM SER COMPRADOS DIRETAMENTE COM OS CINEMAS)<br \/>\n&nbsp;<\/p>\n<h3 class=\"col-md-4 col-xs-6\"><a href=\"https:\/\/operanatela.com\/2023\/cidade\/aracaju-se\/\">Aracaju \u2013 SE<\/a><\/h3>\n<h3 class=\"col-md-4 col-xs-6\"><a href=\"https:\/\/operanatela.com\/2023\/cidade\/belo-horizonte-mg\/\">Belo Horizonte \u2013 MG<\/a><\/h3>\n<h3 class=\"col-md-4 col-xs-6\"><a href=\"https:\/\/operanatela.com\/2023\/cidade\/brasilia-df\">Bras\u00edlia \u2013 DF<\/a><\/h3>\n<h3 class=\"col-md-4 col-xs-6\"><a href=\"https:\/\/operanatela.com\/2023\/cidade\/florianopolis-sc\">Florian\u00f3polis \u2013 SC<\/a><\/h3>\n<h3 class=\"col-md-4 col-xs-6\"><a href=\"https:\/\/operanatela.com\/2023\/cidade\/maceio-al\">Macei\u00f3 \u2013 AL<\/a><\/h3>\n<h3 class=\"col-md-4 col-xs-6\"><a href=\"https:\/\/operanatela.com\/2023\/cidade\/porto-alegre-rs\/\">Porto Alegre \u2013 RS<\/a><\/h3>\n<h3 class=\"col-md-4 col-xs-6\"><a href=\"https:\/\/operanatela.com\/2023\/cidade\/recife-pe\/\">Recife \u2013 PE<\/a><\/h3>\n<h3 class=\"col-md-4 col-xs-6\"><a href=\"https:\/\/operanatela.com\/2023\/cidade\/rio-de-janeiro-rj\">Rio de Janeiro \u2013 RJ<\/a><\/h3>\n<h3 class=\"col-md-4 col-xs-6\"><a href=\"https:\/\/operanatela.com\/2023\/cidade\/sao-paulo-sp\">S\u00e3o Paulo \u2013 SP<\/a><\/h3>\n","protected":false},"excerpt":{"rendered":"<p>Escolha a cidade e confira a programa\u00e7\u00e3o do Festival \u00d3pera na Tela 2023 (OS INGRESSOS DEVEM SER COMPRADOS DIRETAMENTE COM OS CINEMAS) &nbsp; Aracaju \u2013 SE Belo Horizonte \u2013 MG Bras\u00edlia \u2013 DF Florian\u00f3polis \u2013 SC Macei\u00f3 \u2013 AL Porto Alegre \u2013 RS Recife \u2013 PE Rio de Janeiro \u2013 RJ S\u00e3o Paulo \u2013 SP<\/p>\n","protected":false},"author":1,"featured_media":0,"parent":520,"menu_order":0,"comment_status":"closed","ping_status":"closed","template":"","meta":{"_acf_changed":false,"footnotes":""},"class_list":["post-518","page","type-page","status-publish","hentry"],"acf":[],"yoast_head":"<!-- This site is optimized with the Yoast SEO plugin v27.4 - https:\/\/yoast.com\/product\/yoast-seo-wordpress\/ -->\n<title>Cinemas - \u00d3pera na tela 2023<\/title>\n<meta name=\"robots\" content=\"index, follow, max-snippet:-1, max-image-preview:large, max-video-preview:-1\" \/>\n<link rel=\"canonical\" href=\"https:\/\/operanatela.com\/2023\/programacao\/cinemas\/\" \/>\n<meta property=\"og:locale\" content=\"pt_BR\" \/>\n<meta property=\"og:type\" content=\"article\" \/>\n<meta property=\"og:title\" content=\"Cinemas - \u00d3pera na tela 2023\" \/>\n<meta property=\"og:description\" content=\"Escolha a cidade e confira a programa\u00e7\u00e3o do Festival \u00d3pera na Tela 2023 (OS INGRESSOS DEVEM SER COMPRADOS DIRETAMENTE COM OS CINEMAS) &nbsp; Aracaju \u2013 SE Belo Horizonte \u2013 MG Bras\u00edlia \u2013 DF Florian\u00f3polis \u2013 SC Macei\u00f3 \u2013 AL Porto Alegre \u2013 RS Recife \u2013 PE Rio de Janeiro \u2013 RJ S\u00e3o Paulo \u2013 SP\" \/>\n<meta property=\"og:url\" content=\"https:\/\/operanatela.com\/2023\/programacao\/cinemas\/\" \/>\n<meta property=\"og:site_name\" content=\"\u00d3pera na tela 2023\" \/>\n<meta property=\"article:modified_time\" content=\"2023-09-21T18:39:30+00:00\" \/>\n<meta name=\"twitter:card\" content=\"summary_large_image\" \/>\n<meta name=\"twitter:label1\" content=\"Est. tempo de leitura\" \/>\n\t<meta name=\"twitter:data1\" content=\"1 minuto\" \/>\n<script type=\"application\/ld+json\" class=\"yoast-schema-graph\">{\"@context\":\"https:\\\/\\\/schema.org\",\"@graph\":[{\"@type\":\"WebPage\",\"@id\":\"https:\\\/\\\/operanatela.com\\\/2023\\\/programacao\\\/cinemas\\\/\",\"url\":\"https:\\\/\\\/operanatela.com\\\/2023\\\/programacao\\\/cinemas\\\/\",\"name\":\"Cinemas - \u00d3pera na tela 2023\",\"isPartOf\":{\"@id\":\"https:\\\/\\\/operanatela.com\\\/2023\\\/#website\"},\"datePublished\":\"2018-10-01T19:18:11+00:00\",\"dateModified\":\"2023-09-21T18:39:30+00:00\",\"breadcrumb\":{\"@id\":\"https:\\\/\\\/operanatela.com\\\/2023\\\/programacao\\\/cinemas\\\/#breadcrumb\"},\"inLanguage\":\"pt-BR\",\"potentialAction\":[{\"@type\":\"ReadAction\",\"target\":[\"https:\\\/\\\/operanatela.com\\\/2023\\\/programacao\\\/cinemas\\\/\"]}]},{\"@type\":\"BreadcrumbList\",\"@id\":\"https:\\\/\\\/operanatela.com\\\/2023\\\/programacao\\\/cinemas\\\/#breadcrumb\",\"itemListElement\":[{\"@type\":\"ListItem\",\"position\":1,\"name\":\"In\u00edcio\",\"item\":\"https:\\\/\\\/operanatela.com\\\/2023\\\/\"},{\"@type\":\"ListItem\",\"position\":2,\"name\":\"Programa\u00e7\u00e3o\",\"item\":\"https:\\\/\\\/operanatela.com\\\/2023\\\/programacao\\\/\"},{\"@type\":\"ListItem\",\"position\":3,\"name\":\"Cinemas\"}]},{\"@type\":\"WebSite\",\"@id\":\"https:\\\/\\\/operanatela.com\\\/2023\\\/#website\",\"url\":\"https:\\\/\\\/operanatela.com\\\/2023\\\/\",\"name\":\"\u00d3pera na tela 2023\",\"description\":\"O Festival\u00a0\u00d3pera na Tela 2023 proporciona ao p\u00fablico a experi\u00eancia de assistir \u00e0s montagens mais grandiosas da \u00f3pera em tela gigante, com alta qualidade de som e imagem, cadeiras confort\u00e1veis e pre\u00e7os acess\u00edveis.\",\"potentialAction\":[{\"@type\":\"SearchAction\",\"target\":{\"@type\":\"EntryPoint\",\"urlTemplate\":\"https:\\\/\\\/operanatela.com\\\/2023\\\/?s={search_term_string}\"},\"query-input\":{\"@type\":\"PropertyValueSpecification\",\"valueRequired\":true,\"valueName\":\"search_term_string\"}}],\"inLanguage\":\"pt-BR\"}]}<\/script>\n<!-- \/ Yoast SEO plugin. -->","yoast_head_json":{"title":"Cinemas - \u00d3pera na tela 2023","robots":{"index":"index","follow":"follow","max-snippet":"max-snippet:-1","max-image-preview":"max-image-preview:large","max-video-preview":"max-video-preview:-1"},"canonical":"https:\/\/operanatela.com\/2023\/programacao\/cinemas\/","og_locale":"pt_BR","og_type":"article","og_title":"Cinemas - \u00d3pera na tela 2023","og_description":"Escolha a cidade e confira a programa\u00e7\u00e3o do Festival \u00d3pera na Tela 2023 (OS INGRESSOS DEVEM SER COMPRADOS DIRETAMENTE COM OS CINEMAS) &nbsp; Aracaju \u2013 SE Belo Horizonte \u2013 MG Bras\u00edlia \u2013 DF Florian\u00f3polis \u2013 SC Macei\u00f3 \u2013 AL Porto Alegre \u2013 RS Recife \u2013 PE Rio de Janeiro \u2013 RJ S\u00e3o Paulo \u2013 SP","og_url":"https:\/\/operanatela.com\/2023\/programacao\/cinemas\/","og_site_name":"\u00d3pera na tela 2023","article_modified_time":"2023-09-21T18:39:30+00:00","twitter_card":"summary_large_image","twitter_misc":{"Est. tempo de leitura":"1 minuto"},"schema":{"@context":"https:\/\/schema.org","@graph":[{"@type":"WebPage","@id":"https:\/\/operanatela.com\/2023\/programacao\/cinemas\/","url":"https:\/\/operanatela.com\/2023\/programacao\/cinemas\/","name":"Cinemas - \u00d3pera na tela 2023","isPartOf":{"@id":"https:\/\/operanatela.com\/2023\/#website"},"datePublished":"2018-10-01T19:18:11+00:00","dateModified":"2023-09-21T18:39:30+00:00","breadcrumb":{"@id":"https:\/\/operanatela.com\/2023\/programacao\/cinemas\/#breadcrumb"},"inLanguage":"pt-BR","potentialAction":[{"@type":"ReadAction","target":["https:\/\/operanatela.com\/2023\/programacao\/cinemas\/"]}]},{"@type":"BreadcrumbList","@id":"https:\/\/operanatela.com\/2023\/programacao\/cinemas\/#breadcrumb","itemListElement":[{"@type":"ListItem","position":1,"name":"In\u00edcio","item":"https:\/\/operanatela.com\/2023\/"},{"@type":"ListItem","position":2,"name":"Programa\u00e7\u00e3o","item":"https:\/\/operanatela.com\/2023\/programacao\/"},{"@type":"ListItem","position":3,"name":"Cinemas"}]},{"@type":"WebSite","@id":"https:\/\/operanatela.com\/2023\/#website","url":"https:\/\/operanatela.com\/2023\/","name":"\u00d3pera na tela 2023","description":"O Festival\u00a0\u00d3pera na Tela 2023 proporciona ao p\u00fablico a experi\u00eancia de assistir \u00e0s montagens mais grandiosas da \u00f3pera em tela gigante, com alta qualidade de som e imagem, cadeiras confort\u00e1veis e pre\u00e7os acess\u00edveis.","potentialAction":[{"@type":"SearchAction","target":{"@type":"EntryPoint","urlTemplate":"https:\/\/operanatela.com\/2023\/?s={search_term_string}"},"query-input":{"@type":"PropertyValueSpecification","valueRequired":true,"valueName":"search_term_string"}}],"inLanguage":"pt-BR"}]}},"_links":{"self":[{"href":"https:\/\/operanatela.com\/2023\/wp-json\/wp\/v2\/pages\/518","targetHints":{"allow":["GET"]}}],"collection":[{"href":"https:\/\/operanatela.com\/2023\/wp-json\/wp\/v2\/pages"}],"about":[{"href":"https:\/\/operanatela.com\/2023\/wp-json\/wp\/v2\/types\/page"}],"author":[{"embeddable":true,"href":"https:\/\/operanatela.com\/2023\/wp-json\/wp\/v2\/users\/1"}],"replies":[{"embeddable":true,"href":"https:\/\/operanatela.com\/2023\/wp-json\/wp\/v2\/comments?post=518"}],"version-history":[{"count":31,"href":"https:\/\/operanatela.com\/2023\/wp-json\/wp\/v2\/pages\/518\/revisions"}],"predecessor-version":[{"id":4235,"href":"https:\/\/operanatela.com\/2023\/wp-json\/wp\/v2\/pages\/518\/revisions\/4235"}],"up":[{"embeddable":true,"href":"https:\/\/operanatela.com\/2023\/wp-json\/wp\/v2\/pages\/520"}],"wp:attachment":[{"href":"https:\/\/operanatela.com\/2023\/wp-json\/wp\/v2\/media?parent=518"}],"curies":[{"name":"wp","href":"https:\/\/api.w.org\/{rel}","templated":true}]}}