{"id":513,"date":"2018-10-01T15:49:19","date_gmt":"2018-10-01T18:49:19","guid":{"rendered":"http:\/\/operanatela.com\/2018\/?page_id=513"},"modified":"2023-08-24T16:00:26","modified_gmt":"2023-08-24T19:00:26","slug":"acoes-educativas","status":"publish","type":"page","link":"https:\/\/operanatela.com\/2023\/acoes-educativas\/","title":{"rendered":"A\u00e7\u00f5es educativas"},"content":{"rendered":"<p>&nbsp;<\/p>\n<p><span style=\"font-size: 14pt;\"><strong>INICIA\u00c7\u00c3O \u00c0 \u00d3PERA<\/strong><\/span><\/p>\n<p><span style=\"font-size: 14pt;\">Duas sess\u00f5es de inicia\u00e7\u00e3o \u00e0 \u00f3pera no cinema, ministrada pelo professor e music\u00f3logo <a href=\"https:\/\/operanatela.com\/2023\/rodolfo-valverde\/\" target=\"_blank\" rel=\"noopener\"><strong>Rodolfo Valverde<\/strong><\/a>.<\/span><\/p>\n<p><span style=\"font-size: 14pt;\">Esta\u00e7\u00e3o Net Botafogo<\/span><\/p>\n<p><span style=\"font-size: 14pt;\">Rua Voluntarios da Patria, 88<\/span><\/p>\n<p><span style=\"font-size: 14pt;\">19 e 21 de setembro de 10h \u00e0s 12h<\/span><\/p>\n<p><span style=\"font-size: 14pt;\">Para inscrever sua escola, contatar Luana Farias: <a href=\"mailto:educativo@bonfilm.com.br\"><strong>educativo@bonfilm.com.br<\/strong><\/a><\/span><\/p>\n","protected":false},"excerpt":{"rendered":"<p>&nbsp; INICIA\u00c7\u00c3O \u00c0 \u00d3PERA Duas sess\u00f5es de inicia\u00e7\u00e3o \u00e0 \u00f3pera no cinema, ministrada pelo professor e music\u00f3logo Rodolfo Valverde. Esta\u00e7\u00e3o Net Botafogo Rua Voluntarios da Patria, 88 19 e 21 de setembro de 10h \u00e0s 12h Para inscrever sua escola, contatar Luana Farias: educativo@bonfilm.com.br<\/p>\n","protected":false},"author":1,"featured_media":0,"parent":0,"menu_order":0,"comment_status":"closed","ping_status":"closed","template":"","meta":{"_acf_changed":false,"footnotes":""},"class_list":["post-513","page","type-page","status-publish","hentry"],"acf":[],"yoast_head":"<!-- This site is optimized with the Yoast SEO plugin v27.4 - https:\/\/yoast.com\/product\/yoast-seo-wordpress\/ -->\n<title>A\u00e7\u00f5es educativas - \u00d3pera na tela 2023<\/title>\n<meta name=\"robots\" content=\"index, follow, max-snippet:-1, max-image-preview:large, max-video-preview:-1\" \/>\n<link rel=\"canonical\" href=\"https:\/\/operanatela.com\/2023\/acoes-educativas\/\" \/>\n<meta property=\"og:locale\" content=\"pt_BR\" \/>\n<meta property=\"og:type\" content=\"article\" \/>\n<meta property=\"og:title\" content=\"A\u00e7\u00f5es educativas - \u00d3pera na tela 2023\" \/>\n<meta property=\"og:description\" content=\"&nbsp; INICIA\u00c7\u00c3O \u00c0 \u00d3PERA Duas sess\u00f5es de inicia\u00e7\u00e3o \u00e0 \u00f3pera no cinema, ministrada pelo professor e music\u00f3logo Rodolfo Valverde. Esta\u00e7\u00e3o Net Botafogo Rua Voluntarios da Patria, 88 19 e 21 de setembro de 10h \u00e0s 12h Para inscrever sua escola, contatar Luana Farias: educativo@bonfilm.com.br\" \/>\n<meta property=\"og:url\" content=\"https:\/\/operanatela.com\/2023\/acoes-educativas\/\" \/>\n<meta property=\"og:site_name\" content=\"\u00d3pera na tela 2023\" \/>\n<meta property=\"article:modified_time\" content=\"2023-08-24T19:00:26+00:00\" \/>\n<meta name=\"twitter:card\" content=\"summary_large_image\" \/>\n<meta name=\"twitter:label1\" content=\"Est. tempo de leitura\" \/>\n\t<meta name=\"twitter:data1\" content=\"1 minuto\" \/>\n<script type=\"application\/ld+json\" class=\"yoast-schema-graph\">{\"@context\":\"https:\\\/\\\/schema.org\",\"@graph\":[{\"@type\":\"WebPage\",\"@id\":\"https:\\\/\\\/operanatela.com\\\/2023\\\/acoes-educativas\\\/\",\"url\":\"https:\\\/\\\/operanatela.com\\\/2023\\\/acoes-educativas\\\/\",\"name\":\"A\u00e7\u00f5es educativas - \u00d3pera na tela 2023\",\"isPartOf\":{\"@id\":\"https:\\\/\\\/operanatela.com\\\/2023\\\/#website\"},\"datePublished\":\"2018-10-01T18:49:19+00:00\",\"dateModified\":\"2023-08-24T19:00:26+00:00\",\"breadcrumb\":{\"@id\":\"https:\\\/\\\/operanatela.com\\\/2023\\\/acoes-educativas\\\/#breadcrumb\"},\"inLanguage\":\"pt-BR\",\"potentialAction\":[{\"@type\":\"ReadAction\",\"target\":[\"https:\\\/\\\/operanatela.com\\\/2023\\\/acoes-educativas\\\/\"]}]},{\"@type\":\"BreadcrumbList\",\"@id\":\"https:\\\/\\\/operanatela.com\\\/2023\\\/acoes-educativas\\\/#breadcrumb\",\"itemListElement\":[{\"@type\":\"ListItem\",\"position\":1,\"name\":\"In\u00edcio\",\"item\":\"https:\\\/\\\/operanatela.com\\\/2023\\\/\"},{\"@type\":\"ListItem\",\"position\":2,\"name\":\"A\u00e7\u00f5es educativas\"}]},{\"@type\":\"WebSite\",\"@id\":\"https:\\\/\\\/operanatela.com\\\/2023\\\/#website\",\"url\":\"https:\\\/\\\/operanatela.com\\\/2023\\\/\",\"name\":\"\u00d3pera na tela 2023\",\"description\":\"O Festival\u00a0\u00d3pera na Tela 2023 proporciona ao p\u00fablico a experi\u00eancia de assistir \u00e0s montagens mais grandiosas da \u00f3pera em tela gigante, com alta qualidade de som e imagem, cadeiras confort\u00e1veis e pre\u00e7os acess\u00edveis.\",\"potentialAction\":[{\"@type\":\"SearchAction\",\"target\":{\"@type\":\"EntryPoint\",\"urlTemplate\":\"https:\\\/\\\/operanatela.com\\\/2023\\\/?s={search_term_string}\"},\"query-input\":{\"@type\":\"PropertyValueSpecification\",\"valueRequired\":true,\"valueName\":\"search_term_string\"}}],\"inLanguage\":\"pt-BR\"}]}<\/script>\n<!-- \/ Yoast SEO plugin. -->","yoast_head_json":{"title":"A\u00e7\u00f5es educativas - \u00d3pera na tela 2023","robots":{"index":"index","follow":"follow","max-snippet":"max-snippet:-1","max-image-preview":"max-image-preview:large","max-video-preview":"max-video-preview:-1"},"canonical":"https:\/\/operanatela.com\/2023\/acoes-educativas\/","og_locale":"pt_BR","og_type":"article","og_title":"A\u00e7\u00f5es educativas - \u00d3pera na tela 2023","og_description":"&nbsp; INICIA\u00c7\u00c3O \u00c0 \u00d3PERA Duas sess\u00f5es de inicia\u00e7\u00e3o \u00e0 \u00f3pera no cinema, ministrada pelo professor e music\u00f3logo Rodolfo Valverde. Esta\u00e7\u00e3o Net Botafogo Rua Voluntarios da Patria, 88 19 e 21 de setembro de 10h \u00e0s 12h Para inscrever sua escola, contatar Luana Farias: educativo@bonfilm.com.br","og_url":"https:\/\/operanatela.com\/2023\/acoes-educativas\/","og_site_name":"\u00d3pera na tela 2023","article_modified_time":"2023-08-24T19:00:26+00:00","twitter_card":"summary_large_image","twitter_misc":{"Est. tempo de leitura":"1 minuto"},"schema":{"@context":"https:\/\/schema.org","@graph":[{"@type":"WebPage","@id":"https:\/\/operanatela.com\/2023\/acoes-educativas\/","url":"https:\/\/operanatela.com\/2023\/acoes-educativas\/","name":"A\u00e7\u00f5es educativas - \u00d3pera na tela 2023","isPartOf":{"@id":"https:\/\/operanatela.com\/2023\/#website"},"datePublished":"2018-10-01T18:49:19+00:00","dateModified":"2023-08-24T19:00:26+00:00","breadcrumb":{"@id":"https:\/\/operanatela.com\/2023\/acoes-educativas\/#breadcrumb"},"inLanguage":"pt-BR","potentialAction":[{"@type":"ReadAction","target":["https:\/\/operanatela.com\/2023\/acoes-educativas\/"]}]},{"@type":"BreadcrumbList","@id":"https:\/\/operanatela.com\/2023\/acoes-educativas\/#breadcrumb","itemListElement":[{"@type":"ListItem","position":1,"name":"In\u00edcio","item":"https:\/\/operanatela.com\/2023\/"},{"@type":"ListItem","position":2,"name":"A\u00e7\u00f5es educativas"}]},{"@type":"WebSite","@id":"https:\/\/operanatela.com\/2023\/#website","url":"https:\/\/operanatela.com\/2023\/","name":"\u00d3pera na tela 2023","description":"O Festival\u00a0\u00d3pera na Tela 2023 proporciona ao p\u00fablico a experi\u00eancia de assistir \u00e0s montagens mais grandiosas da \u00f3pera em tela gigante, com alta qualidade de som e imagem, cadeiras confort\u00e1veis e pre\u00e7os acess\u00edveis.","potentialAction":[{"@type":"SearchAction","target":{"@type":"EntryPoint","urlTemplate":"https:\/\/operanatela.com\/2023\/?s={search_term_string}"},"query-input":{"@type":"PropertyValueSpecification","valueRequired":true,"valueName":"search_term_string"}}],"inLanguage":"pt-BR"}]}},"_links":{"self":[{"href":"https:\/\/operanatela.com\/2023\/wp-json\/wp\/v2\/pages\/513","targetHints":{"allow":["GET"]}}],"collection":[{"href":"https:\/\/operanatela.com\/2023\/wp-json\/wp\/v2\/pages"}],"about":[{"href":"https:\/\/operanatela.com\/2023\/wp-json\/wp\/v2\/types\/page"}],"author":[{"embeddable":true,"href":"https:\/\/operanatela.com\/2023\/wp-json\/wp\/v2\/users\/1"}],"replies":[{"embeddable":true,"href":"https:\/\/operanatela.com\/2023\/wp-json\/wp\/v2\/comments?post=513"}],"version-history":[{"count":9,"href":"https:\/\/operanatela.com\/2023\/wp-json\/wp\/v2\/pages\/513\/revisions"}],"predecessor-version":[{"id":3994,"href":"https:\/\/operanatela.com\/2023\/wp-json\/wp\/v2\/pages\/513\/revisions\/3994"}],"wp:attachment":[{"href":"https:\/\/operanatela.com\/2023\/wp-json\/wp\/v2\/media?parent=513"}],"curies":[{"name":"wp","href":"https:\/\/api.w.org\/{rel}","templated":true}]}}