{"id":507,"date":"2018-10-01T12:37:17","date_gmt":"2018-10-01T15:37:17","guid":{"rendered":"http:\/\/operanatela.com\/2018\/?page_id=507"},"modified":"2023-09-04T16:17:06","modified_gmt":"2023-09-04T19:17:06","slug":"masterclass","status":"publish","type":"page","link":"https:\/\/operanatela.com\/2023\/masterclass\/","title":{"rendered":"Masterclass"},"content":{"rendered":"<h3><strong>MASTERCLASS PARA CANTORES L\u00cdRICOS \u00d3PERA NA TELA 2023<\/strong><\/h3>\n<h4><span style=\"font-size: 18pt;\">11 &#8211; 19 SET 2023\u00a0 |\u00a0 10 &#8211; 18H<\/span><\/h4>\n<p><span style=\"font-size: 14pt;\">A Masterclass para cantores l\u00edricos realizada no \u00e2mbito do Festival \u00d3pera na Tela tem como objetivo proporcionar a cantores l\u00edricos e m\u00fasicos profissionais brasileiros a oportunidade de aprimorar suas habilidades com um renomado artista vindo de grandes trabalhos na Europa.<\/span><\/p>\n<p><span style=\"font-size: 14pt;\">A Masterclass ser\u00e1 ministrada pelo ator e cantor l\u00edrico <strong>Rapha\u00ebl Sikorski<\/strong>. Professor de t\u00e9cnica vocal do Curso Rapha\u00ebl Sikorski, criador do festival Les Nuits Ch\u00e9ronne e treinador de voz da Acad\u00e9mie de jeunes chanteurs de l&#8217;Op\u00e9ra Comique. Sikorski trabalha com renomados cantores l\u00edricos como Natalie Dessay, Rolando Villazon, Marie-Ange Todorovitch e Val\u00e9rie Gabail.<\/span><\/p>\n<p><span style=\"font-size: 14pt;\">A Masterclass ocorrer\u00e1 na cidade do Rio de Janeiro, <strong>do dia 11\/09 \u00e0 19\/09<\/strong>, exceto no fim de semana, das 10h \u00e0s 18h. O local da masterclass ser\u00e1 o Audit\u00f3rio M\u00e1rio Tavares do Theatro Municipal da cidade do Rio de Janeiro.<\/span><\/p>\n<h3>Inscri\u00e7\u00f5es encerradas!<\/h3>\n<h1>Confira a\u00a0 lista dos 12 selecionados:<\/h1>\n<p>Calebe Faria &#8211; Baryton<\/p>\n<p>Elisa Furtado Fernandes &#8211;\u00a0Soprano<\/p>\n<p>Crist\u00f3bal Rioseco &#8211;\u00a0Baryton<\/p>\n<p>Jo\u00e3o Campelo &#8211;\u00a0T\u00e9nor<\/p>\n<p>Erika Henriques Teles da Silva &#8211;\u00a0Mezzo-soprano<\/p>\n<p>Ligia Ishitani Silva &#8211;\u00a0Soprano<\/p>\n<p>Luiza Girnos &#8211;\u00a0Mezzo-soprano<\/p>\n<p>Rodrigo Barcelos Queiroz da Costa &#8211;\u00a0T\u00e9nor<\/p>\n<p>Paulo Maria &#8211;\u00a0Baryton<\/p>\n<p>Let\u00edcia Moraes &#8211;\u00a0Soprano<\/p>\n<p>Leonardo dos Santos Silva Soares &#8211;\u00a0Basse<\/p>\n<p>Gabriela Meira &#8211;\u00a0Soprano<\/p>\n<p>&nbsp;<\/p>\n<h3>Lista de espera:<\/h3>\n<p>Alessandra de C\u00e1ssia Wingter de Ara\u00fajo &#8211;\u00a0Soprano<\/p>\n<p>Ana Lu\u00edsa Santos de Melo &#8211;\u00a0Soprano<\/p>\n<p>Iago Cirino dos Santos &#8211;\u00a0Baryton<\/p>\n<p>Hebert Augusto Campos Carvalho &#8211;\u00a0Contre-t\u00e9nor<\/p>\n<p>&nbsp;<\/p>\n","protected":false},"excerpt":{"rendered":"<p>MASTERCLASS PARA CANTORES L\u00cdRICOS \u00d3PERA NA TELA 2023 11 &#8211; 19 SET 2023\u00a0 |\u00a0 10 &#8211; 18H A Masterclass para cantores l\u00edricos realizada no \u00e2mbito do Festival \u00d3pera na Tela tem como objetivo proporcionar a cantores l\u00edricos e m\u00fasicos profissionais brasileiros a oportunidade de aprimorar suas habilidades com um renomado artista vindo de grandes trabalhos &hellip;<\/p>\n","protected":false},"author":1,"featured_media":0,"parent":0,"menu_order":0,"comment_status":"closed","ping_status":"closed","template":"","meta":{"_acf_changed":false,"footnotes":""},"class_list":["post-507","page","type-page","status-publish","hentry"],"acf":[],"yoast_head":"<!-- This site is optimized with the Yoast SEO plugin v27.4 - https:\/\/yoast.com\/product\/yoast-seo-wordpress\/ -->\n<title>Masterclass - \u00d3pera na tela 2023<\/title>\n<meta name=\"robots\" content=\"index, follow, max-snippet:-1, max-image-preview:large, max-video-preview:-1\" \/>\n<link rel=\"canonical\" href=\"https:\/\/operanatela.com\/2023\/masterclass\/\" \/>\n<meta property=\"og:locale\" content=\"pt_BR\" \/>\n<meta property=\"og:type\" content=\"article\" \/>\n<meta property=\"og:title\" content=\"Masterclass - \u00d3pera na tela 2023\" \/>\n<meta property=\"og:description\" content=\"MASTERCLASS PARA CANTORES L\u00cdRICOS \u00d3PERA NA TELA 2023 11 &#8211; 19 SET 2023\u00a0 |\u00a0 10 &#8211; 18H A Masterclass para cantores l\u00edricos realizada no \u00e2mbito do Festival \u00d3pera na Tela tem como objetivo proporcionar a cantores l\u00edricos e m\u00fasicos profissionais brasileiros a oportunidade de aprimorar suas habilidades com um renomado artista vindo de grandes trabalhos &hellip;\" \/>\n<meta property=\"og:url\" content=\"https:\/\/operanatela.com\/2023\/masterclass\/\" \/>\n<meta property=\"og:site_name\" content=\"\u00d3pera na tela 2023\" \/>\n<meta property=\"article:modified_time\" content=\"2023-09-04T19:17:06+00:00\" \/>\n<meta name=\"twitter:card\" content=\"summary_large_image\" \/>\n<meta name=\"twitter:label1\" content=\"Est. tempo de leitura\" \/>\n\t<meta name=\"twitter:data1\" content=\"2 minutos\" \/>\n<script type=\"application\/ld+json\" class=\"yoast-schema-graph\">{\"@context\":\"https:\\\/\\\/schema.org\",\"@graph\":[{\"@type\":\"WebPage\",\"@id\":\"https:\\\/\\\/operanatela.com\\\/2023\\\/masterclass\\\/\",\"url\":\"https:\\\/\\\/operanatela.com\\\/2023\\\/masterclass\\\/\",\"name\":\"Masterclass - \u00d3pera na tela 2023\",\"isPartOf\":{\"@id\":\"https:\\\/\\\/operanatela.com\\\/2023\\\/#website\"},\"datePublished\":\"2018-10-01T15:37:17+00:00\",\"dateModified\":\"2023-09-04T19:17:06+00:00\",\"breadcrumb\":{\"@id\":\"https:\\\/\\\/operanatela.com\\\/2023\\\/masterclass\\\/#breadcrumb\"},\"inLanguage\":\"pt-BR\",\"potentialAction\":[{\"@type\":\"ReadAction\",\"target\":[\"https:\\\/\\\/operanatela.com\\\/2023\\\/masterclass\\\/\"]}]},{\"@type\":\"BreadcrumbList\",\"@id\":\"https:\\\/\\\/operanatela.com\\\/2023\\\/masterclass\\\/#breadcrumb\",\"itemListElement\":[{\"@type\":\"ListItem\",\"position\":1,\"name\":\"In\u00edcio\",\"item\":\"https:\\\/\\\/operanatela.com\\\/2023\\\/\"},{\"@type\":\"ListItem\",\"position\":2,\"name\":\"Masterclass\"}]},{\"@type\":\"WebSite\",\"@id\":\"https:\\\/\\\/operanatela.com\\\/2023\\\/#website\",\"url\":\"https:\\\/\\\/operanatela.com\\\/2023\\\/\",\"name\":\"\u00d3pera na tela 2023\",\"description\":\"O Festival\u00a0\u00d3pera na Tela 2023 proporciona ao p\u00fablico a experi\u00eancia de assistir \u00e0s montagens mais grandiosas da \u00f3pera em tela gigante, com alta qualidade de som e imagem, cadeiras confort\u00e1veis e pre\u00e7os acess\u00edveis.\",\"potentialAction\":[{\"@type\":\"SearchAction\",\"target\":{\"@type\":\"EntryPoint\",\"urlTemplate\":\"https:\\\/\\\/operanatela.com\\\/2023\\\/?s={search_term_string}\"},\"query-input\":{\"@type\":\"PropertyValueSpecification\",\"valueRequired\":true,\"valueName\":\"search_term_string\"}}],\"inLanguage\":\"pt-BR\"}]}<\/script>\n<!-- \/ Yoast SEO plugin. -->","yoast_head_json":{"title":"Masterclass - \u00d3pera na tela 2023","robots":{"index":"index","follow":"follow","max-snippet":"max-snippet:-1","max-image-preview":"max-image-preview:large","max-video-preview":"max-video-preview:-1"},"canonical":"https:\/\/operanatela.com\/2023\/masterclass\/","og_locale":"pt_BR","og_type":"article","og_title":"Masterclass - \u00d3pera na tela 2023","og_description":"MASTERCLASS PARA CANTORES L\u00cdRICOS \u00d3PERA NA TELA 2023 11 &#8211; 19 SET 2023\u00a0 |\u00a0 10 &#8211; 18H A Masterclass para cantores l\u00edricos realizada no \u00e2mbito do Festival \u00d3pera na Tela tem como objetivo proporcionar a cantores l\u00edricos e m\u00fasicos profissionais brasileiros a oportunidade de aprimorar suas habilidades com um renomado artista vindo de grandes trabalhos &hellip;","og_url":"https:\/\/operanatela.com\/2023\/masterclass\/","og_site_name":"\u00d3pera na tela 2023","article_modified_time":"2023-09-04T19:17:06+00:00","twitter_card":"summary_large_image","twitter_misc":{"Est. tempo de leitura":"2 minutos"},"schema":{"@context":"https:\/\/schema.org","@graph":[{"@type":"WebPage","@id":"https:\/\/operanatela.com\/2023\/masterclass\/","url":"https:\/\/operanatela.com\/2023\/masterclass\/","name":"Masterclass - \u00d3pera na tela 2023","isPartOf":{"@id":"https:\/\/operanatela.com\/2023\/#website"},"datePublished":"2018-10-01T15:37:17+00:00","dateModified":"2023-09-04T19:17:06+00:00","breadcrumb":{"@id":"https:\/\/operanatela.com\/2023\/masterclass\/#breadcrumb"},"inLanguage":"pt-BR","potentialAction":[{"@type":"ReadAction","target":["https:\/\/operanatela.com\/2023\/masterclass\/"]}]},{"@type":"BreadcrumbList","@id":"https:\/\/operanatela.com\/2023\/masterclass\/#breadcrumb","itemListElement":[{"@type":"ListItem","position":1,"name":"In\u00edcio","item":"https:\/\/operanatela.com\/2023\/"},{"@type":"ListItem","position":2,"name":"Masterclass"}]},{"@type":"WebSite","@id":"https:\/\/operanatela.com\/2023\/#website","url":"https:\/\/operanatela.com\/2023\/","name":"\u00d3pera na tela 2023","description":"O Festival\u00a0\u00d3pera na Tela 2023 proporciona ao p\u00fablico a experi\u00eancia de assistir \u00e0s montagens mais grandiosas da \u00f3pera em tela gigante, com alta qualidade de som e imagem, cadeiras confort\u00e1veis e pre\u00e7os acess\u00edveis.","potentialAction":[{"@type":"SearchAction","target":{"@type":"EntryPoint","urlTemplate":"https:\/\/operanatela.com\/2023\/?s={search_term_string}"},"query-input":{"@type":"PropertyValueSpecification","valueRequired":true,"valueName":"search_term_string"}}],"inLanguage":"pt-BR"}]}},"_links":{"self":[{"href":"https:\/\/operanatela.com\/2023\/wp-json\/wp\/v2\/pages\/507","targetHints":{"allow":["GET"]}}],"collection":[{"href":"https:\/\/operanatela.com\/2023\/wp-json\/wp\/v2\/pages"}],"about":[{"href":"https:\/\/operanatela.com\/2023\/wp-json\/wp\/v2\/types\/page"}],"author":[{"embeddable":true,"href":"https:\/\/operanatela.com\/2023\/wp-json\/wp\/v2\/users\/1"}],"replies":[{"embeddable":true,"href":"https:\/\/operanatela.com\/2023\/wp-json\/wp\/v2\/comments?post=507"}],"version-history":[{"count":28,"href":"https:\/\/operanatela.com\/2023\/wp-json\/wp\/v2\/pages\/507\/revisions"}],"predecessor-version":[{"id":4089,"href":"https:\/\/operanatela.com\/2023\/wp-json\/wp\/v2\/pages\/507\/revisions\/4089"}],"wp:attachment":[{"href":"https:\/\/operanatela.com\/2023\/wp-json\/wp\/v2\/media?parent=507"}],"curies":[{"name":"wp","href":"https:\/\/api.w.org\/{rel}","templated":true}]}}