{"id":439,"date":"2018-09-28T01:54:32","date_gmt":"2018-09-28T04:54:32","guid":{"rendered":"http:\/\/operanatela.com\/2018\/?page_id=439"},"modified":"2023-08-08T19:20:25","modified_gmt":"2023-08-08T22:20:25","slug":"sobre-o-festival","status":"publish","type":"page","link":"https:\/\/operanatela.com\/2023\/o-festival\/sobre-o-festival\/","title":{"rendered":"Sobre o Festival"},"content":{"rendered":"<p>O Festival \u00d3pera na Tela retorna, enfim, ao Parque Lage ap\u00f3s uma longa aus\u00eancia, dessa vez n\u00e3o por causa da pandemia, mas em decorr\u00eancia de uma diretiva da administra\u00e7\u00e3o federal, que vigorou at\u00e9 2022, impedindo que produtores culturais recorressem \u00e0 Lei Rouanet para organizar mais de um evento por ano.<\/p>\n<p>Felizmente a promo\u00e7\u00e3o da cultura \u2013 e o acesso a ela por parte de todos \u2013 voltou a se tornar uma prioridade para o pa\u00eds e \u00e9 com enorme alegria que este ano mais uma vez apresentamos a voc\u00eas em grandes telas de cinema o melhor da produ\u00e7\u00e3o l\u00edrica europeia.<\/p>\n<p>Temos tamb\u00e9m a sorte de poder voltar a acolher o p\u00fablico no Parque Lage em dez noites m\u00e1gicas.<\/p>\n<p>Uma dessas noites ser\u00e1 dedicada \u00e0 descoberta de um m\u00fasico important\u00edssimo, Josef Myslivecek, compositor tcheco admirado por Mozart e prestigiado em toda a It\u00e1lia no s\u00e9culo XVIII, personagem infelizmente ca\u00eddo mais tarde no esquecimento. O filme-espet\u00e1culo <em>Il Boemo<\/em> reconstitui sua vida tr\u00e1gica e movimentada em um grande momento do cinema e da m\u00fasica, que teremos a honra de apresentar em <em>avant-premi\u00e8re<\/em> com a presen\u00e7a do diretor Petr Vaclav, convidado para o festival.<\/p>\n<p>A \u00f3pera francesa estar\u00e1 especialmente bem representada este ano. Uma <em>Carmen<\/em> espetacular, uma dessas superprodu\u00e7\u00f5es das quais apenas Zeffirelli det\u00e9m o segredo, que encontra nas Arenas de Verona seu palco ideal e em Elina Garanca uma int\u00e9rprete impec\u00e1vel. Um <em>Hamlet<\/em> surpreendente, dominado pelos talentos de Ludovic T\u00e9zier e Lisette Oropesa, dois not\u00e1veis cantores e atores. <em>Romeu e Julieta<\/em>, de Gounod, ganha uma montagem grandiosa e inebriante, encenada por Thomas Jolly, o diretor que Paris escolheu para conceber o espet\u00e1culo de abertura das pr\u00f3ximas Olimp\u00edadas, com Elsa Dreisig e Benjamin Bernheim nos pap\u00e9is-t\u00edtulo. E tamb\u00e9m a esfuziante obra-prima de Jacques Offenbach, <em>La Vie Parisienne<\/em>, apresentada pela primeira vez em sua vers\u00e3o original, com os figurinos extravagantes do estilista Christian Lacroix, que assina tamb\u00e9m a dire\u00e7\u00e3o do espet\u00e1culo. E, enfim, para os amantes da dan\u00e7a, apresentaremos, em homenagem ao core\u00f3grafo Maurice B\u00e9jart, uma s\u00e9rie de tr\u00eas bal\u00e9s sobre composi\u00e7\u00f5es de Stravinsky, Mahler e Ravel.<\/p>\n<p>Como sempre, a It\u00e1lia tamb\u00e9m estar\u00e1 presente com \u2013 apresentada pela primeira vez no festival \u2013 <em>Il Trittico<\/em>, de Puccini, espet\u00e1culo composto de tr\u00eas obras relativamente pouco conhecidas, por\u00e9m marcantes, nas quais o p\u00fablico tamb\u00e9m poder\u00e1 apreciar o encanto e o talento surpreendente da soprano Asmik Grigoria. E \u2013 \u00e9 claro \u2013 o Scala de Mil\u00e3o, que nos oferece um <em>Rigoletto<\/em> t\u00e3o sombrio como excepcional com, no papel-t\u00edtulo, o excelente cantor mongol Amart\u00fcvshin Enkhbath, no papel do pai da doce Nadine Sierra, como uma comovente Gilda.<\/p>\n<p>Enfim, <em>last but not least<\/em>, tamb\u00e9m a \u00f3pera alem\u00e3 estar\u00e1 brilhando nas telas do Rio. Pela segunda vez desde a sua primeira edi\u00e7\u00e3o, o Festival ousa apresentar a tetralogia de Wagner na sua forma integral, com Das Rheingold projetado ao ar livre e as tr\u00eas outras obras do ciclo sendo exibidas em salas de cinema do pa\u00eds. Uma produ\u00e7\u00e3o da \u00f3pera de Berlim, numa encena\u00e7\u00e3o surpreendente do eterno provocador Dmitri Tcherniakov, sob a batuta de Christian Thieleman, que encarou o desafio de substituir Daniel Barenboim, miss\u00e3o da qual se desincumbiu com energia e brio.<\/p>\n<p>A madrinha da edi\u00e7\u00e3o de 2023 do Festival ser\u00e1 a mezzo-soprano El\u00e9onore Pancrazi, que vir\u00e1 especialmente da Fran\u00e7a para brindar nossos ouvidos com sua voz jovem e promissora num recital exclusivo.<\/p>\n<p>Como sempre, o Festival segue dedicado \u00e0 sua miss\u00e3o de democratiza\u00e7\u00e3o da \u00f3pera, com a organiza\u00e7\u00e3o da j\u00e1 c\u00e9lebre <em>masterclass<\/em> de canto l\u00edrico por Rapha\u00ebl Sikorski e apresenta\u00e7\u00e3o de diversas confer\u00eancias gratuitas destinadas ao p\u00fablico adulto e \u00e0s crian\u00e7as das escolas. Agradecemos ao Theatro Municipal, ao Espa\u00e7o Cultural Laura Alvim e aos cinemas do grupo Esta\u00e7\u00e3o por acolher nossas atividades.<\/p>\n<p>Agradecemos em especial ao banco Cr\u00e9dit Agricole, nosso principal patrocinador, sem o qual o Festival jamais teria acontecido este ano, e particularmente a seu presidente Yves-Marie Gayet e a seu diretor-geral Jean-Christophe Gilbert. Nosso maior reconhecimento tamb\u00e9m \u00e0 fidelidade demonstrada pela Air France, pelos Laboratorios Servier e pelo grupo Accor, que nos apoia atrav\u00e9s das marcas All e Fairmont. Temos tamb\u00e9m a sorte de continuar a contar ao nosso lado \u2013 j\u00e1 h\u00e1 seis anos \u2013 com o MedRio e seu presidente Gilberto Ururahy, a quem agradecemos encarecidamente por sua colabora\u00e7\u00e3o.<\/p>\n<p>&nbsp;<\/p>\n","protected":false},"excerpt":{"rendered":"<p>O Festival \u00d3pera na Tela retorna, enfim, ao Parque Lage ap\u00f3s uma longa aus\u00eancia, dessa vez n\u00e3o por causa da pandemia, mas em decorr\u00eancia de uma diretiva da administra\u00e7\u00e3o federal, que vigorou at\u00e9 2022, impedindo que produtores culturais recorressem \u00e0 Lei Rouanet para organizar mais de um evento por ano. Felizmente a promo\u00e7\u00e3o da cultura &hellip;<\/p>\n","protected":false},"author":1,"featured_media":0,"parent":437,"menu_order":0,"comment_status":"closed","ping_status":"closed","template":"","meta":{"_acf_changed":false,"footnotes":""},"class_list":["post-439","page","type-page","status-publish","hentry"],"acf":[],"yoast_head":"<!-- This site is optimized with the Yoast SEO plugin v27.4 - https:\/\/yoast.com\/product\/yoast-seo-wordpress\/ -->\n<title>Sobre o Festival - \u00d3pera na tela 2023<\/title>\n<meta name=\"robots\" content=\"index, follow, max-snippet:-1, max-image-preview:large, max-video-preview:-1\" \/>\n<link rel=\"canonical\" href=\"https:\/\/operanatela.com\/2023\/o-festival\/sobre-o-festival\/\" \/>\n<meta property=\"og:locale\" content=\"pt_BR\" \/>\n<meta property=\"og:type\" content=\"article\" \/>\n<meta property=\"og:title\" content=\"Sobre o Festival - \u00d3pera na tela 2023\" \/>\n<meta property=\"og:description\" content=\"O Festival \u00d3pera na Tela retorna, enfim, ao Parque Lage ap\u00f3s uma longa aus\u00eancia, dessa vez n\u00e3o por causa da pandemia, mas em decorr\u00eancia de uma diretiva da administra\u00e7\u00e3o federal, que vigorou at\u00e9 2022, impedindo que produtores culturais recorressem \u00e0 Lei Rouanet para organizar mais de um evento por ano. Felizmente a promo\u00e7\u00e3o da cultura &hellip;\" \/>\n<meta property=\"og:url\" content=\"https:\/\/operanatela.com\/2023\/o-festival\/sobre-o-festival\/\" \/>\n<meta property=\"og:site_name\" content=\"\u00d3pera na tela 2023\" \/>\n<meta property=\"article:modified_time\" content=\"2023-08-08T22:20:25+00:00\" \/>\n<meta name=\"twitter:card\" content=\"summary_large_image\" \/>\n<meta name=\"twitter:label1\" content=\"Est. tempo de leitura\" \/>\n\t<meta name=\"twitter:data1\" content=\"4 minutos\" \/>\n<script type=\"application\/ld+json\" class=\"yoast-schema-graph\">{\"@context\":\"https:\\\/\\\/schema.org\",\"@graph\":[{\"@type\":\"WebPage\",\"@id\":\"https:\\\/\\\/operanatela.com\\\/2023\\\/o-festival\\\/sobre-o-festival\\\/\",\"url\":\"https:\\\/\\\/operanatela.com\\\/2023\\\/o-festival\\\/sobre-o-festival\\\/\",\"name\":\"Sobre o Festival - \u00d3pera na tela 2023\",\"isPartOf\":{\"@id\":\"https:\\\/\\\/operanatela.com\\\/2023\\\/#website\"},\"datePublished\":\"2018-09-28T04:54:32+00:00\",\"dateModified\":\"2023-08-08T22:20:25+00:00\",\"breadcrumb\":{\"@id\":\"https:\\\/\\\/operanatela.com\\\/2023\\\/o-festival\\\/sobre-o-festival\\\/#breadcrumb\"},\"inLanguage\":\"pt-BR\",\"potentialAction\":[{\"@type\":\"ReadAction\",\"target\":[\"https:\\\/\\\/operanatela.com\\\/2023\\\/o-festival\\\/sobre-o-festival\\\/\"]}]},{\"@type\":\"BreadcrumbList\",\"@id\":\"https:\\\/\\\/operanatela.com\\\/2023\\\/o-festival\\\/sobre-o-festival\\\/#breadcrumb\",\"itemListElement\":[{\"@type\":\"ListItem\",\"position\":1,\"name\":\"In\u00edcio\",\"item\":\"https:\\\/\\\/operanatela.com\\\/2023\\\/\"},{\"@type\":\"ListItem\",\"position\":2,\"name\":\"O Festival\",\"item\":\"https:\\\/\\\/operanatela.com\\\/2023\\\/o-festival\\\/\"},{\"@type\":\"ListItem\",\"position\":3,\"name\":\"Sobre o Festival\"}]},{\"@type\":\"WebSite\",\"@id\":\"https:\\\/\\\/operanatela.com\\\/2023\\\/#website\",\"url\":\"https:\\\/\\\/operanatela.com\\\/2023\\\/\",\"name\":\"\u00d3pera na tela 2023\",\"description\":\"O Festival\u00a0\u00d3pera na Tela 2023 proporciona ao p\u00fablico a experi\u00eancia de assistir \u00e0s montagens mais grandiosas da \u00f3pera em tela gigante, com alta qualidade de som e imagem, cadeiras confort\u00e1veis e pre\u00e7os acess\u00edveis.\",\"potentialAction\":[{\"@type\":\"SearchAction\",\"target\":{\"@type\":\"EntryPoint\",\"urlTemplate\":\"https:\\\/\\\/operanatela.com\\\/2023\\\/?s={search_term_string}\"},\"query-input\":{\"@type\":\"PropertyValueSpecification\",\"valueRequired\":true,\"valueName\":\"search_term_string\"}}],\"inLanguage\":\"pt-BR\"}]}<\/script>\n<!-- \/ Yoast SEO plugin. -->","yoast_head_json":{"title":"Sobre o Festival - \u00d3pera na tela 2023","robots":{"index":"index","follow":"follow","max-snippet":"max-snippet:-1","max-image-preview":"max-image-preview:large","max-video-preview":"max-video-preview:-1"},"canonical":"https:\/\/operanatela.com\/2023\/o-festival\/sobre-o-festival\/","og_locale":"pt_BR","og_type":"article","og_title":"Sobre o Festival - \u00d3pera na tela 2023","og_description":"O Festival \u00d3pera na Tela retorna, enfim, ao Parque Lage ap\u00f3s uma longa aus\u00eancia, dessa vez n\u00e3o por causa da pandemia, mas em decorr\u00eancia de uma diretiva da administra\u00e7\u00e3o federal, que vigorou at\u00e9 2022, impedindo que produtores culturais recorressem \u00e0 Lei Rouanet para organizar mais de um evento por ano. Felizmente a promo\u00e7\u00e3o da cultura &hellip;","og_url":"https:\/\/operanatela.com\/2023\/o-festival\/sobre-o-festival\/","og_site_name":"\u00d3pera na tela 2023","article_modified_time":"2023-08-08T22:20:25+00:00","twitter_card":"summary_large_image","twitter_misc":{"Est. tempo de leitura":"4 minutos"},"schema":{"@context":"https:\/\/schema.org","@graph":[{"@type":"WebPage","@id":"https:\/\/operanatela.com\/2023\/o-festival\/sobre-o-festival\/","url":"https:\/\/operanatela.com\/2023\/o-festival\/sobre-o-festival\/","name":"Sobre o Festival - \u00d3pera na tela 2023","isPartOf":{"@id":"https:\/\/operanatela.com\/2023\/#website"},"datePublished":"2018-09-28T04:54:32+00:00","dateModified":"2023-08-08T22:20:25+00:00","breadcrumb":{"@id":"https:\/\/operanatela.com\/2023\/o-festival\/sobre-o-festival\/#breadcrumb"},"inLanguage":"pt-BR","potentialAction":[{"@type":"ReadAction","target":["https:\/\/operanatela.com\/2023\/o-festival\/sobre-o-festival\/"]}]},{"@type":"BreadcrumbList","@id":"https:\/\/operanatela.com\/2023\/o-festival\/sobre-o-festival\/#breadcrumb","itemListElement":[{"@type":"ListItem","position":1,"name":"In\u00edcio","item":"https:\/\/operanatela.com\/2023\/"},{"@type":"ListItem","position":2,"name":"O Festival","item":"https:\/\/operanatela.com\/2023\/o-festival\/"},{"@type":"ListItem","position":3,"name":"Sobre o Festival"}]},{"@type":"WebSite","@id":"https:\/\/operanatela.com\/2023\/#website","url":"https:\/\/operanatela.com\/2023\/","name":"\u00d3pera na tela 2023","description":"O Festival\u00a0\u00d3pera na Tela 2023 proporciona ao p\u00fablico a experi\u00eancia de assistir \u00e0s montagens mais grandiosas da \u00f3pera em tela gigante, com alta qualidade de som e imagem, cadeiras confort\u00e1veis e pre\u00e7os acess\u00edveis.","potentialAction":[{"@type":"SearchAction","target":{"@type":"EntryPoint","urlTemplate":"https:\/\/operanatela.com\/2023\/?s={search_term_string}"},"query-input":{"@type":"PropertyValueSpecification","valueRequired":true,"valueName":"search_term_string"}}],"inLanguage":"pt-BR"}]}},"_links":{"self":[{"href":"https:\/\/operanatela.com\/2023\/wp-json\/wp\/v2\/pages\/439","targetHints":{"allow":["GET"]}}],"collection":[{"href":"https:\/\/operanatela.com\/2023\/wp-json\/wp\/v2\/pages"}],"about":[{"href":"https:\/\/operanatela.com\/2023\/wp-json\/wp\/v2\/types\/page"}],"author":[{"embeddable":true,"href":"https:\/\/operanatela.com\/2023\/wp-json\/wp\/v2\/users\/1"}],"replies":[{"embeddable":true,"href":"https:\/\/operanatela.com\/2023\/wp-json\/wp\/v2\/comments?post=439"}],"version-history":[{"count":2,"href":"https:\/\/operanatela.com\/2023\/wp-json\/wp\/v2\/pages\/439\/revisions"}],"predecessor-version":[{"id":3655,"href":"https:\/\/operanatela.com\/2023\/wp-json\/wp\/v2\/pages\/439\/revisions\/3655"}],"up":[{"embeddable":true,"href":"https:\/\/operanatela.com\/2023\/wp-json\/wp\/v2\/pages\/437"}],"wp:attachment":[{"href":"https:\/\/operanatela.com\/2023\/wp-json\/wp\/v2\/media?parent=439"}],"curies":[{"name":"wp","href":"https:\/\/api.w.org\/{rel}","templated":true}]}}