{"id":4267,"date":"2024-06-17T23:25:46","date_gmt":"2024-06-18T02:25:46","guid":{"rendered":"https:\/\/operanatela.com\/2023\/?page_id=4267"},"modified":"2024-06-17T23:26:43","modified_gmt":"2024-06-18T02:26:43","slug":"apoie-o-festival-opera-na-tela","status":"publish","type":"page","link":"https:\/\/operanatela.com\/2023\/apoie-o-festival-opera-na-tela\/","title":{"rendered":"Apoie o Festival \u00d3pera na Tela"},"content":{"rendered":"<p><b>PATROC\u00cdNIO DE PESSOAS JURIDICAS<\/b><\/p>\n<p><span style=\"font-weight: 400;\">O Festival \u00d3pera na Tela est\u00e1 enquadrado em todas as leis de incentivo \u00e0 cultura (Federal, Estadual e Municipal). Caso a sua empresa tenha interesse em apoi\u00e1-lo, entre em contato com a gente!\u00a0<\/span><\/p>\n<p><strong>Christian Boudier<br \/>\n<a href=\"mailto:christian@bonfilm.com.br\">christian@bonfilm.com.br<\/a><\/strong><br \/>\n<strong>+55 21 98101-2557<\/strong><\/p>\n<hr \/>\n<p><b>DOA\u00c7\u00d5ES PESSOA F\u00cdSICA &#8211; IR<\/b><\/p>\n<p><b>Voc\u00ea sabia que pode apoiar o Festival \u00d3pera na Tela utilizando o seu imposto de renda?<\/b><\/p>\n<p><span style=\"font-weight: 400;\">Voc\u00ea pode destinar at\u00e9 6% do seu IR devido para projetos aprovados na Lei de Incentivo \u00e0 Cultura do Minist\u00e9rio da Cultura \u2013 Lei Rouanet.\u00a0 (<\/span><span style=\"font-weight: 400;\">Declara\u00e7\u00e3o do IR por meio do Modelo Completo).<\/span><\/p>\n<p>&nbsp;<\/p>\n<p><b>Como funciona?<\/b><\/p>\n<p><span style=\"font-weight: 400;\">As doa\u00e7\u00f5es d\u00e3o direito \u00e0 <\/span><b>dedu\u00e7\u00e3o no Imposto de Renda devido, at\u00e9 o limite de 6%,<\/b><span style=\"font-weight: 400;\"> se <\/span><span style=\"font-weight: 400;\">declarado pelo modelo completo. Ao receber a contribui\u00e7\u00e3o (depositada na conta\u00a0<\/span><span style=\"font-weight: 400;\">corrente apropriada), a Bonfilm (proponente do projeto) emitir\u00e1 o\u00a0<\/span><span style=\"font-weight: 400;\">Recibo de Mecenato, que \u00e9 o documento que possibilita a dedu\u00e7\u00e3o do Imposto de\u00a0<\/span><span style=\"font-weight: 400;\">Renda devido O valor total das contribui\u00e7\u00f5es feitas dentro do ano fiscal dever\u00e1 ser\u00a0<\/span><span style=\"font-weight: 400;\">lan\u00e7ado em sua Declara\u00e7\u00e3o de IR (modelo completo), assim o contribuinte tem\u00a0<\/span><span style=\"font-weight: 400;\">direito a <\/span><b>deduzir 100% da sua doa\u00e7\u00e3o at\u00e9 o limite de 6% do IR devido<\/b><span style=\"font-weight: 400;\">, valor que \u00e9\u00a0<\/span><span style=\"font-weight: 400;\">somado \u00e0s doa\u00e7\u00f5es feitas para outros projetos, nos termos de diferentes leis, que\u00a0<\/span><span style=\"font-weight: 400;\">tamb\u00e9m permitam a dedu\u00e7\u00e3o fiscal. O excedente (se existir) n\u00e3o ser\u00e1 deduzido (ou seja, n\u00e3o ter\u00e1 o benef\u00edcio fiscal), mas ser\u00e1 creditado normalmente e aproveitado pelo projeto.<\/span><\/p>\n<p>&nbsp;<\/p>\n<p><b>Passo a passo para doar<\/b><\/p>\n<p><span style=\"font-weight: 400;\">Para doar, voc\u00ea deve fazer um TED\/DOC identificado diretamente na conta banc\u00e1ria do projeto, que voc\u00ea deseja apoiar (Festival \u00d3pera na Tela 2024).<\/span><\/p>\n<p><span style=\"font-weight: 400;\">Tamb\u00e9m \u00e9 poss\u00edvel programar dep\u00f3sitos mensais identificados para a conta.<\/span><\/p>\n<p>&nbsp;<\/p>\n<p><b>Festival \u00d3pera na Tela 2024<\/b><\/p>\n<p><span style=\"font-weight: 400;\">PRONAC: 2317154<\/span><\/p>\n<p><span style=\"font-weight: 400;\">Proponente: BONFILM PRODU\u00c7\u00c3O E DISTRIBUI\u00c7\u00c3O AUDIOVISUAL LTDA.<\/span><\/p>\n<p><span style=\"font-weight: 400;\">CNPJ: 10.383.039\/0001-99<\/span><\/p>\n<p><span style=\"font-weight: 400;\">Dados Banc\u00e1rios (Banco do Brasil (001) \/\u00a0<\/span><span style=\"font-weight: 400;\">Ag\u00eancia: 1251-3 \/ Conta de capta\u00e7\u00e3o: 44.862-1<\/span><\/p>\n<p>&nbsp;<\/p>\n<p><span style=\"font-weight: 400;\">a) Para dep\u00f3sitos realizados diretamente pelo Banco do Brasil:<\/span><\/p>\n<p><span style=\"font-weight: 400;\">1\u00ba identificador: informar o CPF do doador;<\/span><\/p>\n<p><span style=\"font-weight: 400;\">2\u00ba identificador: informar o c\u00f3digo:\u00a0 2 Doa\u00e7\u00f5es<\/span><\/p>\n<p><span style=\"font-weight: 400;\">b) Quando realizados em outra institui\u00e7\u00e3o financeira, por meio de DOC:<\/span><\/p>\n<p><span style=\"font-weight: 400;\">1\u00ba Informar no campo finalidade os seguintes c\u00f3digos: 20 Doa\u00e7\u00f5es Lei Rouanet<\/span><\/p>\n<p><span style=\"font-weight: 400;\">c) Quando realizados em outra institui\u00e7\u00e3o financeira, por meio de TED:<\/span><\/p>\n<p><span style=\"font-weight: 400;\">1\u00ba Informar, no campo finalidade, os seguintes c\u00f3digos:<\/span><\/p>\n<p><span style=\"font-weight: 400;\">Cliente: finlddcli 44 Lei Rouanet Doa\u00e7\u00e3o (transfer\u00eancias realizadas pelos clientes)<\/span><\/p>\n<p>&nbsp;<\/p>\n<p><span style=\"font-weight: 400;\"><strong>Aten\u00e7\u00e3o!<\/strong> \u00c9 poss\u00edvel que, dependendo do sistema de internet banking, o c\u00f3digo de finalidade da TED n\u00e3o esteja vis\u00edvel, apenas a op\u00e7\u00e3o \u201cDoa\u00e7\u00e3o com Incentivo Fiscal\u201d.<\/span><\/p>\n<p>&nbsp;<\/p>\n<p><span style=\"font-weight: 400;\"><strong>Aten\u00e7\u00e3o!<\/strong> Somente contribuintes que apuram o Imposto de Renda por Dedu\u00e7\u00f5es Legais (Declara\u00e7\u00e3o Completa) podem se beneficiar deste incentivo fiscal, ou seja, contribuintes que apuram o Imposto de Renda por Desconto Simplificado (Declara\u00e7\u00e3o Simplificada) n\u00e3o podem usufruir desse benef\u00edcio.<\/span><\/p>\n<p>&nbsp;<\/p>\n<p><span style=\"font-weight: 400;\">1\u00ba passo: Selecionar o projeto a ser patrocinado<\/span><\/p>\n<p>&nbsp;<\/p>\n<p><span style=\"font-weight: 400;\">2\u00ba passo: Verificar se o projeto est\u00e1 apto a receber recursos<\/span><\/p>\n<p>&nbsp;<\/p>\n<p><span style=\"font-weight: 400;\">3\u00ba passo: Efetuar o dep\u00f3sito na conta do projeto (o dinheiro dever\u00e1 ser creditado na conta do projeto at\u00e9 31\/12 e dentro do per\u00edodo de capta\u00e7\u00e3o do projeto.)<\/span><\/p>\n<p>&nbsp;<\/p>\n<p><span style=\"font-weight: 400;\">4\u00ba passo: Comunicar ao proponente do projeto a efetiva\u00e7\u00e3o do aporte, para, ent\u00e3o, ele emita o recibo de mecenato (recibo de patroc\u00ednio\/doa\u00e7\u00e3o)<\/span><\/p>\n<p>&nbsp;<\/p>\n<p><span style=\"font-weight: 400;\">5\u00ba passo: No ano seguinte, ao preencher o formul\u00e1rio da declara\u00e7\u00e3o de Imposto de Renda, informar o valor do patroc\u00ednio\/doa\u00e7\u00e3o no campo &#8220;Lei Rouanet&#8221;<\/span><\/p>\n<p>&nbsp;<\/p>\n<p><span style=\"font-weight: 400;\">6\u00ba passo: Guardar o recibo de patroc\u00ednio\/doa\u00e7\u00e3o pelo per\u00edodo de at\u00e9 6 anos<\/span><\/p>\n<p>&nbsp;<\/p>\n<p><span style=\"font-weight: 400;\">O valor destinado aportado no projeto ser\u00e1 abatido na DARF (Documento de Arrecada\u00e7\u00e3o de Receitas Federais), referente ao seu imposto de renda devido. No caso de direito \u00e0 restitui\u00e7\u00e3o, o valor aportado no projeto ser\u00e1 acrescido no valor a ser restitu\u00eddo pelo Governo Federal.<\/span><\/p>\n","protected":false},"excerpt":{"rendered":"<p>PATROC\u00cdNIO DE PESSOAS JURIDICAS O Festival \u00d3pera na Tela est\u00e1 enquadrado em todas as leis de incentivo \u00e0 cultura (Federal, Estadual e Municipal). Caso a sua empresa tenha interesse em apoi\u00e1-lo, entre em contato com a gente!\u00a0 Christian Boudier christian@bonfilm.com.br +55 21 98101-2557 DOA\u00c7\u00d5ES PESSOA F\u00cdSICA &#8211; IR Voc\u00ea sabia que pode apoiar o Festival &hellip;<\/p>\n","protected":false},"author":1,"featured_media":0,"parent":0,"menu_order":0,"comment_status":"closed","ping_status":"closed","template":"","meta":{"_acf_changed":false,"footnotes":""},"class_list":["post-4267","page","type-page","status-publish","hentry"],"acf":[],"yoast_head":"<!-- This site is optimized with the Yoast SEO plugin v27.4 - https:\/\/yoast.com\/product\/yoast-seo-wordpress\/ -->\n<title>Apoie o Festival \u00d3pera na Tela - \u00d3pera na tela 2023<\/title>\n<meta name=\"robots\" content=\"index, follow, max-snippet:-1, max-image-preview:large, max-video-preview:-1\" \/>\n<link rel=\"canonical\" href=\"https:\/\/operanatela.com\/2023\/apoie-o-festival-opera-na-tela\/\" \/>\n<meta property=\"og:locale\" content=\"pt_BR\" \/>\n<meta property=\"og:type\" content=\"article\" \/>\n<meta property=\"og:title\" content=\"Apoie o Festival \u00d3pera na Tela - \u00d3pera na tela 2023\" \/>\n<meta property=\"og:description\" content=\"PATROC\u00cdNIO DE PESSOAS JURIDICAS O Festival \u00d3pera na Tela est\u00e1 enquadrado em todas as leis de incentivo \u00e0 cultura (Federal, Estadual e Municipal). Caso a sua empresa tenha interesse em apoi\u00e1-lo, entre em contato com a gente!\u00a0 Christian Boudier christian@bonfilm.com.br +55 21 98101-2557 DOA\u00c7\u00d5ES PESSOA F\u00cdSICA &#8211; IR Voc\u00ea sabia que pode apoiar o Festival &hellip;\" \/>\n<meta property=\"og:url\" content=\"https:\/\/operanatela.com\/2023\/apoie-o-festival-opera-na-tela\/\" \/>\n<meta property=\"og:site_name\" content=\"\u00d3pera na tela 2023\" \/>\n<meta property=\"article:modified_time\" content=\"2024-06-18T02:26:43+00:00\" \/>\n<meta name=\"twitter:card\" content=\"summary_large_image\" \/>\n<meta name=\"twitter:label1\" content=\"Est. tempo de leitura\" \/>\n\t<meta name=\"twitter:data1\" content=\"4 minutos\" \/>\n<script type=\"application\/ld+json\" class=\"yoast-schema-graph\">{\"@context\":\"https:\\\/\\\/schema.org\",\"@graph\":[{\"@type\":\"WebPage\",\"@id\":\"https:\\\/\\\/operanatela.com\\\/2023\\\/apoie-o-festival-opera-na-tela\\\/\",\"url\":\"https:\\\/\\\/operanatela.com\\\/2023\\\/apoie-o-festival-opera-na-tela\\\/\",\"name\":\"Apoie o Festival \u00d3pera na Tela - \u00d3pera na tela 2023\",\"isPartOf\":{\"@id\":\"https:\\\/\\\/operanatela.com\\\/2023\\\/#website\"},\"datePublished\":\"2024-06-18T02:25:46+00:00\",\"dateModified\":\"2024-06-18T02:26:43+00:00\",\"breadcrumb\":{\"@id\":\"https:\\\/\\\/operanatela.com\\\/2023\\\/apoie-o-festival-opera-na-tela\\\/#breadcrumb\"},\"inLanguage\":\"pt-BR\",\"potentialAction\":[{\"@type\":\"ReadAction\",\"target\":[\"https:\\\/\\\/operanatela.com\\\/2023\\\/apoie-o-festival-opera-na-tela\\\/\"]}]},{\"@type\":\"BreadcrumbList\",\"@id\":\"https:\\\/\\\/operanatela.com\\\/2023\\\/apoie-o-festival-opera-na-tela\\\/#breadcrumb\",\"itemListElement\":[{\"@type\":\"ListItem\",\"position\":1,\"name\":\"In\u00edcio\",\"item\":\"https:\\\/\\\/operanatela.com\\\/2023\\\/\"},{\"@type\":\"ListItem\",\"position\":2,\"name\":\"Apoie o Festival \u00d3pera na Tela\"}]},{\"@type\":\"WebSite\",\"@id\":\"https:\\\/\\\/operanatela.com\\\/2023\\\/#website\",\"url\":\"https:\\\/\\\/operanatela.com\\\/2023\\\/\",\"name\":\"\u00d3pera na tela 2023\",\"description\":\"O Festival\u00a0\u00d3pera na Tela 2023 proporciona ao p\u00fablico a experi\u00eancia de assistir \u00e0s montagens mais grandiosas da \u00f3pera em tela gigante, com alta qualidade de som e imagem, cadeiras confort\u00e1veis e pre\u00e7os acess\u00edveis.\",\"potentialAction\":[{\"@type\":\"SearchAction\",\"target\":{\"@type\":\"EntryPoint\",\"urlTemplate\":\"https:\\\/\\\/operanatela.com\\\/2023\\\/?s={search_term_string}\"},\"query-input\":{\"@type\":\"PropertyValueSpecification\",\"valueRequired\":true,\"valueName\":\"search_term_string\"}}],\"inLanguage\":\"pt-BR\"}]}<\/script>\n<!-- \/ Yoast SEO plugin. -->","yoast_head_json":{"title":"Apoie o Festival \u00d3pera na Tela - \u00d3pera na tela 2023","robots":{"index":"index","follow":"follow","max-snippet":"max-snippet:-1","max-image-preview":"max-image-preview:large","max-video-preview":"max-video-preview:-1"},"canonical":"https:\/\/operanatela.com\/2023\/apoie-o-festival-opera-na-tela\/","og_locale":"pt_BR","og_type":"article","og_title":"Apoie o Festival \u00d3pera na Tela - \u00d3pera na tela 2023","og_description":"PATROC\u00cdNIO DE PESSOAS JURIDICAS O Festival \u00d3pera na Tela est\u00e1 enquadrado em todas as leis de incentivo \u00e0 cultura (Federal, Estadual e Municipal). Caso a sua empresa tenha interesse em apoi\u00e1-lo, entre em contato com a gente!\u00a0 Christian Boudier christian@bonfilm.com.br +55 21 98101-2557 DOA\u00c7\u00d5ES PESSOA F\u00cdSICA &#8211; IR Voc\u00ea sabia que pode apoiar o Festival &hellip;","og_url":"https:\/\/operanatela.com\/2023\/apoie-o-festival-opera-na-tela\/","og_site_name":"\u00d3pera na tela 2023","article_modified_time":"2024-06-18T02:26:43+00:00","twitter_card":"summary_large_image","twitter_misc":{"Est. tempo de leitura":"4 minutos"},"schema":{"@context":"https:\/\/schema.org","@graph":[{"@type":"WebPage","@id":"https:\/\/operanatela.com\/2023\/apoie-o-festival-opera-na-tela\/","url":"https:\/\/operanatela.com\/2023\/apoie-o-festival-opera-na-tela\/","name":"Apoie o Festival \u00d3pera na Tela - \u00d3pera na tela 2023","isPartOf":{"@id":"https:\/\/operanatela.com\/2023\/#website"},"datePublished":"2024-06-18T02:25:46+00:00","dateModified":"2024-06-18T02:26:43+00:00","breadcrumb":{"@id":"https:\/\/operanatela.com\/2023\/apoie-o-festival-opera-na-tela\/#breadcrumb"},"inLanguage":"pt-BR","potentialAction":[{"@type":"ReadAction","target":["https:\/\/operanatela.com\/2023\/apoie-o-festival-opera-na-tela\/"]}]},{"@type":"BreadcrumbList","@id":"https:\/\/operanatela.com\/2023\/apoie-o-festival-opera-na-tela\/#breadcrumb","itemListElement":[{"@type":"ListItem","position":1,"name":"In\u00edcio","item":"https:\/\/operanatela.com\/2023\/"},{"@type":"ListItem","position":2,"name":"Apoie o Festival \u00d3pera na Tela"}]},{"@type":"WebSite","@id":"https:\/\/operanatela.com\/2023\/#website","url":"https:\/\/operanatela.com\/2023\/","name":"\u00d3pera na tela 2023","description":"O Festival\u00a0\u00d3pera na Tela 2023 proporciona ao p\u00fablico a experi\u00eancia de assistir \u00e0s montagens mais grandiosas da \u00f3pera em tela gigante, com alta qualidade de som e imagem, cadeiras confort\u00e1veis e pre\u00e7os acess\u00edveis.","potentialAction":[{"@type":"SearchAction","target":{"@type":"EntryPoint","urlTemplate":"https:\/\/operanatela.com\/2023\/?s={search_term_string}"},"query-input":{"@type":"PropertyValueSpecification","valueRequired":true,"valueName":"search_term_string"}}],"inLanguage":"pt-BR"}]}},"_links":{"self":[{"href":"https:\/\/operanatela.com\/2023\/wp-json\/wp\/v2\/pages\/4267","targetHints":{"allow":["GET"]}}],"collection":[{"href":"https:\/\/operanatela.com\/2023\/wp-json\/wp\/v2\/pages"}],"about":[{"href":"https:\/\/operanatela.com\/2023\/wp-json\/wp\/v2\/types\/page"}],"author":[{"embeddable":true,"href":"https:\/\/operanatela.com\/2023\/wp-json\/wp\/v2\/users\/1"}],"replies":[{"embeddable":true,"href":"https:\/\/operanatela.com\/2023\/wp-json\/wp\/v2\/comments?post=4267"}],"version-history":[{"count":3,"href":"https:\/\/operanatela.com\/2023\/wp-json\/wp\/v2\/pages\/4267\/revisions"}],"predecessor-version":[{"id":4270,"href":"https:\/\/operanatela.com\/2023\/wp-json\/wp\/v2\/pages\/4267\/revisions\/4270"}],"wp:attachment":[{"href":"https:\/\/operanatela.com\/2023\/wp-json\/wp\/v2\/media?parent=4267"}],"curies":[{"name":"wp","href":"https:\/\/api.w.org\/{rel}","templated":true}]}}