{"id":3992,"date":"2023-08-24T15:59:13","date_gmt":"2023-08-24T18:59:13","guid":{"rendered":"https:\/\/operanatela.com\/2023\/?page_id=3992"},"modified":"2023-08-24T17:56:19","modified_gmt":"2023-08-24T20:56:19","slug":"rodolfo-valverde","status":"publish","type":"page","link":"https:\/\/operanatela.com\/2023\/rodolfo-valverde\/","title":{"rendered":"Rodolfo Valverde"},"content":{"rendered":"<p><img loading=\"lazy\" decoding=\"async\" class=\"alignleft wp-image-3996\" src=\"https:\/\/operanatela.com\/2023\/wp-content\/uploads\/2023\/08\/Foto-Rodolfo-Valverde-200x300.jpg\" alt=\"Rodolfo Valverde\" width=\"250\" height=\"375\" srcset=\"https:\/\/operanatela.com\/2023\/wp-content\/uploads\/2023\/08\/Foto-Rodolfo-Valverde-200x300.jpg 200w, https:\/\/operanatela.com\/2023\/wp-content\/uploads\/2023\/08\/Foto-Rodolfo-Valverde-683x1024.jpg 683w, https:\/\/operanatela.com\/2023\/wp-content\/uploads\/2023\/08\/Foto-Rodolfo-Valverde-768x1152.jpg 768w, https:\/\/operanatela.com\/2023\/wp-content\/uploads\/2023\/08\/Foto-Rodolfo-Valverde.jpg 1000w\" sizes=\"auto, (max-width: 250px) 100vw, 250px\" \/> Doutor Honoris Causa pela Universidade Federal de Juiz de Fora (UFJF). Professor efetivo do Instituto de Artes e Design da UFJF desde 2007, onde ministra disciplinas como Hist\u00f3ria e Aprecia\u00e7\u00e3o Musicais (I a IV), \u00d3pera: Arte Total (I a V), Evolu\u00e7\u00e3o da Linguagem Musical, M\u00fasica Moderna e Hist\u00f3ria da M\u00fasica Erudita Brasileira. Comentarista das transmiss\u00f5es ao vivo das \u00f3peras da Metropolitan Opera, New York, e dos bal\u00e9s do Teatro Bolshoi nas temporadas 2010\/2011 e 2011\/2012. Colunista e cr\u00edtico musical do Jornal do Brasil durante os anos de 2008 a 2010. Conferencista, ministra cursos e palestras em festivais de m\u00fasica (como nas edi\u00e7\u00f5es anuais do Festival Internacional Pr\u00f3-M\u00fasica) e centros culturais do pa\u00eds. Diretor geral da montagem da \u00f3pera \u201cDido &amp; Aeneas\u201d (Purcell) pelo Projeto Orfeu da UFJF em 2019. Coordenador dos Encontros de Musicologia Hist\u00f3rica realizados pelo Centro Cultural Pr\u00f3-M\u00fasica desde 2012, organizou e publicou os livros \u201cIntertextualidades: fronteiras entre o sacro e o profano na m\u00fasica do Brasil colonial e imperial\u201d, \u201cTeoria e pr\u00e1xis: uma antiga dicotomia revisitada\u201d, dentre outros. Coordenador do Bacharelado em M\u00fasica da UFJF entre os anos de 2011 e 2017. Graduado em Medicina (1988), foi professor do departamento de Cl\u00ednica M\u00e9dica da UFJF entre 1997 e 2007.<\/p>\n","protected":false},"excerpt":{"rendered":"<p>Doutor Honoris Causa pela Universidade Federal de Juiz de Fora (UFJF). Professor efetivo do Instituto de Artes e Design da UFJF desde 2007, onde ministra disciplinas como Hist\u00f3ria e Aprecia\u00e7\u00e3o Musicais (I a IV), \u00d3pera: Arte Total (I a V), Evolu\u00e7\u00e3o da Linguagem Musical, M\u00fasica Moderna e Hist\u00f3ria da M\u00fasica Erudita Brasileira. Comentarista das transmiss\u00f5es &hellip;<\/p>\n","protected":false},"author":1,"featured_media":0,"parent":0,"menu_order":0,"comment_status":"closed","ping_status":"closed","template":"","meta":{"_acf_changed":false,"footnotes":""},"class_list":["post-3992","page","type-page","status-publish","hentry"],"acf":[],"yoast_head":"<!-- This site is optimized with the Yoast SEO plugin v27.4 - https:\/\/yoast.com\/product\/yoast-seo-wordpress\/ -->\n<title>Rodolfo Valverde - \u00d3pera na tela 2023<\/title>\n<meta name=\"robots\" content=\"index, follow, max-snippet:-1, max-image-preview:large, max-video-preview:-1\" \/>\n<link rel=\"canonical\" href=\"https:\/\/operanatela.com\/2023\/rodolfo-valverde\/\" \/>\n<meta property=\"og:locale\" content=\"pt_BR\" \/>\n<meta property=\"og:type\" content=\"article\" \/>\n<meta property=\"og:title\" content=\"Rodolfo Valverde - \u00d3pera na tela 2023\" \/>\n<meta property=\"og:description\" content=\"Doutor Honoris Causa pela Universidade Federal de Juiz de Fora (UFJF). Professor efetivo do Instituto de Artes e Design da UFJF desde 2007, onde ministra disciplinas como Hist\u00f3ria e Aprecia\u00e7\u00e3o Musicais (I a IV), \u00d3pera: Arte Total (I a V), Evolu\u00e7\u00e3o da Linguagem Musical, M\u00fasica Moderna e Hist\u00f3ria da M\u00fasica Erudita Brasileira. Comentarista das transmiss\u00f5es &hellip;\" \/>\n<meta property=\"og:url\" content=\"https:\/\/operanatela.com\/2023\/rodolfo-valverde\/\" \/>\n<meta property=\"og:site_name\" content=\"\u00d3pera na tela 2023\" \/>\n<meta property=\"article:modified_time\" content=\"2023-08-24T20:56:19+00:00\" \/>\n<meta property=\"og:image\" content=\"https:\/\/operanatela.com\/2023\/wp-content\/uploads\/2023\/08\/Foto-Rodolfo-Valverde-200x300.jpg\" \/>\n<meta name=\"twitter:card\" content=\"summary_large_image\" \/>\n<meta name=\"twitter:label1\" content=\"Est. tempo de leitura\" \/>\n\t<meta name=\"twitter:data1\" content=\"2 minutos\" \/>\n<script type=\"application\/ld+json\" class=\"yoast-schema-graph\">{\"@context\":\"https:\\\/\\\/schema.org\",\"@graph\":[{\"@type\":\"WebPage\",\"@id\":\"https:\\\/\\\/operanatela.com\\\/2023\\\/rodolfo-valverde\\\/\",\"url\":\"https:\\\/\\\/operanatela.com\\\/2023\\\/rodolfo-valverde\\\/\",\"name\":\"Rodolfo Valverde - \u00d3pera na tela 2023\",\"isPartOf\":{\"@id\":\"https:\\\/\\\/operanatela.com\\\/2023\\\/#website\"},\"primaryImageOfPage\":{\"@id\":\"https:\\\/\\\/operanatela.com\\\/2023\\\/rodolfo-valverde\\\/#primaryimage\"},\"image\":{\"@id\":\"https:\\\/\\\/operanatela.com\\\/2023\\\/rodolfo-valverde\\\/#primaryimage\"},\"thumbnailUrl\":\"https:\\\/\\\/operanatela.com\\\/2023\\\/wp-content\\\/uploads\\\/2023\\\/08\\\/Foto-Rodolfo-Valverde-200x300.jpg\",\"datePublished\":\"2023-08-24T18:59:13+00:00\",\"dateModified\":\"2023-08-24T20:56:19+00:00\",\"breadcrumb\":{\"@id\":\"https:\\\/\\\/operanatela.com\\\/2023\\\/rodolfo-valverde\\\/#breadcrumb\"},\"inLanguage\":\"pt-BR\",\"potentialAction\":[{\"@type\":\"ReadAction\",\"target\":[\"https:\\\/\\\/operanatela.com\\\/2023\\\/rodolfo-valverde\\\/\"]}]},{\"@type\":\"ImageObject\",\"inLanguage\":\"pt-BR\",\"@id\":\"https:\\\/\\\/operanatela.com\\\/2023\\\/rodolfo-valverde\\\/#primaryimage\",\"url\":\"https:\\\/\\\/operanatela.com\\\/2023\\\/wp-content\\\/uploads\\\/2023\\\/08\\\/Foto-Rodolfo-Valverde.jpg\",\"contentUrl\":\"https:\\\/\\\/operanatela.com\\\/2023\\\/wp-content\\\/uploads\\\/2023\\\/08\\\/Foto-Rodolfo-Valverde.jpg\",\"width\":1000,\"height\":1500},{\"@type\":\"BreadcrumbList\",\"@id\":\"https:\\\/\\\/operanatela.com\\\/2023\\\/rodolfo-valverde\\\/#breadcrumb\",\"itemListElement\":[{\"@type\":\"ListItem\",\"position\":1,\"name\":\"In\u00edcio\",\"item\":\"https:\\\/\\\/operanatela.com\\\/2023\\\/\"},{\"@type\":\"ListItem\",\"position\":2,\"name\":\"Rodolfo Valverde\"}]},{\"@type\":\"WebSite\",\"@id\":\"https:\\\/\\\/operanatela.com\\\/2023\\\/#website\",\"url\":\"https:\\\/\\\/operanatela.com\\\/2023\\\/\",\"name\":\"\u00d3pera na tela 2023\",\"description\":\"O Festival\u00a0\u00d3pera na Tela 2023 proporciona ao p\u00fablico a experi\u00eancia de assistir \u00e0s montagens mais grandiosas da \u00f3pera em tela gigante, com alta qualidade de som e imagem, cadeiras confort\u00e1veis e pre\u00e7os acess\u00edveis.\",\"potentialAction\":[{\"@type\":\"SearchAction\",\"target\":{\"@type\":\"EntryPoint\",\"urlTemplate\":\"https:\\\/\\\/operanatela.com\\\/2023\\\/?s={search_term_string}\"},\"query-input\":{\"@type\":\"PropertyValueSpecification\",\"valueRequired\":true,\"valueName\":\"search_term_string\"}}],\"inLanguage\":\"pt-BR\"}]}<\/script>\n<!-- \/ Yoast SEO plugin. -->","yoast_head_json":{"title":"Rodolfo Valverde - \u00d3pera na tela 2023","robots":{"index":"index","follow":"follow","max-snippet":"max-snippet:-1","max-image-preview":"max-image-preview:large","max-video-preview":"max-video-preview:-1"},"canonical":"https:\/\/operanatela.com\/2023\/rodolfo-valverde\/","og_locale":"pt_BR","og_type":"article","og_title":"Rodolfo Valverde - \u00d3pera na tela 2023","og_description":"Doutor Honoris Causa pela Universidade Federal de Juiz de Fora (UFJF). Professor efetivo do Instituto de Artes e Design da UFJF desde 2007, onde ministra disciplinas como Hist\u00f3ria e Aprecia\u00e7\u00e3o Musicais (I a IV), \u00d3pera: Arte Total (I a V), Evolu\u00e7\u00e3o da Linguagem Musical, M\u00fasica Moderna e Hist\u00f3ria da M\u00fasica Erudita Brasileira. Comentarista das transmiss\u00f5es &hellip;","og_url":"https:\/\/operanatela.com\/2023\/rodolfo-valverde\/","og_site_name":"\u00d3pera na tela 2023","article_modified_time":"2023-08-24T20:56:19+00:00","og_image":[{"url":"https:\/\/operanatela.com\/2023\/wp-content\/uploads\/2023\/08\/Foto-Rodolfo-Valverde-200x300.jpg","type":"","width":"","height":""}],"twitter_card":"summary_large_image","twitter_misc":{"Est. tempo de leitura":"2 minutos"},"schema":{"@context":"https:\/\/schema.org","@graph":[{"@type":"WebPage","@id":"https:\/\/operanatela.com\/2023\/rodolfo-valverde\/","url":"https:\/\/operanatela.com\/2023\/rodolfo-valverde\/","name":"Rodolfo Valverde - \u00d3pera na tela 2023","isPartOf":{"@id":"https:\/\/operanatela.com\/2023\/#website"},"primaryImageOfPage":{"@id":"https:\/\/operanatela.com\/2023\/rodolfo-valverde\/#primaryimage"},"image":{"@id":"https:\/\/operanatela.com\/2023\/rodolfo-valverde\/#primaryimage"},"thumbnailUrl":"https:\/\/operanatela.com\/2023\/wp-content\/uploads\/2023\/08\/Foto-Rodolfo-Valverde-200x300.jpg","datePublished":"2023-08-24T18:59:13+00:00","dateModified":"2023-08-24T20:56:19+00:00","breadcrumb":{"@id":"https:\/\/operanatela.com\/2023\/rodolfo-valverde\/#breadcrumb"},"inLanguage":"pt-BR","potentialAction":[{"@type":"ReadAction","target":["https:\/\/operanatela.com\/2023\/rodolfo-valverde\/"]}]},{"@type":"ImageObject","inLanguage":"pt-BR","@id":"https:\/\/operanatela.com\/2023\/rodolfo-valverde\/#primaryimage","url":"https:\/\/operanatela.com\/2023\/wp-content\/uploads\/2023\/08\/Foto-Rodolfo-Valverde.jpg","contentUrl":"https:\/\/operanatela.com\/2023\/wp-content\/uploads\/2023\/08\/Foto-Rodolfo-Valverde.jpg","width":1000,"height":1500},{"@type":"BreadcrumbList","@id":"https:\/\/operanatela.com\/2023\/rodolfo-valverde\/#breadcrumb","itemListElement":[{"@type":"ListItem","position":1,"name":"In\u00edcio","item":"https:\/\/operanatela.com\/2023\/"},{"@type":"ListItem","position":2,"name":"Rodolfo Valverde"}]},{"@type":"WebSite","@id":"https:\/\/operanatela.com\/2023\/#website","url":"https:\/\/operanatela.com\/2023\/","name":"\u00d3pera na tela 2023","description":"O Festival\u00a0\u00d3pera na Tela 2023 proporciona ao p\u00fablico a experi\u00eancia de assistir \u00e0s montagens mais grandiosas da \u00f3pera em tela gigante, com alta qualidade de som e imagem, cadeiras confort\u00e1veis e pre\u00e7os acess\u00edveis.","potentialAction":[{"@type":"SearchAction","target":{"@type":"EntryPoint","urlTemplate":"https:\/\/operanatela.com\/2023\/?s={search_term_string}"},"query-input":{"@type":"PropertyValueSpecification","valueRequired":true,"valueName":"search_term_string"}}],"inLanguage":"pt-BR"}]}},"_links":{"self":[{"href":"https:\/\/operanatela.com\/2023\/wp-json\/wp\/v2\/pages\/3992","targetHints":{"allow":["GET"]}}],"collection":[{"href":"https:\/\/operanatela.com\/2023\/wp-json\/wp\/v2\/pages"}],"about":[{"href":"https:\/\/operanatela.com\/2023\/wp-json\/wp\/v2\/types\/page"}],"author":[{"embeddable":true,"href":"https:\/\/operanatela.com\/2023\/wp-json\/wp\/v2\/users\/1"}],"replies":[{"embeddable":true,"href":"https:\/\/operanatela.com\/2023\/wp-json\/wp\/v2\/comments?post=3992"}],"version-history":[{"count":12,"href":"https:\/\/operanatela.com\/2023\/wp-json\/wp\/v2\/pages\/3992\/revisions"}],"predecessor-version":[{"id":4012,"href":"https:\/\/operanatela.com\/2023\/wp-json\/wp\/v2\/pages\/3992\/revisions\/4012"}],"wp:attachment":[{"href":"https:\/\/operanatela.com\/2023\/wp-json\/wp\/v2\/media?parent=3992"}],"curies":[{"name":"wp","href":"https:\/\/api.w.org\/{rel}","templated":true}]}}