{"id":1829,"date":"2019-10-02T10:49:15","date_gmt":"2019-10-02T13:49:15","guid":{"rendered":"http:\/\/operanatela.com\/2019\/?page_id=1829"},"modified":"2023-09-19T14:23:58","modified_gmt":"2023-09-19T17:23:58","slug":"ciclo-de-palestras","status":"publish","type":"page","link":"https:\/\/operanatela.com\/2023\/ciclo-de-palestras\/","title":{"rendered":"Ciclo de palestras"},"content":{"rendered":"<p><span style=\"font-size: 14pt;\"><strong>\u00d3pera: Arte Total<\/strong><\/span><\/p>\n<p><span style=\"font-size: 14pt;\">Tr\u00eas palestras gratuitas sobre a hist\u00f3ria da \u00f3pera, ministradas pelo professor e music\u00f3logo <a href=\"https:\/\/operanatela.com\/2023\/rodolfo-valverde\/\" target=\"_blank\" rel=\"noopener\"><strong>Rodolfo Valverde <\/strong><\/a><\/span><\/p>\n<p><span style=\"font-size: 14pt;\">e uma palestra especial da Radio Mec, ministrada por Carina Amorim e Oscar Santiago.<\/span><\/p>\n<p><strong><span style=\"font-size: 14pt;\">Centro Cultural Laura Alvim (Ipanema).<\/span><\/strong><\/p>\n<p><strong><span style=\"font-size: 14pt;\">18, 19, 20 e 22 de setembro de 11h \u00e0s 13h\u00a0<\/span><\/strong><\/p>\n<p><span style=\"font-size: 12pt;\">A mais completa das artes interpretativas, a \u00f3pera \u00e9 uma combina\u00e7\u00e3o plena de m\u00fasica, teatro e literatura. De seu nascimento at\u00e9 os dias atuais, sua evolu\u00e7\u00e3o estil\u00edstica influencia e reflete as transforma\u00e7\u00f5es culturais e art\u00edsticas da sociedade ocidental. Em dois encontros, as caracter\u00edsticas musicais, vocais e dram\u00e1ticas da \u00f3pera ser\u00e3o analisadas atrav\u00e9s da aprecia\u00e7\u00e3o das obras apresentadas na presente edi\u00e7\u00e3o do projeto. Do romantismo de Verdi em Rigoletto \u00e0 Madama Butterly de Puccini e \u00e0 s\u00edntese da l\u00edrica italiana revelada em seu Trittico. Do romantismo franc\u00eas de Gounod em sua vers\u00e3o de Rom\u00e9o et Juliette ao verismo da Carmen de Bizet, passando pelo Hamlet de Ambroise Thomas e \u00e0 s\u00e1tira e joie de vivre de La Vie Parisienne, de Offenbach. Do classicismo de Myslive\u010dek \u00e0 revolu\u00e7\u00e3o do drama musical de Wagner em Das Rheingold, a \u00f3pera \u00e9 viva, a \u00f3pera \u00e9 vida!<br \/>\n<\/span><span style=\"font-size: 12pt;\">Viva a \u00d3pera!<\/span><\/p>\n<hr \/>\n<h2><span style=\"font-size: 12pt;\"><span style=\"font-size: 14pt;\"><strong>18\/09 &#8211; Myslivecek, Il Boemo:<\/strong><\/span><\/span><\/h2>\n<p><span style=\"font-size: 14pt;\">Palestra ministrada por Petr Vaclav, diretor do filme <em>Il Boemo<\/em>, com a participa\u00e7\u00e3o de Rodolfo Valverde. Em franc\u00eas, com tradu\u00e7\u00e3o simult\u00e2nea.<\/span><\/p>\n<p><span style=\"font-size: 12pt;\">Com a participa\u00e7\u00e3o especial do diretor do filme ll Boemo,<strong> Petr Vaclav<\/strong>, que discute a concep\u00e7\u00e3o e realiza\u00e7\u00e3o de seu filme lan\u00e7ado durante o Festival, o encontro aborda a vida e a obra do tcheco Josef Myslivecek (1737-1781). Compositor fundamental para a consolida\u00e7\u00e3o do classicismo musical, mas negligenciado por sua posteridade, Myslivecek tem a sua obra finalmente resgatada, demonstrando que \u00e9 muito mais que o grande influenciador de Mozart.<\/span><\/p>\n<hr \/>\n<h2><span style=\"font-size: 12pt;\"><span style=\"font-size: 14pt;\"><strong>19\/09 &#8211; A \u00d3pera no R\u00e1dio e o Centen\u00e1rio da R\u00e1dio MEC<\/strong><\/span><\/span><\/h2>\n<p><span style=\"font-size: 14pt;\">Palestra ministrada por Carina Amorim e Oscar Santiago.<\/span><\/p>\n<p>Come\u00e7amos pelo<em> Guarany i<\/em>naugurando o r\u00e1dio no Brasil em 1922, passamos pela primeira \u00f3pera transmitida pela r\u00e1dio MEC na d\u00e9cada de 1920: o <em>Amigo Fritz<\/em>, indo por dezenas de transmiss\u00f5es no Municipal do Rio, como a passagem de Maria Callas em 1951, chegando at\u00e9 os dias de hoje com grava\u00e7\u00f5es no Municipal, UFRJ, FAO e at\u00e9 transmiss\u00f5es internacionais com o MET de NY e a BBC.<\/p>\n<hr \/>\n<h2><span style=\"font-size: 14pt;\"><strong>20\/09 &#8211;\u00a0 A \u00d3pera Italiana como fonte e inspira\u00e7\u00e3o: Verdi e Puccini<\/strong><\/span><\/h2>\n<p><span style=\"font-size: 14pt;\">Palestra ministrada por Rodolfo Valverde<\/span><\/p>\n<p><span style=\"font-size: 12pt;\">Em seus s\u00e9culos iniciais, a \u00f3pera italiana \u00e9 a refer\u00eancia absoluta do g\u00eanero em suas transforma\u00e7\u00f5es dram\u00e1ticas e musicais. Neste encontro, a trajet\u00f3ria singular e o impacto sociocultural do estilo italiano ser\u00e3o analisados, dos seus prim\u00f3rdios na obra de Claudio Monteverdi ao \u00e1pice barroco na opera seria de H\u00e4ndel. Do bel canto de Rossini, Bellini e Donizetti ao protagonismo de Giuseppe Verdi e \u00e0 s\u00edntese final de Giacomo Puccini.<\/span><\/p>\n<hr \/>\n<h2><span style=\"font-size: 14pt;\"><strong>22\/09 &#8211; L\u00edrica \u00e0 francesa e a revolu\u00e7\u00e3o germ\u00e2nica: Gounod, Bizet, Thomas, Offenbach e Wagner<\/strong><\/span><\/h2>\n<p><span style=\"font-size: 14pt;\">Palestra ministrada por Rodolfo Valverde<\/span><\/p>\n<p><span style=\"font-size: 12pt;\">Na Paris do s\u00e9culo XIX, capital cultural da Europa, a diversidade de teatros se reflete na pluralidade de g\u00eaneros oper\u00edsticos. Suas caracter\u00edsticas estil\u00edsticas, distin\u00e7\u00f5es e similaridades ser\u00e3o abordadas, do grand op\u00e9ra de Ambroise Thomas ao op\u00e9ra lyrique de Charles Gounod, do op\u00e9ra bouffe de Jacques Offenbach ao op\u00e9ra-comique de Georges Bizet. No mesmo per\u00edodo, a est\u00e9tica rom\u00e2ntica germ\u00e2nica impulsionou a genialidade de Richard Wagner \u00e0 maior revolu\u00e7\u00e3o dram\u00e1tico-musical da hist\u00f3ria da \u00f3pera: a gesamtkunstwerk.<\/span><\/p>\n","protected":false},"excerpt":{"rendered":"<p>\u00d3pera: Arte Total Tr\u00eas palestras gratuitas sobre a hist\u00f3ria da \u00f3pera, ministradas pelo professor e music\u00f3logo Rodolfo Valverde e uma palestra especial da Radio Mec, ministrada por Carina Amorim e Oscar Santiago. Centro Cultural Laura Alvim (Ipanema). 18, 19, 20 e 22 de setembro de 11h \u00e0s 13h\u00a0 A mais completa das artes interpretativas, a &hellip;<\/p>\n","protected":false},"author":1,"featured_media":0,"parent":0,"menu_order":0,"comment_status":"closed","ping_status":"closed","template":"","meta":{"_acf_changed":false,"footnotes":""},"class_list":["post-1829","page","type-page","status-publish","hentry"],"acf":[],"yoast_head":"<!-- This site is optimized with the Yoast SEO plugin v27.4 - https:\/\/yoast.com\/product\/yoast-seo-wordpress\/ -->\n<title>Ciclo de palestras - \u00d3pera na tela 2023<\/title>\n<meta name=\"robots\" content=\"index, follow, max-snippet:-1, max-image-preview:large, max-video-preview:-1\" \/>\n<link rel=\"canonical\" href=\"https:\/\/operanatela.com\/2023\/ciclo-de-palestras\/\" \/>\n<meta property=\"og:locale\" content=\"pt_BR\" \/>\n<meta property=\"og:type\" content=\"article\" \/>\n<meta property=\"og:title\" content=\"Ciclo de palestras - \u00d3pera na tela 2023\" \/>\n<meta property=\"og:description\" content=\"\u00d3pera: Arte Total Tr\u00eas palestras gratuitas sobre a hist\u00f3ria da \u00f3pera, ministradas pelo professor e music\u00f3logo Rodolfo Valverde e uma palestra especial da Radio Mec, ministrada por Carina Amorim e Oscar Santiago. Centro Cultural Laura Alvim (Ipanema). 18, 19, 20 e 22 de setembro de 11h \u00e0s 13h\u00a0 A mais completa das artes interpretativas, a &hellip;\" \/>\n<meta property=\"og:url\" content=\"https:\/\/operanatela.com\/2023\/ciclo-de-palestras\/\" \/>\n<meta property=\"og:site_name\" content=\"\u00d3pera na tela 2023\" \/>\n<meta property=\"article:modified_time\" content=\"2023-09-19T17:23:58+00:00\" \/>\n<meta name=\"twitter:card\" content=\"summary_large_image\" \/>\n<meta name=\"twitter:label1\" content=\"Est. tempo de leitura\" \/>\n\t<meta name=\"twitter:data1\" content=\"4 minutos\" \/>\n<script type=\"application\/ld+json\" class=\"yoast-schema-graph\">{\"@context\":\"https:\\\/\\\/schema.org\",\"@graph\":[{\"@type\":\"WebPage\",\"@id\":\"https:\\\/\\\/operanatela.com\\\/2023\\\/ciclo-de-palestras\\\/\",\"url\":\"https:\\\/\\\/operanatela.com\\\/2023\\\/ciclo-de-palestras\\\/\",\"name\":\"Ciclo de palestras - \u00d3pera na tela 2023\",\"isPartOf\":{\"@id\":\"https:\\\/\\\/operanatela.com\\\/2023\\\/#website\"},\"datePublished\":\"2019-10-02T13:49:15+00:00\",\"dateModified\":\"2023-09-19T17:23:58+00:00\",\"breadcrumb\":{\"@id\":\"https:\\\/\\\/operanatela.com\\\/2023\\\/ciclo-de-palestras\\\/#breadcrumb\"},\"inLanguage\":\"pt-BR\",\"potentialAction\":[{\"@type\":\"ReadAction\",\"target\":[\"https:\\\/\\\/operanatela.com\\\/2023\\\/ciclo-de-palestras\\\/\"]}]},{\"@type\":\"BreadcrumbList\",\"@id\":\"https:\\\/\\\/operanatela.com\\\/2023\\\/ciclo-de-palestras\\\/#breadcrumb\",\"itemListElement\":[{\"@type\":\"ListItem\",\"position\":1,\"name\":\"In\u00edcio\",\"item\":\"https:\\\/\\\/operanatela.com\\\/2023\\\/\"},{\"@type\":\"ListItem\",\"position\":2,\"name\":\"Ciclo de palestras\"}]},{\"@type\":\"WebSite\",\"@id\":\"https:\\\/\\\/operanatela.com\\\/2023\\\/#website\",\"url\":\"https:\\\/\\\/operanatela.com\\\/2023\\\/\",\"name\":\"\u00d3pera na tela 2023\",\"description\":\"O Festival\u00a0\u00d3pera na Tela 2023 proporciona ao p\u00fablico a experi\u00eancia de assistir \u00e0s montagens mais grandiosas da \u00f3pera em tela gigante, com alta qualidade de som e imagem, cadeiras confort\u00e1veis e pre\u00e7os acess\u00edveis.\",\"potentialAction\":[{\"@type\":\"SearchAction\",\"target\":{\"@type\":\"EntryPoint\",\"urlTemplate\":\"https:\\\/\\\/operanatela.com\\\/2023\\\/?s={search_term_string}\"},\"query-input\":{\"@type\":\"PropertyValueSpecification\",\"valueRequired\":true,\"valueName\":\"search_term_string\"}}],\"inLanguage\":\"pt-BR\"}]}<\/script>\n<!-- \/ Yoast SEO plugin. -->","yoast_head_json":{"title":"Ciclo de palestras - \u00d3pera na tela 2023","robots":{"index":"index","follow":"follow","max-snippet":"max-snippet:-1","max-image-preview":"max-image-preview:large","max-video-preview":"max-video-preview:-1"},"canonical":"https:\/\/operanatela.com\/2023\/ciclo-de-palestras\/","og_locale":"pt_BR","og_type":"article","og_title":"Ciclo de palestras - \u00d3pera na tela 2023","og_description":"\u00d3pera: Arte Total Tr\u00eas palestras gratuitas sobre a hist\u00f3ria da \u00f3pera, ministradas pelo professor e music\u00f3logo Rodolfo Valverde e uma palestra especial da Radio Mec, ministrada por Carina Amorim e Oscar Santiago. Centro Cultural Laura Alvim (Ipanema). 18, 19, 20 e 22 de setembro de 11h \u00e0s 13h\u00a0 A mais completa das artes interpretativas, a &hellip;","og_url":"https:\/\/operanatela.com\/2023\/ciclo-de-palestras\/","og_site_name":"\u00d3pera na tela 2023","article_modified_time":"2023-09-19T17:23:58+00:00","twitter_card":"summary_large_image","twitter_misc":{"Est. tempo de leitura":"4 minutos"},"schema":{"@context":"https:\/\/schema.org","@graph":[{"@type":"WebPage","@id":"https:\/\/operanatela.com\/2023\/ciclo-de-palestras\/","url":"https:\/\/operanatela.com\/2023\/ciclo-de-palestras\/","name":"Ciclo de palestras - \u00d3pera na tela 2023","isPartOf":{"@id":"https:\/\/operanatela.com\/2023\/#website"},"datePublished":"2019-10-02T13:49:15+00:00","dateModified":"2023-09-19T17:23:58+00:00","breadcrumb":{"@id":"https:\/\/operanatela.com\/2023\/ciclo-de-palestras\/#breadcrumb"},"inLanguage":"pt-BR","potentialAction":[{"@type":"ReadAction","target":["https:\/\/operanatela.com\/2023\/ciclo-de-palestras\/"]}]},{"@type":"BreadcrumbList","@id":"https:\/\/operanatela.com\/2023\/ciclo-de-palestras\/#breadcrumb","itemListElement":[{"@type":"ListItem","position":1,"name":"In\u00edcio","item":"https:\/\/operanatela.com\/2023\/"},{"@type":"ListItem","position":2,"name":"Ciclo de palestras"}]},{"@type":"WebSite","@id":"https:\/\/operanatela.com\/2023\/#website","url":"https:\/\/operanatela.com\/2023\/","name":"\u00d3pera na tela 2023","description":"O Festival\u00a0\u00d3pera na Tela 2023 proporciona ao p\u00fablico a experi\u00eancia de assistir \u00e0s montagens mais grandiosas da \u00f3pera em tela gigante, com alta qualidade de som e imagem, cadeiras confort\u00e1veis e pre\u00e7os acess\u00edveis.","potentialAction":[{"@type":"SearchAction","target":{"@type":"EntryPoint","urlTemplate":"https:\/\/operanatela.com\/2023\/?s={search_term_string}"},"query-input":{"@type":"PropertyValueSpecification","valueRequired":true,"valueName":"search_term_string"}}],"inLanguage":"pt-BR"}]}},"_links":{"self":[{"href":"https:\/\/operanatela.com\/2023\/wp-json\/wp\/v2\/pages\/1829","targetHints":{"allow":["GET"]}}],"collection":[{"href":"https:\/\/operanatela.com\/2023\/wp-json\/wp\/v2\/pages"}],"about":[{"href":"https:\/\/operanatela.com\/2023\/wp-json\/wp\/v2\/types\/page"}],"author":[{"embeddable":true,"href":"https:\/\/operanatela.com\/2023\/wp-json\/wp\/v2\/users\/1"}],"replies":[{"embeddable":true,"href":"https:\/\/operanatela.com\/2023\/wp-json\/wp\/v2\/comments?post=1829"}],"version-history":[{"count":22,"href":"https:\/\/operanatela.com\/2023\/wp-json\/wp\/v2\/pages\/1829\/revisions"}],"predecessor-version":[{"id":4215,"href":"https:\/\/operanatela.com\/2023\/wp-json\/wp\/v2\/pages\/1829\/revisions\/4215"}],"wp:attachment":[{"href":"https:\/\/operanatela.com\/2023\/wp-json\/wp\/v2\/media?parent=1829"}],"curies":[{"name":"wp","href":"https:\/\/api.w.org\/{rel}","templated":true}]}}